{"id":222642,"date":"2023-11-23T19:52:57","date_gmt":"2023-11-23T18:52:57","guid":{"rendered":"https:\/\/wikilistka.pl\/sklep\/?post_type=product&#038;p=222642"},"modified":"2023-11-23T20:36:25","modified_gmt":"2023-11-23T19:36:25","slug":"pakiet-thingsflow","status":"publish","type":"product","link":"https:\/\/wikilistka.pl\/sklep\/produkt\/pakiet-thingsflow\/","title":{"rendered":"pakiet THINGSFLOW &#8211; \u015bwiadome zarz\u0105dzanie rzeczami"},"content":{"rendered":"<p><strong>Pakiet zawiera:<\/strong><\/p>\n<p>workbook &#8222;Skuteczne Odgracanie Krok po Kroku&#8221; &#8211; wersja elektroniczna .pdf<br \/>\nworkbook &#8222;Udana Domowa wyprzeda\u017c 2.0&#8221; &#8211; wersja elektroniczna .pdf<br \/>\ne-book &#8222;Smartshopping&#8221; &#8211; wersja elektroniczna.pldf<\/p>\n<p>&nbsp;<\/p>\n<p>Natychmiastowa wysy\u0142ka &#8211; dostajesz dost\u0119p do workbook&#8217;\u00f3w mailem , gdy tylko otrzymamy p\u0142atno\u015b\u0107.<\/p>\n<p>&nbsp;<\/p>\n<p>[UZUPE\u0141NI\u0118 DOK\u0141ADNY OPIS WKR\u00d3TCE \ud83d\ude42 ]<\/p>\n<p>&nbsp;<\/p>\n","protected":false},"excerpt":{"rendered":"<p>Chcesz zacz\u0105\u0107 ulepsza\u0107 swoj\u0105 codzienno\u015b\u0107, ale nie wiesz, od czego zacz\u0105\u0107?<br \/>\nZacznij od podstaw.<br \/>\nOgarnij rzeczy dooko\u0142a siebie, pozb\u0105d\u017a si\u0119 tych, kt\u00f3rych ju\u017c nie chcesz,<br \/>\nzyskaj got\u00f3wk\u0119 na te, kt\u00f3re maj\u0105 Ci ulepszy\u0107 \u017cycie.<br \/>\nMa\u0142ymi krokami.<br \/>\nTak si\u0119 zaczynaj\u0105 nawet najwi\u0119ksze zmiany.<\/p>\n<p>Sk\u0105d wiem?<br \/>\nBo ju\u017c to zrobi\u0142am.<br \/>\nIle jest warta ta wiedza?<br \/>\nCo najmniej z 10x tyle, bo wprowadzona w \u017cycie, uczy Ci\u0119, \u017ce zas\u0142ugujesz na wi\u0119cej.<\/p>\n<p><strong>Pakiet zawiera:<\/strong><\/p>\n<p>workbook &#8222;Skuteczne Odgracanie Krok po Kroku&#8221; &#8211; wersja elektroniczna w formacie .pdf<br \/>\n<a href=\"https:\/\/wikilistka.pl\/sklep\/workbook-odgracanie\" target=\"_blank\" rel=\"noopener\">wi\u0119cej poczytasz tutaj<\/a><br \/>\nworkbook &#8222;Udana Domowa wyprzeda\u017c 2.0&#8221; &#8211; wersja elektroniczna w formacie.pdf<br \/>\n<a href=\"https:\/\/wikilistka.pl\/sklep\/workbook-domowa-wyprzedaz rel=\" target=\"_blank\" rel=\"noopener\">wi\u0119cej poczytasz tutaj<\/a><br \/>\ne-book &#8222;Smartshopping&#8221;<\/p>\n<p>Natychmiastowa wysy\u0142ka \u2013 dostajesz dost\u0119p do workbook\u2019\u00f3w mailem , gdy tylko otrzymamy p\u0142atno\u015b\u0107.<\/p>\n","protected":false},"featured_media":222643,"template":"","meta":{"_et_pb_use_builder":"","_et_pb_old_content":"","_et_gb_content_width":""},"product_cat":[91],"product_tag":[],"yoast_head":"<!-- This site is optimized with the Yoast SEO plugin v21.0 - https:\/\/yoast.com\/wordpress\/plugins\/seo\/ -->\n<title>pakiet THINGSFLOW - \u015bwiadome zarz\u0105dzanie rzeczami &bull; SmartLifeBook&#039;i<\/title>\n<meta name=\"robots\" content=\"index, follow, max-snippet:-1, max-image-preview:large, max-video-preview:-1\" \/>\n<link rel=\"canonical\" href=\"https:\/\/wikilistka.pl\/sklep\/produkt\/pakiet-thingsflow\/\" \/>\n<meta property=\"og:locale\" content=\"pl_PL\" \/>\n<meta property=\"og:type\" content=\"article\" \/>\n<meta property=\"og:title\" content=\"pakiet THINGSFLOW - \u015bwiadome zarz\u0105dzanie rzeczami &bull; SmartLifeBook&#039;i\" \/>\n<meta property=\"og:description\" content=\"Chcesz zacz\u0105\u0107 ulepsza\u0107 swoj\u0105 codzienno\u015b\u0107, ale nie wiesz, od czego zacz\u0105\u0107? Zacznij od podstaw. Ogarnij rzeczy dooko\u0142a siebie, pozb\u0105d\u017a si\u0119 tych, kt\u00f3rych ju\u017c nie chcesz, zyskaj got\u00f3wk\u0119 na te, kt\u00f3re maj\u0105 Ci ulepszy\u0107 \u017cycie. Ma\u0142ymi krokami. Tak si\u0119 zaczynaj\u0105 nawet najwi\u0119ksze zmiany.  Sk\u0105d wiem? Bo ju\u017c to zrobi\u0142am. Ile jest warta ta wiedza? Co najmniej z 10x tyle, bo wprowadzona w \u017cycie, uczy Ci\u0119, \u017ce zas\u0142ugujesz na wi\u0119cej.  Pakiet zawiera:  workbook &quot;Skuteczne Odgracanie Krok po Kroku&quot; - wersja elektroniczna w formacie .pdf wi\u0119cej poczytasz tutaj workbook &quot;Udana Domowa wyprzeda\u017c 2.0&quot; - wersja elektroniczna w formacie.pdf wi\u0119cej poczytasz tutaj e-book &quot;Smartshopping&quot;  Natychmiastowa wysy\u0142ka \u2013 dostajesz dost\u0119p do workbook\u2019\u00f3w mailem , gdy tylko otrzymamy p\u0142atno\u015b\u0107.\" \/>\n<meta property=\"og:url\" content=\"https:\/\/wikilistka.pl\/sklep\/produkt\/pakiet-thingsflow\/\" \/>\n<meta property=\"og:site_name\" content=\"SmartLifeBook&#039;i\" \/>\n<meta property=\"article:modified_time\" content=\"2023-11-23T19:36:25+00:00\" \/>\n<meta property=\"og:image\" content=\"https:\/\/wikilistka.pl\/sklep\/wp-content\/uploads\/2023\/11\/Pakiet-THINGSFLOW-1.jpg\" \/>\n\t<meta property=\"og:image:width\" content=\"1080\" \/>\n\t<meta property=\"og:image:height\" content=\"1080\" \/>\n\t<meta property=\"og:image:type\" content=\"image\/jpeg\" \/>\n<meta name=\"twitter:card\" content=\"summary_large_image\" \/>\n<meta name=\"twitter:label1\" content=\"Szacowany czas czytania\" \/>\n\t<meta name=\"twitter:data1\" content=\"1 minuta\" \/>\n<script type=\"application\/ld+json\" class=\"yoast-schema-graph\">{\"@context\":\"https:\/\/schema.org\",\"@graph\":[{\"@type\":\"WebPage\",\"@id\":\"https:\/\/wikilistka.pl\/sklep\/produkt\/pakiet-thingsflow\/\",\"url\":\"https:\/\/wikilistka.pl\/sklep\/produkt\/pakiet-thingsflow\/\",\"name\":\"pakiet THINGSFLOW - \u015bwiadome zarz\u0105dzanie rzeczami &bull; SmartLifeBook&#039;i\",\"isPartOf\":{\"@id\":\"https:\/\/wikilistka.pl\/sklep\/#website\"},\"datePublished\":\"2023-11-23T18:52:57+00:00\",\"dateModified\":\"2023-11-23T19:36:25+00:00\",\"breadcrumb\":{\"@id\":\"https:\/\/wikilistka.pl\/sklep\/produkt\/pakiet-thingsflow\/#breadcrumb\"},\"inLanguage\":\"pl-PL\",\"potentialAction\":[{\"@type\":\"ReadAction\",\"target\":[\"https:\/\/wikilistka.pl\/sklep\/produkt\/pakiet-thingsflow\/\"]}]},{\"@type\":\"BreadcrumbList\",\"@id\":\"https:\/\/wikilistka.pl\/sklep\/produkt\/pakiet-thingsflow\/#breadcrumb\",\"itemListElement\":[{\"@type\":\"ListItem\",\"position\":1,\"name\":\"Strona g\u0142\u00f3wna\",\"item\":\"https:\/\/wikilistka.pl\/sklep\/\"},{\"@type\":\"ListItem\",\"position\":2,\"name\":\"E-book&#8217;i\",\"item\":\"https:\/\/wikilistka.pl\/sklep\/e-booki\/\"},{\"@type\":\"ListItem\",\"position\":3,\"name\":\"pakiet THINGSFLOW &#8211; \u015bwiadome zarz\u0105dzanie rzeczami\"}]},{\"@type\":\"WebSite\",\"@id\":\"https:\/\/wikilistka.pl\/sklep\/#website\",\"url\":\"https:\/\/wikilistka.pl\/sklep\/\",\"name\":\"SmartEDU plakaty edukacyjne dla dzieci | alfabet\",\"description\":\"System efektywnego odgracania \u017cycia\",\"publisher\":{\"@id\":\"https:\/\/wikilistka.pl\/sklep\/#organization\"},\"potentialAction\":[{\"@type\":\"SearchAction\",\"target\":{\"@type\":\"EntryPoint\",\"urlTemplate\":\"https:\/\/wikilistka.pl\/sklep\/?s={search_term_string}\"},\"query-input\":\"required name=search_term_string\"}],\"inLanguage\":\"pl-PL\"},{\"@type\":\"Organization\",\"@id\":\"https:\/\/wikilistka.pl\/sklep\/#organization\",\"name\":\"Plakaty edukacyjne dla dzieci SmartEDU - alfabet, tabliczka mno\u017cenia, cyferki, literki\",\"url\":\"https:\/\/wikilistka.pl\/sklep\/\",\"logo\":{\"@type\":\"ImageObject\",\"inLanguage\":\"pl-PL\",\"@id\":\"https:\/\/wikilistka.pl\/sklep\/#\/schema\/logo\/image\/\",\"url\":\"https:\/\/wikilistka.pl\/sklep\/wp-content\/uploads\/2019\/11\/smartedu-logo-plakaty.png\",\"contentUrl\":\"https:\/\/wikilistka.pl\/sklep\/wp-content\/uploads\/2019\/11\/smartedu-logo-plakaty.png\",\"width\":500,\"height\":500,\"caption\":\"Plakaty edukacyjne dla dzieci SmartEDU - alfabet, tabliczka mno\u017cenia, cyferki, literki\"},\"image\":{\"@id\":\"https:\/\/wikilistka.pl\/sklep\/#\/schema\/logo\/image\/\"}}]}<\/script>\n<!-- \/ Yoast SEO plugin. -->","yoast_head_json":{"title":"pakiet THINGSFLOW - \u015bwiadome zarz\u0105dzanie rzeczami &bull; SmartLifeBook&#039;i","robots":{"index":"index","follow":"follow","max-snippet":"max-snippet:-1","max-image-preview":"max-image-preview:large","max-video-preview":"max-video-preview:-1"},"canonical":"https:\/\/wikilistka.pl\/sklep\/produkt\/pakiet-thingsflow\/","og_locale":"pl_PL","og_type":"article","og_title":"pakiet THINGSFLOW - \u015bwiadome zarz\u0105dzanie rzeczami &bull; SmartLifeBook&#039;i","og_description":"Chcesz zacz\u0105\u0107 ulepsza\u0107 swoj\u0105 codzienno\u015b\u0107, ale nie wiesz, od czego zacz\u0105\u0107? Zacznij od podstaw. Ogarnij rzeczy dooko\u0142a siebie, pozb\u0105d\u017a si\u0119 tych, kt\u00f3rych ju\u017c nie chcesz, zyskaj got\u00f3wk\u0119 na te, kt\u00f3re maj\u0105 Ci ulepszy\u0107 \u017cycie. Ma\u0142ymi krokami. Tak si\u0119 zaczynaj\u0105 nawet najwi\u0119ksze zmiany.  Sk\u0105d wiem? Bo ju\u017c to zrobi\u0142am. Ile jest warta ta wiedza? Co najmniej z 10x tyle, bo wprowadzona w \u017cycie, uczy Ci\u0119, \u017ce zas\u0142ugujesz na wi\u0119cej.  Pakiet zawiera:  workbook \"Skuteczne Odgracanie Krok po Kroku\" - wersja elektroniczna w formacie .pdf wi\u0119cej poczytasz tutaj workbook \"Udana Domowa wyprzeda\u017c 2.0\" - wersja elektroniczna w formacie.pdf wi\u0119cej poczytasz tutaj e-book \"Smartshopping\"  Natychmiastowa wysy\u0142ka \u2013 dostajesz dost\u0119p do workbook\u2019\u00f3w mailem , gdy tylko otrzymamy p\u0142atno\u015b\u0107.","og_url":"https:\/\/wikilistka.pl\/sklep\/produkt\/pakiet-thingsflow\/","og_site_name":"SmartLifeBook&#039;i","article_modified_time":"2023-11-23T19:36:25+00:00","og_image":[{"width":1080,"height":1080,"url":"https:\/\/wikilistka.pl\/sklep\/wp-content\/uploads\/2023\/11\/Pakiet-THINGSFLOW-1.jpg","type":"image\/jpeg"}],"twitter_card":"summary_large_image","twitter_misc":{"Szacowany czas czytania":"1 minuta"},"schema":{"@context":"https:\/\/schema.org","@graph":[{"@type":"WebPage","@id":"https:\/\/wikilistka.pl\/sklep\/produkt\/pakiet-thingsflow\/","url":"https:\/\/wikilistka.pl\/sklep\/produkt\/pakiet-thingsflow\/","name":"pakiet THINGSFLOW - \u015bwiadome zarz\u0105dzanie rzeczami &bull; SmartLifeBook&#039;i","isPartOf":{"@id":"https:\/\/wikilistka.pl\/sklep\/#website"},"datePublished":"2023-11-23T18:52:57+00:00","dateModified":"2023-11-23T19:36:25+00:00","breadcrumb":{"@id":"https:\/\/wikilistka.pl\/sklep\/produkt\/pakiet-thingsflow\/#breadcrumb"},"inLanguage":"pl-PL","potentialAction":[{"@type":"ReadAction","target":["https:\/\/wikilistka.pl\/sklep\/produkt\/pakiet-thingsflow\/"]}]},{"@type":"BreadcrumbList","@id":"https:\/\/wikilistka.pl\/sklep\/produkt\/pakiet-thingsflow\/#breadcrumb","itemListElement":[{"@type":"ListItem","position":1,"name":"Strona g\u0142\u00f3wna","item":"https:\/\/wikilistka.pl\/sklep\/"},{"@type":"ListItem","position":2,"name":"E-book&#8217;i","item":"https:\/\/wikilistka.pl\/sklep\/e-booki\/"},{"@type":"ListItem","position":3,"name":"pakiet THINGSFLOW &#8211; \u015bwiadome zarz\u0105dzanie rzeczami"}]},{"@type":"WebSite","@id":"https:\/\/wikilistka.pl\/sklep\/#website","url":"https:\/\/wikilistka.pl\/sklep\/","name":"SmartEDU plakaty edukacyjne dla dzieci | alfabet","description":"System efektywnego odgracania \u017cycia","publisher":{"@id":"https:\/\/wikilistka.pl\/sklep\/#organization"},"potentialAction":[{"@type":"SearchAction","target":{"@type":"EntryPoint","urlTemplate":"https:\/\/wikilistka.pl\/sklep\/?s={search_term_string}"},"query-input":"required name=search_term_string"}],"inLanguage":"pl-PL"},{"@type":"Organization","@id":"https:\/\/wikilistka.pl\/sklep\/#organization","name":"Plakaty edukacyjne dla dzieci SmartEDU - alfabet, tabliczka mno\u017cenia, cyferki, literki","url":"https:\/\/wikilistka.pl\/sklep\/","logo":{"@type":"ImageObject","inLanguage":"pl-PL","@id":"https:\/\/wikilistka.pl\/sklep\/#\/schema\/logo\/image\/","url":"https:\/\/wikilistka.pl\/sklep\/wp-content\/uploads\/2019\/11\/smartedu-logo-plakaty.png","contentUrl":"https:\/\/wikilistka.pl\/sklep\/wp-content\/uploads\/2019\/11\/smartedu-logo-plakaty.png","width":500,"height":500,"caption":"Plakaty edukacyjne dla dzieci SmartEDU - alfabet, tabliczka mno\u017cenia, cyferki, literki"},"image":{"@id":"https:\/\/wikilistka.pl\/sklep\/#\/schema\/logo\/image\/"}}]}},"_links":{"self":[{"href":"https:\/\/wikilistka.pl\/sklep\/wp-json\/wp\/v2\/product\/222642"}],"collection":[{"href":"https:\/\/wikilistka.pl\/sklep\/wp-json\/wp\/v2\/product"}],"about":[{"href":"https:\/\/wikilistka.pl\/sklep\/wp-json\/wp\/v2\/types\/product"}],"wp:featuredmedia":[{"embeddable":true,"href":"https:\/\/wikilistka.pl\/sklep\/wp-json\/wp\/v2\/media\/222643"}],"wp:attachment":[{"href":"https:\/\/wikilistka.pl\/sklep\/wp-json\/wp\/v2\/media?parent=222642"}],"wp:term":[{"taxonomy":"product_cat","embeddable":true,"href":"https:\/\/wikilistka.pl\/sklep\/wp-json\/wp\/v2\/product_cat?post=222642"},{"taxonomy":"product_tag","embeddable":true,"href":"https:\/\/wikilistka.pl\/sklep\/wp-json\/wp\/v2\/product_tag?post=222642"}],"curies":[{"name":"wp","href":"https:\/\/api.w.org\/{rel}","templated":true}]}}