{"id":222520,"date":"2021-11-27T15:56:58","date_gmt":"2021-11-27T14:56:58","guid":{"rendered":"https:\/\/wikilistka.pl\/sklep\/?post_type=product&#038;p=222520"},"modified":"2023-11-23T20:33:01","modified_gmt":"2023-11-23T19:33:01","slug":"basic-foto-6-presetow-do-lightroom-i-e-book","status":"publish","type":"product","link":"https:\/\/wikilistka.pl\/sklep\/produkt\/basic-foto-6-presetow-do-lightroom-i-e-book\/","title":{"rendered":"BASIC FOTO 6 preset\u00f3w+ e-book &#8222;Magia obr\u00f3bki zdj\u0119\u0107 dla pocz\u0105tkuj\u0105cych&#8221;"},"content":{"rendered":"","protected":false},"excerpt":{"rendered":"<p><strong>BASIC FOTO to idealny zestaw dla Ciebie, je\u015bli chcesz zacz\u0105\u0107 swoj\u0105 przygod\u0119 z obr\u00f3bk\u0105 zdj\u0119\u0107!<\/strong><\/p>\n<p>Zestaw zawiera:<\/p>\n<ul>\n<li>paczk\u0119 6 preset\u00f3w BASIC, uniwersalnych, kt\u00f3re pomog\u0105 CI obrobi\u0107 zdj\u0119cia jednym klikni\u0119ciem<\/li>\n<li>e-book &#8222;Magia obr\u00f3bki zdj\u0119\u0107 dla pocz\u0105tkuj\u0105cych&#8221;, kt\u00f3ry krok po kroku poprowadzi Ci\u0119 przez wszystkie funkcje obr\u00f3bki zdj\u0119\u0107 w darmowej aplikacji Lightroom na telefon.<\/li>\n<\/ul>\n<p>Dzi\u0119ki temu zestawowi nauczysz si\u0119 nie tylko nanosi\u0107 preset na zdj\u0119cia, ale tak\u017ce dopasowa\u0107 go do swojego zdj\u0119cia, a nawet obrobi\u0107 swoje zdj\u0119cie ca\u0142kowicie od podstaw i &#8230;stworzy\u0107 w\u0142asny preset!<\/p>\n<p><strong><em>*CZYM S\u0104 PRESETY?<\/em><\/strong><br \/>\n<em>Preset to zestaw gotowych ustawie\u0144, kt\u00f3re po wgraniu do darmowej aplikacji Lightroom Mobile, pozwalaj\u0105 na obr\u00f3bk\u0119 zdj\u0119cia \u201ejednym klikni\u0119ciem\u201d i uzyskanie efektu, kt\u00f3ry jest \u201ezaprogramowany\u201d w danym presecie. Z polskiego na nasze\u00a0<img decoding=\"async\" class=\"emoji\" role=\"img\" draggable=\"false\" src=\"https:\/\/s.w.org\/images\/core\/emoji\/13.1.0\/svg\/1f609.svg\" alt=\"?\" \/>\u00a0\u2013 importujesz sobie preset i p\u00f3\u017aniej jednym klikni\u0119ciem, przy pomocy presetu JEDNOCZE\u015aNIE poprawiasz w swoim zdj\u0119ciu np. jasno\u015b\u0107, kontrast, nasycenie kolor\u00f3w, wyostrzenie i inne parametry. Dzi\u0119ki presetom nie musisz si\u0119 bawi\u0107 po kolei ka\u017cdym z suwak\u00f3w, tylko uzyskujesz gotowy efekt\u00a0<img decoding=\"async\" class=\"emoji\" role=\"img\" draggable=\"false\" src=\"https:\/\/s.w.org\/images\/core\/emoji\/13.1.0\/svg\/1f642.svg\" alt=\"?\" \/><\/em><\/p>\n<p><strong>Warto\u015b\u0107 produkt\u00f3w z zestawu to a\u017c 128 zl<\/strong><\/p>\n","protected":false},"featured_media":222516,"template":"","meta":{"_et_pb_use_builder":"","_et_pb_old_content":"","_et_gb_content_width":""},"product_cat":[91,83],"product_tag":[89,88],"yoast_head":"<!-- This site is optimized with the Yoast SEO plugin v21.0 - https:\/\/yoast.com\/wordpress\/plugins\/seo\/ -->\n<title>BASIC FOTO 6 preset\u00f3w+ e-book &quot;Magia obr\u00f3bki zdj\u0119\u0107 dla pocz\u0105tkuj\u0105cych&quot; &bull; SmartLifeBook&#039;i<\/title>\n<meta name=\"robots\" content=\"index, follow, max-snippet:-1, max-image-preview:large, max-video-preview:-1\" \/>\n<link rel=\"canonical\" href=\"https:\/\/wikilistka.pl\/sklep\/produkt\/basic-foto-6-presetow-do-lightroom-i-e-book\/\" \/>\n<meta property=\"og:locale\" content=\"pl_PL\" \/>\n<meta property=\"og:type\" content=\"article\" \/>\n<meta property=\"og:title\" content=\"BASIC FOTO 6 preset\u00f3w+ e-book &quot;Magia obr\u00f3bki zdj\u0119\u0107 dla pocz\u0105tkuj\u0105cych&quot; &bull; SmartLifeBook&#039;i\" \/>\n<meta property=\"og:description\" content=\"BASIC FOTO to idealny zestaw dla Ciebie, je\u015bli chcesz zacz\u0105\u0107 swoj\u0105 przygod\u0119 z obr\u00f3bk\u0105 zdj\u0119\u0107!  Zestaw zawiera:   paczk\u0119 6 preset\u00f3w BASIC, uniwersalnych, kt\u00f3re pomog\u0105 CI obrobi\u0107 zdj\u0119cia jednym klikni\u0119ciem  e-book &quot;Magia obr\u00f3bki zdj\u0119\u0107 dla pocz\u0105tkuj\u0105cych&quot;, kt\u00f3ry krok po kroku poprowadzi Ci\u0119 przez wszystkie funkcje obr\u00f3bki zdj\u0119\u0107 w darmowej aplikacji Lightroom na telefon.  Dzi\u0119ki temu zestawowi nauczysz si\u0119 nie tylko nanosi\u0107 preset na zdj\u0119cia, ale tak\u017ce dopasowa\u0107 go do swojego zdj\u0119cia, a nawet obrobi\u0107 swoje zdj\u0119cie ca\u0142kowicie od podstaw i ...stworzy\u0107 w\u0142asny preset!  *CZYM S\u0104 PRESETY? Preset to zestaw gotowych ustawie\u0144, kt\u00f3re po wgraniu do darmowej aplikacji Lightroom Mobile, pozwalaj\u0105 na obr\u00f3bk\u0119 zdj\u0119cia \u201ejednym klikni\u0119ciem\u201d i uzyskanie efektu, kt\u00f3ry jest \u201ezaprogramowany\u201d w danym presecie. Z polskiego na nasze\u00a0\u00a0\u2013 importujesz sobie preset i p\u00f3\u017aniej jednym klikni\u0119ciem, przy pomocy presetu JEDNOCZE\u015aNIE poprawiasz w swoim zdj\u0119ciu np. jasno\u015b\u0107, kontrast, nasycenie kolor\u00f3w, wyostrzenie i inne parametry. Dzi\u0119ki presetom nie musisz si\u0119 bawi\u0107 po kolei ka\u017cdym z suwak\u00f3w, tylko uzyskujesz gotowy efekt\u00a0  Warto\u015b\u0107 produkt\u00f3w z zestawu to a\u017c 128 zl\" \/>\n<meta property=\"og:url\" content=\"https:\/\/wikilistka.pl\/sklep\/produkt\/basic-foto-6-presetow-do-lightroom-i-e-book\/\" \/>\n<meta property=\"og:site_name\" content=\"SmartLifeBook&#039;i\" \/>\n<meta property=\"article:modified_time\" content=\"2023-11-23T19:33:01+00:00\" \/>\n<meta property=\"og:image\" content=\"https:\/\/wikilistka.pl\/sklep\/wp-content\/uploads\/2021\/11\/3.jpg\" \/>\n\t<meta property=\"og:image:width\" content=\"1080\" \/>\n\t<meta property=\"og:image:height\" content=\"1080\" \/>\n\t<meta property=\"og:image:type\" content=\"image\/jpeg\" \/>\n<meta name=\"twitter:card\" content=\"summary_large_image\" \/>\n<script type=\"application\/ld+json\" class=\"yoast-schema-graph\">{\"@context\":\"https:\/\/schema.org\",\"@graph\":[{\"@type\":\"WebPage\",\"@id\":\"https:\/\/wikilistka.pl\/sklep\/produkt\/basic-foto-6-presetow-do-lightroom-i-e-book\/\",\"url\":\"https:\/\/wikilistka.pl\/sklep\/produkt\/basic-foto-6-presetow-do-lightroom-i-e-book\/\",\"name\":\"BASIC FOTO 6 preset\u00f3w+ e-book \\\"Magia obr\u00f3bki zdj\u0119\u0107 dla pocz\u0105tkuj\u0105cych\\\" &bull; SmartLifeBook&#039;i\",\"isPartOf\":{\"@id\":\"https:\/\/wikilistka.pl\/sklep\/#website\"},\"datePublished\":\"2021-11-27T14:56:58+00:00\",\"dateModified\":\"2023-11-23T19:33:01+00:00\",\"breadcrumb\":{\"@id\":\"https:\/\/wikilistka.pl\/sklep\/produkt\/basic-foto-6-presetow-do-lightroom-i-e-book\/#breadcrumb\"},\"inLanguage\":\"pl-PL\",\"potentialAction\":[{\"@type\":\"ReadAction\",\"target\":[\"https:\/\/wikilistka.pl\/sklep\/produkt\/basic-foto-6-presetow-do-lightroom-i-e-book\/\"]}]},{\"@type\":\"BreadcrumbList\",\"@id\":\"https:\/\/wikilistka.pl\/sklep\/produkt\/basic-foto-6-presetow-do-lightroom-i-e-book\/#breadcrumb\",\"itemListElement\":[{\"@type\":\"ListItem\",\"position\":1,\"name\":\"Strona g\u0142\u00f3wna\",\"item\":\"https:\/\/wikilistka.pl\/sklep\/\"},{\"@type\":\"ListItem\",\"position\":2,\"name\":\"E-book&#8217;i\",\"item\":\"https:\/\/wikilistka.pl\/sklep\/e-booki\/\"},{\"@type\":\"ListItem\",\"position\":3,\"name\":\"BASIC FOTO 6 preset\u00f3w+ e-book &#8222;Magia obr\u00f3bki zdj\u0119\u0107 dla pocz\u0105tkuj\u0105cych&#8221;\"}]},{\"@type\":\"WebSite\",\"@id\":\"https:\/\/wikilistka.pl\/sklep\/#website\",\"url\":\"https:\/\/wikilistka.pl\/sklep\/\",\"name\":\"SmartEDU plakaty edukacyjne dla dzieci | alfabet\",\"description\":\"System efektywnego odgracania \u017cycia\",\"publisher\":{\"@id\":\"https:\/\/wikilistka.pl\/sklep\/#organization\"},\"potentialAction\":[{\"@type\":\"SearchAction\",\"target\":{\"@type\":\"EntryPoint\",\"urlTemplate\":\"https:\/\/wikilistka.pl\/sklep\/?s={search_term_string}\"},\"query-input\":\"required name=search_term_string\"}],\"inLanguage\":\"pl-PL\"},{\"@type\":\"Organization\",\"@id\":\"https:\/\/wikilistka.pl\/sklep\/#organization\",\"name\":\"Plakaty edukacyjne dla dzieci SmartEDU - alfabet, tabliczka mno\u017cenia, cyferki, literki\",\"url\":\"https:\/\/wikilistka.pl\/sklep\/\",\"logo\":{\"@type\":\"ImageObject\",\"inLanguage\":\"pl-PL\",\"@id\":\"https:\/\/wikilistka.pl\/sklep\/#\/schema\/logo\/image\/\",\"url\":\"https:\/\/wikilistka.pl\/sklep\/wp-content\/uploads\/2019\/11\/smartedu-logo-plakaty.png\",\"contentUrl\":\"https:\/\/wikilistka.pl\/sklep\/wp-content\/uploads\/2019\/11\/smartedu-logo-plakaty.png\",\"width\":500,\"height\":500,\"caption\":\"Plakaty edukacyjne dla dzieci SmartEDU - alfabet, tabliczka mno\u017cenia, cyferki, literki\"},\"image\":{\"@id\":\"https:\/\/wikilistka.pl\/sklep\/#\/schema\/logo\/image\/\"}}]}<\/script>\n<!-- \/ Yoast SEO plugin. -->","yoast_head_json":{"title":"BASIC FOTO 6 preset\u00f3w+ e-book \"Magia obr\u00f3bki zdj\u0119\u0107 dla pocz\u0105tkuj\u0105cych\" &bull; SmartLifeBook&#039;i","robots":{"index":"index","follow":"follow","max-snippet":"max-snippet:-1","max-image-preview":"max-image-preview:large","max-video-preview":"max-video-preview:-1"},"canonical":"https:\/\/wikilistka.pl\/sklep\/produkt\/basic-foto-6-presetow-do-lightroom-i-e-book\/","og_locale":"pl_PL","og_type":"article","og_title":"BASIC FOTO 6 preset\u00f3w+ e-book \"Magia obr\u00f3bki zdj\u0119\u0107 dla pocz\u0105tkuj\u0105cych\" &bull; SmartLifeBook&#039;i","og_description":"BASIC FOTO to idealny zestaw dla Ciebie, je\u015bli chcesz zacz\u0105\u0107 swoj\u0105 przygod\u0119 z obr\u00f3bk\u0105 zdj\u0119\u0107!  Zestaw zawiera:   paczk\u0119 6 preset\u00f3w BASIC, uniwersalnych, kt\u00f3re pomog\u0105 CI obrobi\u0107 zdj\u0119cia jednym klikni\u0119ciem  e-book \"Magia obr\u00f3bki zdj\u0119\u0107 dla pocz\u0105tkuj\u0105cych\", kt\u00f3ry krok po kroku poprowadzi Ci\u0119 przez wszystkie funkcje obr\u00f3bki zdj\u0119\u0107 w darmowej aplikacji Lightroom na telefon.  Dzi\u0119ki temu zestawowi nauczysz si\u0119 nie tylko nanosi\u0107 preset na zdj\u0119cia, ale tak\u017ce dopasowa\u0107 go do swojego zdj\u0119cia, a nawet obrobi\u0107 swoje zdj\u0119cie ca\u0142kowicie od podstaw i ...stworzy\u0107 w\u0142asny preset!  *CZYM S\u0104 PRESETY? Preset to zestaw gotowych ustawie\u0144, kt\u00f3re po wgraniu do darmowej aplikacji Lightroom Mobile, pozwalaj\u0105 na obr\u00f3bk\u0119 zdj\u0119cia \u201ejednym klikni\u0119ciem\u201d i uzyskanie efektu, kt\u00f3ry jest \u201ezaprogramowany\u201d w danym presecie. Z polskiego na nasze\u00a0\u00a0\u2013 importujesz sobie preset i p\u00f3\u017aniej jednym klikni\u0119ciem, przy pomocy presetu JEDNOCZE\u015aNIE poprawiasz w swoim zdj\u0119ciu np. jasno\u015b\u0107, kontrast, nasycenie kolor\u00f3w, wyostrzenie i inne parametry. Dzi\u0119ki presetom nie musisz si\u0119 bawi\u0107 po kolei ka\u017cdym z suwak\u00f3w, tylko uzyskujesz gotowy efekt\u00a0  Warto\u015b\u0107 produkt\u00f3w z zestawu to a\u017c 128 zl","og_url":"https:\/\/wikilistka.pl\/sklep\/produkt\/basic-foto-6-presetow-do-lightroom-i-e-book\/","og_site_name":"SmartLifeBook&#039;i","article_modified_time":"2023-11-23T19:33:01+00:00","og_image":[{"width":1080,"height":1080,"url":"https:\/\/wikilistka.pl\/sklep\/wp-content\/uploads\/2021\/11\/3.jpg","type":"image\/jpeg"}],"twitter_card":"summary_large_image","schema":{"@context":"https:\/\/schema.org","@graph":[{"@type":"WebPage","@id":"https:\/\/wikilistka.pl\/sklep\/produkt\/basic-foto-6-presetow-do-lightroom-i-e-book\/","url":"https:\/\/wikilistka.pl\/sklep\/produkt\/basic-foto-6-presetow-do-lightroom-i-e-book\/","name":"BASIC FOTO 6 preset\u00f3w+ e-book \"Magia obr\u00f3bki zdj\u0119\u0107 dla pocz\u0105tkuj\u0105cych\" &bull; SmartLifeBook&#039;i","isPartOf":{"@id":"https:\/\/wikilistka.pl\/sklep\/#website"},"datePublished":"2021-11-27T14:56:58+00:00","dateModified":"2023-11-23T19:33:01+00:00","breadcrumb":{"@id":"https:\/\/wikilistka.pl\/sklep\/produkt\/basic-foto-6-presetow-do-lightroom-i-e-book\/#breadcrumb"},"inLanguage":"pl-PL","potentialAction":[{"@type":"ReadAction","target":["https:\/\/wikilistka.pl\/sklep\/produkt\/basic-foto-6-presetow-do-lightroom-i-e-book\/"]}]},{"@type":"BreadcrumbList","@id":"https:\/\/wikilistka.pl\/sklep\/produkt\/basic-foto-6-presetow-do-lightroom-i-e-book\/#breadcrumb","itemListElement":[{"@type":"ListItem","position":1,"name":"Strona g\u0142\u00f3wna","item":"https:\/\/wikilistka.pl\/sklep\/"},{"@type":"ListItem","position":2,"name":"E-book&#8217;i","item":"https:\/\/wikilistka.pl\/sklep\/e-booki\/"},{"@type":"ListItem","position":3,"name":"BASIC FOTO 6 preset\u00f3w+ e-book &#8222;Magia obr\u00f3bki zdj\u0119\u0107 dla pocz\u0105tkuj\u0105cych&#8221;"}]},{"@type":"WebSite","@id":"https:\/\/wikilistka.pl\/sklep\/#website","url":"https:\/\/wikilistka.pl\/sklep\/","name":"SmartEDU plakaty edukacyjne dla dzieci | alfabet","description":"System efektywnego odgracania \u017cycia","publisher":{"@id":"https:\/\/wikilistka.pl\/sklep\/#organization"},"potentialAction":[{"@type":"SearchAction","target":{"@type":"EntryPoint","urlTemplate":"https:\/\/wikilistka.pl\/sklep\/?s={search_term_string}"},"query-input":"required name=search_term_string"}],"inLanguage":"pl-PL"},{"@type":"Organization","@id":"https:\/\/wikilistka.pl\/sklep\/#organization","name":"Plakaty edukacyjne dla dzieci SmartEDU - alfabet, tabliczka mno\u017cenia, cyferki, literki","url":"https:\/\/wikilistka.pl\/sklep\/","logo":{"@type":"ImageObject","inLanguage":"pl-PL","@id":"https:\/\/wikilistka.pl\/sklep\/#\/schema\/logo\/image\/","url":"https:\/\/wikilistka.pl\/sklep\/wp-content\/uploads\/2019\/11\/smartedu-logo-plakaty.png","contentUrl":"https:\/\/wikilistka.pl\/sklep\/wp-content\/uploads\/2019\/11\/smartedu-logo-plakaty.png","width":500,"height":500,"caption":"Plakaty edukacyjne dla dzieci SmartEDU - alfabet, tabliczka mno\u017cenia, cyferki, literki"},"image":{"@id":"https:\/\/wikilistka.pl\/sklep\/#\/schema\/logo\/image\/"}}]}},"_links":{"self":[{"href":"https:\/\/wikilistka.pl\/sklep\/wp-json\/wp\/v2\/product\/222520"}],"collection":[{"href":"https:\/\/wikilistka.pl\/sklep\/wp-json\/wp\/v2\/product"}],"about":[{"href":"https:\/\/wikilistka.pl\/sklep\/wp-json\/wp\/v2\/types\/product"}],"wp:featuredmedia":[{"embeddable":true,"href":"https:\/\/wikilistka.pl\/sklep\/wp-json\/wp\/v2\/media\/222516"}],"wp:attachment":[{"href":"https:\/\/wikilistka.pl\/sklep\/wp-json\/wp\/v2\/media?parent=222520"}],"wp:term":[{"taxonomy":"product_cat","embeddable":true,"href":"https:\/\/wikilistka.pl\/sklep\/wp-json\/wp\/v2\/product_cat?post=222520"},{"taxonomy":"product_tag","embeddable":true,"href":"https:\/\/wikilistka.pl\/sklep\/wp-json\/wp\/v2\/product_tag?post=222520"}],"curies":[{"name":"wp","href":"https:\/\/api.w.org\/{rel}","templated":true}]}}