{"id":222291,"date":"2021-08-09T17:06:08","date_gmt":"2021-08-09T15:06:08","guid":{"rendered":"https:\/\/wikilistka.pl\/sklep\/?post_type=product&#038;p=222291"},"modified":"2023-11-03T01:08:20","modified_gmt":"2023-11-03T00:08:20","slug":"magia-obrobki-zdjec-podstawy","status":"publish","type":"product","link":"https:\/\/wikilistka.pl\/sklep\/produkt\/magia-obrobki-zdjec-podstawy\/","title":{"rendered":"Magia obr\u00f3bki zdj\u0119\u0107. Podstawy."},"content":{"rendered":"<p>[et_pb_section fb_built=&#8221;1&#8243; _builder_version=&#8221;3.22&#8243; custom_padding=&#8221;0px||||false|false&#8221;][et_pb_row _builder_version=&#8221;3.25&#8243; background_size=&#8221;initial&#8221; background_position=&#8221;top_left&#8221; background_repeat=&#8221;repeat&#8221; width=&#8221;100%&#8221; custom_padding=&#8221;0px||0px||false|false&#8221;][et_pb_column type=&#8221;4_4&#8243; _builder_version=&#8221;3.25&#8243; custom_padding=&#8221;|||&#8221; custom_padding__hover=&#8221;|||&#8221;][et_pb_wc_breadcrumb _builder_version=&#8221;3.0.47&#8243;][\/et_pb_wc_breadcrumb][et_pb_wc_cart_notice _builder_version=&#8221;3.0.47&#8243;][\/et_pb_wc_cart_notice][\/et_pb_column][\/et_pb_row][et_pb_row column_structure=&#8221;1_2,1_2&#8243; _builder_version=&#8221;3.25&#8243; background_size=&#8221;initial&#8221; background_position=&#8221;top_left&#8221; background_repeat=&#8221;repeat&#8221; width=&#8221;100%&#8221; custom_padding=&#8221;0px||||false|false&#8221;][et_pb_column type=&#8221;1_2&#8243; _builder_version=&#8221;3.25&#8243; custom_padding=&#8221;|||&#8221; custom_padding__hover=&#8221;|||&#8221;][et_pb_wc_images _builder_version=&#8221;3.0.47&#8243;][\/et_pb_wc_images][\/et_pb_column][et_pb_column type=&#8221;1_2&#8243; _builder_version=&#8221;3.25&#8243; custom_padding=&#8221;|||&#8221; custom_padding__hover=&#8221;|||&#8221;][et_pb_wc_title _builder_version=&#8221;3.0.47&#8243;][\/et_pb_wc_title][et_pb_wc_rating _builder_version=&#8221;3.0.47&#8243;][\/et_pb_wc_rating][et_pb_wc_price _builder_version=&#8221;3.0.47&#8243;][\/et_pb_wc_price][et_pb_wc_description _builder_version=&#8221;3.0.47&#8243;][\/et_pb_wc_description][et_pb_wc_add_to_cart _builder_version=&#8221;3.0.47&#8243;][\/et_pb_wc_add_to_cart][et_pb_wc_meta _builder_version=&#8221;3.0.47&#8243;][\/et_pb_wc_meta][\/et_pb_column][\/et_pb_row][et_pb_row column_structure=&#8221;1_2,1_2&#8243; _builder_version=&#8221;4.9.7&#8243; _module_preset=&#8221;default&#8221;][et_pb_column type=&#8221;1_2&#8243; _builder_version=&#8221;4.9.7&#8243; _module_preset=&#8221;default&#8221;][et_pb_image src=&#8221;https:\/\/wikilistka.pl\/sklep\/wp-content\/uploads\/2021\/08\/ebook-magia-obrobki-zdjec-podstawy-by-wikilistka-przykladowa-strona-1.jpg&#8221; alt=&#8221;Ebook &#8211; Magia obr\u00f3bki zdj\u0119\u0107. Podstawy by Wikilistka&#8221; title_text=&#8221;ebook-magia-obrobki-zdjec-podstawy-by-wikilistka-przykladowa-strona-1&#8243; _builder_version=&#8221;4.9.7&#8243; _module_preset=&#8221;default&#8221;][\/et_pb_image][\/et_pb_column][et_pb_column type=&#8221;1_2&#8243; _builder_version=&#8221;4.9.7&#8243; _module_preset=&#8221;default&#8221;][et_pb_text _builder_version=&#8221;4.9.7&#8243; _module_preset=&#8221;default&#8221;]<\/p>\n<p>Przygotowa\u0142am dla Ciebie 63 strony konkret\u00f3w, opis\u00f3w i przyk\u0142ad\u00f3w dzia\u0142ania poszczeg\u00f3lnych narz\u0119dzi, a tak\u017ce przydatne triki, z kt\u00f3rych sama korzystam podczas mojej pracy ze zdj\u0119ciami.<\/p>\n<p>W e-booku \u201cMagia obr\u00f3bki zdj\u0119\u0107\u201d znajdziesz m.in. odpowiedzi na pytania takie jak:<\/p>\n<ul>\n<li aria-level=\"1\">jakie s\u0105 dwie drogi obr\u00f3bki zdj\u0119\u0107 w Lightroomie<\/li>\n<\/ul>\n<ul>\n<li aria-level=\"1\">jak korzysta\u0107 z preset\u00f3w, by maksymalnie je wykorzysta\u0107<\/li>\n<\/ul>\n<ul>\n<li aria-level=\"1\">jak dopasowa\u0107 presety do swoich preferencji i z ich pomoc\u0105 uczy\u0107 si\u0119 obr\u00f3bki<\/li>\n<\/ul>\n<ul>\n<li aria-level=\"1\">do czego s\u0142u\u017c\u0105 te wszystkie suwaczki, czyli obr\u00f3bka zdj\u0119cia krok po kroku<\/li>\n<\/ul>\n<ul>\n<li aria-level=\"1\">jaka to jest \u201cdobra\u201d obr\u00f3bka zdj\u0119cia\u00a0<\/li>\n<\/ul>\n<ul>\n<li aria-level=\"1\">jak skopiowa\u0107 ustawienia na inne zdj\u0119cia<\/li>\n<\/ul>\n<ul>\n<li aria-level=\"1\">jak utworzy\u0107 sw\u00f3j w\u0142asny preset<\/li>\n<\/ul>\n<ul>\n<li aria-level=\"1\">jak zapisa\u0107 zdj\u0119cie, aby nie straci\u0142o na jako\u015bci<\/li>\n<\/ul>\n<p>&nbsp;<\/p>\n<p>[\/et_pb_text][\/et_pb_column][\/et_pb_row][et_pb_row _builder_version=&#8221;4.9.7&#8243; _module_preset=&#8221;default&#8221;][et_pb_column type=&#8221;4_4&#8243; _builder_version=&#8221;4.9.7&#8243; _module_preset=&#8221;default&#8221;][et_pb_text _builder_version=&#8221;4.9.7&#8243; _module_preset=&#8221;default&#8221; text_font_size=&#8221;20px&#8221; header_3_font_size=&#8221;30px&#8221;]<\/p>\n<h3 style=\"text-align: center;\"><b>W PAKIECIE SI\u0118 OP\u0141ACA!\u00a0<\/b><\/h3>\n<p style=\"text-align: center;\">E-book \u201cMagia obr\u00f3bki zdj\u0119\u0107\u201d jest idealnym uzupe\u0142nieniem preset\u00f3w, kt\u00f3re znajdziesz w moim sklepie, dlatego kupuj\u0105c dowoln\u0105 paczk\u0119 preset\u00f3w e-book\u2019a mo\u017cesz kupi\u0107 a\u017c 30% taniej od obowi\u0105zuj\u0105cej ceny! Dodaj wybrane presety do koszyka, a oferta na e-booka w ni\u017cszej cenie wyskoczy Ci w formie okienka : )<\/p>\n<p>[\/et_pb_text][\/et_pb_column][\/et_pb_row][et_pb_row _builder_version=&#8221;3.25&#8243; background_size=&#8221;initial&#8221; background_position=&#8221;top_left&#8221; background_repeat=&#8221;repeat&#8221; width=&#8221;100%&#8221;][et_pb_column type=&#8221;4_4&#8243; _builder_version=&#8221;3.25&#8243; custom_padding=&#8221;|||&#8221; custom_padding__hover=&#8221;|||&#8221;][et_pb_wc_upsells columns_number=&#8221;3&#8243; _builder_version=&#8221;3.0.47&#8243;][\/et_pb_wc_upsells][et_pb_wc_related_products columns_number=&#8221;3&#8243; _builder_version=&#8221;3.0.47&#8243;][\/et_pb_wc_related_products][\/et_pb_column][\/et_pb_row][\/et_pb_section]<\/p>\n","protected":false},"excerpt":{"rendered":"<p><strong>\u201cMagia obr\u00f3bki zdj\u0119\u0107. Podstawy. Jak szybko poprawi\u0107 zdj\u0119cia w darmowej aplikacji Lightroom Mobile na telefonie?\u201d<\/strong> to podr\u0119cznik w formie e-booka, dla ka\u017cdego, kto chce szybko nauczy\u0107 si\u0119 od podstaw i krok po kroku obr\u00f3bki zdj\u0119\u0107 w darmowej aplikacji Lightroom Mobile na telefon \/ iPad.<\/p>\n<ul>\n<li><span style=\"font-weight: 400;\">Format: PDF<\/span><\/li>\n<li>Ilo\u015b\u0107 stron: 63<\/li>\n<li>Dostawa: mailem, natychmiast po zakupie<\/li>\n<\/ul>\n","protected":false},"featured_media":222292,"template":"","meta":{"_et_pb_use_builder":"on","_et_pb_old_content":"","_et_gb_content_width":""},"product_cat":[82,83],"product_tag":[],"yoast_head":"<!-- This site is optimized with the Yoast SEO plugin v21.0 - https:\/\/yoast.com\/wordpress\/plugins\/seo\/ -->\n<title>Magia obr\u00f3bki zdj\u0119\u0107. Podstawy.<\/title>\n<meta name=\"description\" content=\"Preset GOLD BASIC nadaje si\u0119 do ka\u017cdego w miar\u0119 poprawnie na\u015bwietlonego zdj\u0119cia, poniewa\u017c nie ingeruje w barwy i odcienie.\" \/>\n<meta name=\"robots\" content=\"index, follow, max-snippet:-1, max-image-preview:large, max-video-preview:-1\" \/>\n<link rel=\"canonical\" href=\"https:\/\/wikilistka.pl\/sklep\/produkt\/magia-obrobki-zdjec-podstawy\/\" \/>\n<meta property=\"og:locale\" content=\"pl_PL\" \/>\n<meta property=\"og:type\" content=\"article\" \/>\n<meta property=\"og:title\" content=\"Magia obr\u00f3bki zdj\u0119\u0107. Podstawy.\" \/>\n<meta property=\"og:description\" content=\"Preset GOLD BASIC nadaje si\u0119 do ka\u017cdego w miar\u0119 poprawnie na\u015bwietlonego zdj\u0119cia, poniewa\u017c nie ingeruje w barwy i odcienie.\" \/>\n<meta property=\"og:url\" content=\"https:\/\/wikilistka.pl\/sklep\/produkt\/magia-obrobki-zdjec-podstawy\/\" \/>\n<meta property=\"og:site_name\" content=\"SmartLifeBook&#039;i\" \/>\n<meta property=\"article:modified_time\" content=\"2023-11-03T00:08:20+00:00\" \/>\n<meta property=\"og:image\" content=\"https:\/\/wikilistka.pl\/sklep\/wp-content\/uploads\/2021\/08\/ebook-magia-obrobki-zdjec-podstawy-by-wikilistka-okladka.jpg\" \/>\n\t<meta property=\"og:image:width\" content=\"1080\" \/>\n\t<meta property=\"og:image:height\" content=\"1080\" \/>\n\t<meta property=\"og:image:type\" content=\"image\/jpeg\" \/>\n<meta name=\"twitter:card\" content=\"summary_large_image\" \/>\n<meta name=\"twitter:label1\" content=\"Szacowany czas czytania\" \/>\n\t<meta name=\"twitter:data1\" content=\"2 minuty\" \/>\n<script type=\"application\/ld+json\" class=\"yoast-schema-graph\">{\"@context\":\"https:\/\/schema.org\",\"@graph\":[{\"@type\":\"WebPage\",\"@id\":\"https:\/\/wikilistka.pl\/sklep\/produkt\/magia-obrobki-zdjec-podstawy\/\",\"url\":\"https:\/\/wikilistka.pl\/sklep\/produkt\/magia-obrobki-zdjec-podstawy\/\",\"name\":\"Magia obr\u00f3bki zdj\u0119\u0107. Podstawy.\",\"isPartOf\":{\"@id\":\"https:\/\/wikilistka.pl\/sklep\/#website\"},\"datePublished\":\"2021-08-09T15:06:08+00:00\",\"dateModified\":\"2023-11-03T00:08:20+00:00\",\"description\":\"Preset GOLD BASIC nadaje si\u0119 do ka\u017cdego w miar\u0119 poprawnie na\u015bwietlonego zdj\u0119cia, poniewa\u017c nie ingeruje w barwy i odcienie.\",\"breadcrumb\":{\"@id\":\"https:\/\/wikilistka.pl\/sklep\/produkt\/magia-obrobki-zdjec-podstawy\/#breadcrumb\"},\"inLanguage\":\"pl-PL\",\"potentialAction\":[{\"@type\":\"ReadAction\",\"target\":[\"https:\/\/wikilistka.pl\/sklep\/produkt\/magia-obrobki-zdjec-podstawy\/\"]}]},{\"@type\":\"BreadcrumbList\",\"@id\":\"https:\/\/wikilistka.pl\/sklep\/produkt\/magia-obrobki-zdjec-podstawy\/#breadcrumb\",\"itemListElement\":[{\"@type\":\"ListItem\",\"position\":1,\"name\":\"Strona g\u0142\u00f3wna\",\"item\":\"https:\/\/wikilistka.pl\/sklep\/\"},{\"@type\":\"ListItem\",\"position\":2,\"name\":\"E-book&#8217;i\",\"item\":\"https:\/\/wikilistka.pl\/sklep\/e-booki\/\"},{\"@type\":\"ListItem\",\"position\":3,\"name\":\"Magia obr\u00f3bki zdj\u0119\u0107. Podstawy.\"}]},{\"@type\":\"WebSite\",\"@id\":\"https:\/\/wikilistka.pl\/sklep\/#website\",\"url\":\"https:\/\/wikilistka.pl\/sklep\/\",\"name\":\"SmartEDU plakaty edukacyjne dla dzieci | alfabet\",\"description\":\"System efektywnego odgracania \u017cycia\",\"publisher\":{\"@id\":\"https:\/\/wikilistka.pl\/sklep\/#organization\"},\"potentialAction\":[{\"@type\":\"SearchAction\",\"target\":{\"@type\":\"EntryPoint\",\"urlTemplate\":\"https:\/\/wikilistka.pl\/sklep\/?s={search_term_string}\"},\"query-input\":\"required name=search_term_string\"}],\"inLanguage\":\"pl-PL\"},{\"@type\":\"Organization\",\"@id\":\"https:\/\/wikilistka.pl\/sklep\/#organization\",\"name\":\"Plakaty edukacyjne dla dzieci SmartEDU - alfabet, tabliczka mno\u017cenia, cyferki, literki\",\"url\":\"https:\/\/wikilistka.pl\/sklep\/\",\"logo\":{\"@type\":\"ImageObject\",\"inLanguage\":\"pl-PL\",\"@id\":\"https:\/\/wikilistka.pl\/sklep\/#\/schema\/logo\/image\/\",\"url\":\"https:\/\/wikilistka.pl\/sklep\/wp-content\/uploads\/2019\/11\/smartedu-logo-plakaty.png\",\"contentUrl\":\"https:\/\/wikilistka.pl\/sklep\/wp-content\/uploads\/2019\/11\/smartedu-logo-plakaty.png\",\"width\":500,\"height\":500,\"caption\":\"Plakaty edukacyjne dla dzieci SmartEDU - alfabet, tabliczka mno\u017cenia, cyferki, literki\"},\"image\":{\"@id\":\"https:\/\/wikilistka.pl\/sklep\/#\/schema\/logo\/image\/\"}}]}<\/script>\n<!-- \/ Yoast SEO plugin. -->","yoast_head_json":{"title":"Magia obr\u00f3bki zdj\u0119\u0107. Podstawy.","description":"Preset GOLD BASIC nadaje si\u0119 do ka\u017cdego w miar\u0119 poprawnie na\u015bwietlonego zdj\u0119cia, poniewa\u017c nie ingeruje w barwy i odcienie.","robots":{"index":"index","follow":"follow","max-snippet":"max-snippet:-1","max-image-preview":"max-image-preview:large","max-video-preview":"max-video-preview:-1"},"canonical":"https:\/\/wikilistka.pl\/sklep\/produkt\/magia-obrobki-zdjec-podstawy\/","og_locale":"pl_PL","og_type":"article","og_title":"Magia obr\u00f3bki zdj\u0119\u0107. Podstawy.","og_description":"Preset GOLD BASIC nadaje si\u0119 do ka\u017cdego w miar\u0119 poprawnie na\u015bwietlonego zdj\u0119cia, poniewa\u017c nie ingeruje w barwy i odcienie.","og_url":"https:\/\/wikilistka.pl\/sklep\/produkt\/magia-obrobki-zdjec-podstawy\/","og_site_name":"SmartLifeBook&#039;i","article_modified_time":"2023-11-03T00:08:20+00:00","og_image":[{"width":1080,"height":1080,"url":"https:\/\/wikilistka.pl\/sklep\/wp-content\/uploads\/2021\/08\/ebook-magia-obrobki-zdjec-podstawy-by-wikilistka-okladka.jpg","type":"image\/jpeg"}],"twitter_card":"summary_large_image","twitter_misc":{"Szacowany czas czytania":"2 minuty"},"schema":{"@context":"https:\/\/schema.org","@graph":[{"@type":"WebPage","@id":"https:\/\/wikilistka.pl\/sklep\/produkt\/magia-obrobki-zdjec-podstawy\/","url":"https:\/\/wikilistka.pl\/sklep\/produkt\/magia-obrobki-zdjec-podstawy\/","name":"Magia obr\u00f3bki zdj\u0119\u0107. Podstawy.","isPartOf":{"@id":"https:\/\/wikilistka.pl\/sklep\/#website"},"datePublished":"2021-08-09T15:06:08+00:00","dateModified":"2023-11-03T00:08:20+00:00","description":"Preset GOLD BASIC nadaje si\u0119 do ka\u017cdego w miar\u0119 poprawnie na\u015bwietlonego zdj\u0119cia, poniewa\u017c nie ingeruje w barwy i odcienie.","breadcrumb":{"@id":"https:\/\/wikilistka.pl\/sklep\/produkt\/magia-obrobki-zdjec-podstawy\/#breadcrumb"},"inLanguage":"pl-PL","potentialAction":[{"@type":"ReadAction","target":["https:\/\/wikilistka.pl\/sklep\/produkt\/magia-obrobki-zdjec-podstawy\/"]}]},{"@type":"BreadcrumbList","@id":"https:\/\/wikilistka.pl\/sklep\/produkt\/magia-obrobki-zdjec-podstawy\/#breadcrumb","itemListElement":[{"@type":"ListItem","position":1,"name":"Strona g\u0142\u00f3wna","item":"https:\/\/wikilistka.pl\/sklep\/"},{"@type":"ListItem","position":2,"name":"E-book&#8217;i","item":"https:\/\/wikilistka.pl\/sklep\/e-booki\/"},{"@type":"ListItem","position":3,"name":"Magia obr\u00f3bki zdj\u0119\u0107. Podstawy."}]},{"@type":"WebSite","@id":"https:\/\/wikilistka.pl\/sklep\/#website","url":"https:\/\/wikilistka.pl\/sklep\/","name":"SmartEDU plakaty edukacyjne dla dzieci | alfabet","description":"System efektywnego odgracania \u017cycia","publisher":{"@id":"https:\/\/wikilistka.pl\/sklep\/#organization"},"potentialAction":[{"@type":"SearchAction","target":{"@type":"EntryPoint","urlTemplate":"https:\/\/wikilistka.pl\/sklep\/?s={search_term_string}"},"query-input":"required name=search_term_string"}],"inLanguage":"pl-PL"},{"@type":"Organization","@id":"https:\/\/wikilistka.pl\/sklep\/#organization","name":"Plakaty edukacyjne dla dzieci SmartEDU - alfabet, tabliczka mno\u017cenia, cyferki, literki","url":"https:\/\/wikilistka.pl\/sklep\/","logo":{"@type":"ImageObject","inLanguage":"pl-PL","@id":"https:\/\/wikilistka.pl\/sklep\/#\/schema\/logo\/image\/","url":"https:\/\/wikilistka.pl\/sklep\/wp-content\/uploads\/2019\/11\/smartedu-logo-plakaty.png","contentUrl":"https:\/\/wikilistka.pl\/sklep\/wp-content\/uploads\/2019\/11\/smartedu-logo-plakaty.png","width":500,"height":500,"caption":"Plakaty edukacyjne dla dzieci SmartEDU - alfabet, tabliczka mno\u017cenia, cyferki, literki"},"image":{"@id":"https:\/\/wikilistka.pl\/sklep\/#\/schema\/logo\/image\/"}}]}},"_links":{"self":[{"href":"https:\/\/wikilistka.pl\/sklep\/wp-json\/wp\/v2\/product\/222291"}],"collection":[{"href":"https:\/\/wikilistka.pl\/sklep\/wp-json\/wp\/v2\/product"}],"about":[{"href":"https:\/\/wikilistka.pl\/sklep\/wp-json\/wp\/v2\/types\/product"}],"wp:featuredmedia":[{"embeddable":true,"href":"https:\/\/wikilistka.pl\/sklep\/wp-json\/wp\/v2\/media\/222292"}],"wp:attachment":[{"href":"https:\/\/wikilistka.pl\/sklep\/wp-json\/wp\/v2\/media?parent=222291"}],"wp:term":[{"taxonomy":"product_cat","embeddable":true,"href":"https:\/\/wikilistka.pl\/sklep\/wp-json\/wp\/v2\/product_cat?post=222291"},{"taxonomy":"product_tag","embeddable":true,"href":"https:\/\/wikilistka.pl\/sklep\/wp-json\/wp\/v2\/product_tag?post=222291"}],"curies":[{"name":"wp","href":"https:\/\/api.w.org\/{rel}","templated":true}]}}