{"id":222262,"date":"2021-08-09T06:00:40","date_gmt":"2021-08-09T04:00:40","guid":{"rendered":"https:\/\/wikilistka.pl\/sklep\/?post_type=product&#038;p=222262"},"modified":"2023-09-29T14:07:14","modified_gmt":"2023-09-29T12:07:14","slug":"gold-hour-preset-mobilny-do-adobe-lightroom","status":"publish","type":"product","link":"https:\/\/wikilistka.pl\/sklep\/produkt\/gold-hour-preset-mobilny-do-adobe-lightroom\/","title":{"rendered":"GOLD HOUR &#8211; preset mobilny do Adobe Lightroom"},"content":{"rendered":"<p>[et_pb_section fb_built=&#8221;1&#8243; _builder_version=&#8221;3.22&#8243; custom_padding=&#8221;0px||||false|false&#8221;][et_pb_row _builder_version=&#8221;3.25&#8243; background_size=&#8221;initial&#8221; background_position=&#8221;top_left&#8221; background_repeat=&#8221;repeat&#8221; width=&#8221;100%&#8221; custom_padding=&#8221;0px||0px||false|false&#8221;][et_pb_column type=&#8221;4_4&#8243; _builder_version=&#8221;3.25&#8243; custom_padding=&#8221;|||&#8221; custom_padding__hover=&#8221;|||&#8221;][et_pb_wc_breadcrumb _builder_version=&#8221;3.0.47&#8243;][\/et_pb_wc_breadcrumb][et_pb_wc_cart_notice _builder_version=&#8221;3.0.47&#8243;][\/et_pb_wc_cart_notice][\/et_pb_column][\/et_pb_row][et_pb_row column_structure=&#8221;1_2,1_2&#8243; _builder_version=&#8221;3.25&#8243; background_size=&#8221;initial&#8221; background_position=&#8221;top_left&#8221; background_repeat=&#8221;repeat&#8221; width=&#8221;100%&#8221; custom_padding=&#8221;0px||||false|false&#8221;][et_pb_column type=&#8221;1_2&#8243; _builder_version=&#8221;3.25&#8243; custom_padding=&#8221;|||&#8221; custom_padding__hover=&#8221;|||&#8221;][et_pb_wc_images _builder_version=&#8221;3.0.47&#8243;][\/et_pb_wc_images][\/et_pb_column][et_pb_column type=&#8221;1_2&#8243; _builder_version=&#8221;3.25&#8243; custom_padding=&#8221;|||&#8221; custom_padding__hover=&#8221;|||&#8221;][et_pb_wc_title _builder_version=&#8221;3.0.47&#8243;][\/et_pb_wc_title][et_pb_wc_rating _builder_version=&#8221;3.0.47&#8243;][\/et_pb_wc_rating][et_pb_wc_price _builder_version=&#8221;3.0.47&#8243;][\/et_pb_wc_price][et_pb_wc_description _builder_version=&#8221;3.0.47&#8243;][\/et_pb_wc_description][et_pb_wc_add_to_cart _builder_version=&#8221;3.0.47&#8243;][\/et_pb_wc_add_to_cart][et_pb_wc_meta _builder_version=&#8221;3.0.47&#8243;][\/et_pb_wc_meta][\/et_pb_column][\/et_pb_row][et_pb_row _builder_version=&#8221;4.9.7&#8243; _module_preset=&#8221;default&#8221;][et_pb_column type=&#8221;4_4&#8243; _builder_version=&#8221;4.9.7&#8243; _module_preset=&#8221;default&#8221;][et_pb_text _builder_version=&#8221;4.9.7&#8243; _module_preset=&#8221;default&#8221;]<\/p>\n<h4 style=\"text-align: center;\"><strong>Pochwal si\u0119 swoim zdj\u0119ciem przed i po!<\/strong><\/h4>\n<p style=\"text-align: center; font-size: 18px;\">Oznacz mnie na Instagramie<\/p>\n<p style=\"text-align: center; font-size: 18px;\"><strong>@wikilistka<\/strong> lub <strong>#presetyWikilistki<\/strong><\/p>\n<p style=\"text-align: center; font-size: 18px;\">\u017cebym mog\u0142\u0105 zajrze\u0107 do Ciebie i osobi\u015bcie pogratulowa\u0107 efektu<\/p>\n<p>[\/et_pb_text][\/et_pb_column][\/et_pb_row][et_pb_row column_structure=&#8221;1_2,1_2&#8243; _builder_version=&#8221;4.9.7&#8243; _module_preset=&#8221;default&#8221;][et_pb_column type=&#8221;1_2&#8243; _builder_version=&#8221;4.9.7&#8243; _module_preset=&#8221;default&#8221;][dsm_before_after_image before_src=&#8221;https:\/\/wikilistka.pl\/sklep\/wp-content\/uploads\/2021\/08\/b-golden-hour-min.jpg&#8221; after_src=&#8221;https:\/\/wikilistka.pl\/sklep\/wp-content\/uploads\/2021\/08\/GOLD-HOUR-preset-do-Adobe-Lightroom-by-wikilistka-3.jpg&#8221; before_label_text=&#8221;PRZED&#8221; after_label_text=&#8221;PO&#8221; overlay_color=&#8221;rgba(0,0,0,0.2)&#8221; _builder_version=&#8221;4.9.7&#8243; _module_preset=&#8221;default&#8221;][\/dsm_before_after_image][\/et_pb_column][et_pb_column type=&#8221;1_2&#8243; _builder_version=&#8221;4.9.7&#8243; _module_preset=&#8221;default&#8221;][dsm_before_after_image before_src=&#8221;https:\/\/wikilistka.pl\/sklep\/wp-content\/uploads\/2021\/08\/b-golden-hour1-min.jpg&#8221; after_src=&#8221;https:\/\/wikilistka.pl\/sklep\/wp-content\/uploads\/2021\/08\/GOLD-HOUR-preset-do-Adobe-Lightroom-by-wikilistka-1.jpg&#8221; before_label_text=&#8221;PRZED&#8221; after_label_text=&#8221;PO&#8221; overlay_color=&#8221;rgba(0,0,0,0.2)&#8221; _builder_version=&#8221;4.9.7&#8243; _module_preset=&#8221;default&#8221;][\/dsm_before_after_image][\/et_pb_column][\/et_pb_row][et_pb_row _builder_version=&#8221;3.25&#8243; background_size=&#8221;initial&#8221; background_position=&#8221;top_left&#8221; background_repeat=&#8221;repeat&#8221; width=&#8221;100%&#8221;][et_pb_column type=&#8221;4_4&#8243; _builder_version=&#8221;3.25&#8243; custom_padding=&#8221;|||&#8221; custom_padding__hover=&#8221;|||&#8221;][et_pb_wc_upsells columns_number=&#8221;3&#8243; _builder_version=&#8221;3.0.47&#8243;][\/et_pb_wc_upsells][et_pb_wc_related_products columns_number=&#8221;3&#8243; _builder_version=&#8221;3.0.47&#8243;][\/et_pb_wc_related_products][\/et_pb_column][\/et_pb_row][\/et_pb_section]<\/p>\n","protected":false},"excerpt":{"rendered":"<p><span style=\"font-weight: 400;\">Pojedyncze presety przygotowa\u0142am w sklepie dla ka\u017cdej z Was, kt\u00f3ra chcia\u0142aby spr\u00f3bowa\u0107 przygody z t\u0105 form\u0105 obr\u00f3bki zdj\u0119\u0107, ale nie chce lub nie mo\u017ce od razu decydowa\u0107 si\u0119 na ca\u0142\u0105 paczk\u0119.<\/span><\/p>\n<p><span style=\"font-weight: 400;\"><strong>Preset\u00a0 GOLDEN HOUR<\/strong>\u00a0 nadaje si\u0119 do ka\u017cdego w miar\u0119 poprawnie na\u015bwietlonego zdj\u0119cia, na kt\u00f3rym chcesz uzyska\u0107 efekt mu\u015bni\u0119cia z\u0142otymi promieniami s\u0142o\u0144ca, imituj\u0105c tzw. \u201cz\u0142ot\u0105 godzin\u0119\u201d. Nie ingeruje mocno w barwy i odcienie. Preset ten delikatnie rozja\u015bnia zdj\u0119cia i ustawia ustawienia kontrastu, \u015bwiat\u0142ocieni i ostro\u015bci tak, by wydoby\u0107 ze zdj\u0119cia to, co najlepsze, a dodatkowo nadaje delikatny efekt glow w z\u0142otym kolorze, dzi\u0119ki czemu zdj\u0119cie wygl\u0105da na mu\u015bni\u0119te s\u0142o\u0144cem.\u00a0<\/span><\/p>\n<p><strong>Presety s\u0105 dedykowane darmowej aplikacji mobilnej Adobe Lightroom Photo Editor.<\/strong><\/p>\n<p><strong>Dzia\u0142aj\u0105 na telefonach z Androidem i iOS oraz ze wszystkimi wersjami Lightroom.<\/strong><\/p>\n<p><span style=\"font-weight: 400;\">Po zakupie, opr\u00f3cz preset\u00f3w, otrzymasz instrukcj\u0119 w formacie PDF, kt\u00f3ra krok po kroku poka\u017ce Ci: jak zainstalowa\u0107 aplikacj\u0119, jak wypakowa\u0107 presety, jak zainstalowa\u0107 je w swojej aplikacji oraz jak na\u0142o\u017cy\u0107 je na zdj\u0119cie.<\/span><\/p>\n<p><span style=\"font-weight: 400;\">Dla Twojej wygody i u\u0142atwienia Ci procesu importu preset\u00f3w, wszystkie zdj\u0119cia s\u0105 opisane, a instrukcja zawiera TIP-y, kt\u00f3re u\u0142atwi\u0105 Ci p\u00f3\u017aniejsze korzystanie z preset\u00f3w.\u00a0<\/span><\/p>\n","protected":false},"featured_media":222264,"template":"","meta":{"_et_pb_use_builder":"on","_et_pb_old_content":"","_et_gb_content_width":""},"product_cat":[83],"product_tag":[],"yoast_head":"<!-- This site is optimized with the Yoast SEO plugin v21.0 - https:\/\/yoast.com\/wordpress\/plugins\/seo\/ -->\n<title>GOLD HOUR - preset mobilny do Adobe Lightroom<\/title>\n<meta name=\"description\" content=\"Preset GOLD BASIC nadaje si\u0119 do ka\u017cdego w miar\u0119 poprawnie na\u015bwietlonego zdj\u0119cia, poniewa\u017c nie ingeruje w barwy i odcienie.\" \/>\n<meta name=\"robots\" content=\"index, follow, max-snippet:-1, max-image-preview:large, max-video-preview:-1\" \/>\n<link rel=\"canonical\" href=\"https:\/\/wikilistka.pl\/sklep\/produkt\/gold-hour-preset-mobilny-do-adobe-lightroom\/\" \/>\n<meta property=\"og:locale\" content=\"pl_PL\" \/>\n<meta property=\"og:type\" content=\"article\" \/>\n<meta property=\"og:title\" content=\"GOLD HOUR - preset mobilny do Adobe Lightroom\" \/>\n<meta property=\"og:description\" content=\"Preset GOLD BASIC nadaje si\u0119 do ka\u017cdego w miar\u0119 poprawnie na\u015bwietlonego zdj\u0119cia, poniewa\u017c nie ingeruje w barwy i odcienie.\" \/>\n<meta property=\"og:url\" content=\"https:\/\/wikilistka.pl\/sklep\/produkt\/gold-hour-preset-mobilny-do-adobe-lightroom\/\" \/>\n<meta property=\"og:site_name\" content=\"SmartLifeBook&#039;i\" \/>\n<meta property=\"article:modified_time\" content=\"2023-09-29T12:07:14+00:00\" \/>\n<meta property=\"og:image\" content=\"https:\/\/wikilistka.pl\/sklep\/wp-content\/uploads\/2021\/08\/GOLD-HOUR-preset-do-Adobe-Lightroom-by-wikilistka-min.jpg\" \/>\n\t<meta property=\"og:image:width\" content=\"1080\" \/>\n\t<meta property=\"og:image:height\" content=\"1080\" \/>\n\t<meta property=\"og:image:type\" content=\"image\/jpeg\" \/>\n<meta name=\"twitter:card\" content=\"summary_large_image\" \/>\n<meta name=\"twitter:label1\" content=\"Szacowany czas czytania\" \/>\n\t<meta name=\"twitter:data1\" content=\"1 minuta\" \/>\n<script type=\"application\/ld+json\" class=\"yoast-schema-graph\">{\"@context\":\"https:\/\/schema.org\",\"@graph\":[{\"@type\":\"WebPage\",\"@id\":\"https:\/\/wikilistka.pl\/sklep\/produkt\/gold-hour-preset-mobilny-do-adobe-lightroom\/\",\"url\":\"https:\/\/wikilistka.pl\/sklep\/produkt\/gold-hour-preset-mobilny-do-adobe-lightroom\/\",\"name\":\"GOLD HOUR - preset mobilny do Adobe Lightroom\",\"isPartOf\":{\"@id\":\"https:\/\/wikilistka.pl\/sklep\/#website\"},\"datePublished\":\"2021-08-09T04:00:40+00:00\",\"dateModified\":\"2023-09-29T12:07:14+00:00\",\"description\":\"Preset GOLD BASIC nadaje si\u0119 do ka\u017cdego w miar\u0119 poprawnie na\u015bwietlonego zdj\u0119cia, poniewa\u017c nie ingeruje w barwy i odcienie.\",\"breadcrumb\":{\"@id\":\"https:\/\/wikilistka.pl\/sklep\/produkt\/gold-hour-preset-mobilny-do-adobe-lightroom\/#breadcrumb\"},\"inLanguage\":\"pl-PL\",\"potentialAction\":[{\"@type\":\"ReadAction\",\"target\":[\"https:\/\/wikilistka.pl\/sklep\/produkt\/gold-hour-preset-mobilny-do-adobe-lightroom\/\"]}]},{\"@type\":\"BreadcrumbList\",\"@id\":\"https:\/\/wikilistka.pl\/sklep\/produkt\/gold-hour-preset-mobilny-do-adobe-lightroom\/#breadcrumb\",\"itemListElement\":[{\"@type\":\"ListItem\",\"position\":1,\"name\":\"Strona g\u0142\u00f3wna\",\"item\":\"https:\/\/wikilistka.pl\/sklep\/\"},{\"@type\":\"ListItem\",\"position\":2,\"name\":\"E-book&#8217;i\",\"item\":\"https:\/\/wikilistka.pl\/sklep\/e-booki\/\"},{\"@type\":\"ListItem\",\"position\":3,\"name\":\"GOLD HOUR &#8211; preset mobilny do Adobe Lightroom\"}]},{\"@type\":\"WebSite\",\"@id\":\"https:\/\/wikilistka.pl\/sklep\/#website\",\"url\":\"https:\/\/wikilistka.pl\/sklep\/\",\"name\":\"SmartEDU plakaty edukacyjne dla dzieci | alfabet\",\"description\":\"System efektywnego odgracania \u017cycia\",\"publisher\":{\"@id\":\"https:\/\/wikilistka.pl\/sklep\/#organization\"},\"potentialAction\":[{\"@type\":\"SearchAction\",\"target\":{\"@type\":\"EntryPoint\",\"urlTemplate\":\"https:\/\/wikilistka.pl\/sklep\/?s={search_term_string}\"},\"query-input\":\"required name=search_term_string\"}],\"inLanguage\":\"pl-PL\"},{\"@type\":\"Organization\",\"@id\":\"https:\/\/wikilistka.pl\/sklep\/#organization\",\"name\":\"Plakaty edukacyjne dla dzieci SmartEDU - alfabet, tabliczka mno\u017cenia, cyferki, literki\",\"url\":\"https:\/\/wikilistka.pl\/sklep\/\",\"logo\":{\"@type\":\"ImageObject\",\"inLanguage\":\"pl-PL\",\"@id\":\"https:\/\/wikilistka.pl\/sklep\/#\/schema\/logo\/image\/\",\"url\":\"https:\/\/wikilistka.pl\/sklep\/wp-content\/uploads\/2019\/11\/smartedu-logo-plakaty.png\",\"contentUrl\":\"https:\/\/wikilistka.pl\/sklep\/wp-content\/uploads\/2019\/11\/smartedu-logo-plakaty.png\",\"width\":500,\"height\":500,\"caption\":\"Plakaty edukacyjne dla dzieci SmartEDU - alfabet, tabliczka mno\u017cenia, cyferki, literki\"},\"image\":{\"@id\":\"https:\/\/wikilistka.pl\/sklep\/#\/schema\/logo\/image\/\"}}]}<\/script>\n<!-- \/ Yoast SEO plugin. -->","yoast_head_json":{"title":"GOLD HOUR - preset mobilny do Adobe Lightroom","description":"Preset GOLD BASIC nadaje si\u0119 do ka\u017cdego w miar\u0119 poprawnie na\u015bwietlonego zdj\u0119cia, poniewa\u017c nie ingeruje w barwy i odcienie.","robots":{"index":"index","follow":"follow","max-snippet":"max-snippet:-1","max-image-preview":"max-image-preview:large","max-video-preview":"max-video-preview:-1"},"canonical":"https:\/\/wikilistka.pl\/sklep\/produkt\/gold-hour-preset-mobilny-do-adobe-lightroom\/","og_locale":"pl_PL","og_type":"article","og_title":"GOLD HOUR - preset mobilny do Adobe Lightroom","og_description":"Preset GOLD BASIC nadaje si\u0119 do ka\u017cdego w miar\u0119 poprawnie na\u015bwietlonego zdj\u0119cia, poniewa\u017c nie ingeruje w barwy i odcienie.","og_url":"https:\/\/wikilistka.pl\/sklep\/produkt\/gold-hour-preset-mobilny-do-adobe-lightroom\/","og_site_name":"SmartLifeBook&#039;i","article_modified_time":"2023-09-29T12:07:14+00:00","og_image":[{"width":1080,"height":1080,"url":"https:\/\/wikilistka.pl\/sklep\/wp-content\/uploads\/2021\/08\/GOLD-HOUR-preset-do-Adobe-Lightroom-by-wikilistka-min.jpg","type":"image\/jpeg"}],"twitter_card":"summary_large_image","twitter_misc":{"Szacowany czas czytania":"1 minuta"},"schema":{"@context":"https:\/\/schema.org","@graph":[{"@type":"WebPage","@id":"https:\/\/wikilistka.pl\/sklep\/produkt\/gold-hour-preset-mobilny-do-adobe-lightroom\/","url":"https:\/\/wikilistka.pl\/sklep\/produkt\/gold-hour-preset-mobilny-do-adobe-lightroom\/","name":"GOLD HOUR - preset mobilny do Adobe Lightroom","isPartOf":{"@id":"https:\/\/wikilistka.pl\/sklep\/#website"},"datePublished":"2021-08-09T04:00:40+00:00","dateModified":"2023-09-29T12:07:14+00:00","description":"Preset GOLD BASIC nadaje si\u0119 do ka\u017cdego w miar\u0119 poprawnie na\u015bwietlonego zdj\u0119cia, poniewa\u017c nie ingeruje w barwy i odcienie.","breadcrumb":{"@id":"https:\/\/wikilistka.pl\/sklep\/produkt\/gold-hour-preset-mobilny-do-adobe-lightroom\/#breadcrumb"},"inLanguage":"pl-PL","potentialAction":[{"@type":"ReadAction","target":["https:\/\/wikilistka.pl\/sklep\/produkt\/gold-hour-preset-mobilny-do-adobe-lightroom\/"]}]},{"@type":"BreadcrumbList","@id":"https:\/\/wikilistka.pl\/sklep\/produkt\/gold-hour-preset-mobilny-do-adobe-lightroom\/#breadcrumb","itemListElement":[{"@type":"ListItem","position":1,"name":"Strona g\u0142\u00f3wna","item":"https:\/\/wikilistka.pl\/sklep\/"},{"@type":"ListItem","position":2,"name":"E-book&#8217;i","item":"https:\/\/wikilistka.pl\/sklep\/e-booki\/"},{"@type":"ListItem","position":3,"name":"GOLD HOUR &#8211; preset mobilny do Adobe Lightroom"}]},{"@type":"WebSite","@id":"https:\/\/wikilistka.pl\/sklep\/#website","url":"https:\/\/wikilistka.pl\/sklep\/","name":"SmartEDU plakaty edukacyjne dla dzieci | alfabet","description":"System efektywnego odgracania \u017cycia","publisher":{"@id":"https:\/\/wikilistka.pl\/sklep\/#organization"},"potentialAction":[{"@type":"SearchAction","target":{"@type":"EntryPoint","urlTemplate":"https:\/\/wikilistka.pl\/sklep\/?s={search_term_string}"},"query-input":"required name=search_term_string"}],"inLanguage":"pl-PL"},{"@type":"Organization","@id":"https:\/\/wikilistka.pl\/sklep\/#organization","name":"Plakaty edukacyjne dla dzieci SmartEDU - alfabet, tabliczka mno\u017cenia, cyferki, literki","url":"https:\/\/wikilistka.pl\/sklep\/","logo":{"@type":"ImageObject","inLanguage":"pl-PL","@id":"https:\/\/wikilistka.pl\/sklep\/#\/schema\/logo\/image\/","url":"https:\/\/wikilistka.pl\/sklep\/wp-content\/uploads\/2019\/11\/smartedu-logo-plakaty.png","contentUrl":"https:\/\/wikilistka.pl\/sklep\/wp-content\/uploads\/2019\/11\/smartedu-logo-plakaty.png","width":500,"height":500,"caption":"Plakaty edukacyjne dla dzieci SmartEDU - alfabet, tabliczka mno\u017cenia, cyferki, literki"},"image":{"@id":"https:\/\/wikilistka.pl\/sklep\/#\/schema\/logo\/image\/"}}]}},"_links":{"self":[{"href":"https:\/\/wikilistka.pl\/sklep\/wp-json\/wp\/v2\/product\/222262"}],"collection":[{"href":"https:\/\/wikilistka.pl\/sklep\/wp-json\/wp\/v2\/product"}],"about":[{"href":"https:\/\/wikilistka.pl\/sklep\/wp-json\/wp\/v2\/types\/product"}],"wp:featuredmedia":[{"embeddable":true,"href":"https:\/\/wikilistka.pl\/sklep\/wp-json\/wp\/v2\/media\/222264"}],"wp:attachment":[{"href":"https:\/\/wikilistka.pl\/sklep\/wp-json\/wp\/v2\/media?parent=222262"}],"wp:term":[{"taxonomy":"product_cat","embeddable":true,"href":"https:\/\/wikilistka.pl\/sklep\/wp-json\/wp\/v2\/product_cat?post=222262"},{"taxonomy":"product_tag","embeddable":true,"href":"https:\/\/wikilistka.pl\/sklep\/wp-json\/wp\/v2\/product_tag?post=222262"}],"curies":[{"name":"wp","href":"https:\/\/api.w.org\/{rel}","templated":true}]}}