{"id":222231,"date":"2021-08-09T06:00:50","date_gmt":"2021-08-09T04:00:50","guid":{"rendered":"https:\/\/wikilistka.pl\/sklep\/?post_type=product&#038;p=222231"},"modified":"2023-11-03T01:08:21","modified_gmt":"2023-11-03T00:08:21","slug":"white-up-5-presetow-mobilnych-do-adobe-lightroom","status":"publish","type":"product","link":"https:\/\/wikilistka.pl\/sklep\/produkt\/white-up-5-presetow-mobilnych-do-adobe-lightroom\/","title":{"rendered":"WHITE UP- 5 preset\u00f3w mobilnych do Adobe Lightroom"},"content":{"rendered":"<p>[et_pb_section fb_built=&#8221;1&#8243; _builder_version=&#8221;3.22&#8243; custom_padding=&#8221;0px||||false|false&#8221;][et_pb_row _builder_version=&#8221;3.25&#8243; background_size=&#8221;initial&#8221; background_position=&#8221;top_left&#8221; background_repeat=&#8221;repeat&#8221; width=&#8221;100%&#8221; custom_padding=&#8221;0px||0px||false|false&#8221;][et_pb_column type=&#8221;4_4&#8243; _builder_version=&#8221;3.25&#8243; custom_padding=&#8221;|||&#8221; custom_padding__hover=&#8221;|||&#8221;][et_pb_wc_breadcrumb _builder_version=&#8221;3.0.47&#8243;][\/et_pb_wc_breadcrumb][et_pb_wc_cart_notice _builder_version=&#8221;3.0.47&#8243;][\/et_pb_wc_cart_notice][\/et_pb_column][\/et_pb_row][et_pb_row column_structure=&#8221;1_2,1_2&#8243; _builder_version=&#8221;3.25&#8243; background_size=&#8221;initial&#8221; background_position=&#8221;top_left&#8221; background_repeat=&#8221;repeat&#8221; width=&#8221;100%&#8221; custom_padding=&#8221;0px||||false|false&#8221;][et_pb_column type=&#8221;1_2&#8243; _builder_version=&#8221;3.25&#8243; custom_padding=&#8221;|||&#8221; custom_padding__hover=&#8221;|||&#8221;][et_pb_wc_images _builder_version=&#8221;3.0.47&#8243;][\/et_pb_wc_images][\/et_pb_column][et_pb_column type=&#8221;1_2&#8243; _builder_version=&#8221;3.25&#8243; custom_padding=&#8221;|||&#8221; custom_padding__hover=&#8221;|||&#8221;][et_pb_wc_title _builder_version=&#8221;3.0.47&#8243;][\/et_pb_wc_title][et_pb_wc_rating _builder_version=&#8221;3.0.47&#8243;][\/et_pb_wc_rating][et_pb_wc_price _builder_version=&#8221;3.0.47&#8243;][\/et_pb_wc_price][et_pb_wc_description _builder_version=&#8221;3.0.47&#8243;][\/et_pb_wc_description][et_pb_wc_add_to_cart _builder_version=&#8221;3.0.47&#8243;][\/et_pb_wc_add_to_cart][et_pb_wc_meta _builder_version=&#8221;3.0.47&#8243;][\/et_pb_wc_meta][\/et_pb_column][\/et_pb_row][et_pb_row column_structure=&#8221;1_2,1_2&#8243; _builder_version=&#8221;4.9.7&#8243; _module_preset=&#8221;default&#8221;][et_pb_column type=&#8221;1_2&#8243; _builder_version=&#8221;4.9.7&#8243; _module_preset=&#8221;default&#8221;][dsm_before_after_image before_src=&#8221;https:\/\/wikilistka.pl\/sklep\/wp-content\/uploads\/2021\/08\/b-white-up-min.jpg&#8221; after_src=&#8221;https:\/\/wikilistka.pl\/sklep\/wp-content\/uploads\/2021\/08\/WHITE-UP-light-selfie-presety-do-Adobe-Lightroom-by-wikilistka.jpg&#8221; show_label_hover=&#8221;off&#8221; no_overlay=&#8221;on&#8221; _builder_version=&#8221;4.9.7&#8243; _module_preset=&#8221;default&#8221;][\/dsm_before_after_image][\/et_pb_column][et_pb_column type=&#8221;1_2&#8243; _builder_version=&#8221;4.9.7&#8243; _module_preset=&#8221;default&#8221; vertical_offset=&#8221;0px&#8221;][et_pb_text _builder_version=&#8221;4.9.7&#8243; _module_preset=&#8221;default&#8221; text_font_size=&#8221;20px&#8221;]<\/p>\n<p style=\"text-align: center;\"><b><i>Dodatkowo, kupuj\u0105c jakikolwiek zestaw preset\u00f3w mojego autorstwa, e-book o obr\u00f3bce zdj\u0119\u0107 w Lightroomie krok po kroku mo\u017cesz kupi\u0107 a\u017c 30% taniej! \ud83d\ude42 <\/i><\/b><b><i><br \/><\/i><\/b><b><i>[ aby skorzysta\u0107 z tej promocji, dodaj do koszyka wybrane presety, a nast\u0119pnie przejd\u017a do podsumowania zam\u00f3wienia &#8211; oferta za zni\u017ck\u0105 na e-booka pojawi si\u0119 tak, jak na obrazku poni\u017cej ]<\/i><\/b><\/p>\n<p>[\/et_pb_text][et_pb_image src=&#8221;https:\/\/wikilistka.pl\/sklep\/wp-content\/uploads\/2021\/08\/jak-dodac-e-booka-w-promocji.jpg&#8221; title_text=&#8221;jak doda\u0107 e-booka w promocji&#8221; _builder_version=&#8221;4.9.7&#8243; _module_preset=&#8221;default&#8221;][\/et_pb_image][\/et_pb_column][\/et_pb_row][et_pb_row _builder_version=&#8221;4.9.7&#8243; _module_preset=&#8221;default&#8221;][et_pb_column type=&#8221;4_4&#8243; _builder_version=&#8221;4.9.7&#8243; _module_preset=&#8221;default&#8221;][et_pb_text _builder_version=&#8221;4.9.7&#8243; _module_preset=&#8221;default&#8221;]<\/p>\n<h4 style=\"text-align: center;\"><strong>Pochwal si\u0119 swoim zdj\u0119ciem przed i po!<\/strong><\/h4>\n<p style=\"text-align: center; font-size: 18px;\">Oznacz mnie na Instagramie<\/p>\n<p style=\"text-align: center; font-size: 18px;\"><strong>@wikilistka<\/strong> lub <strong>#presetyWikilistki<\/strong><\/p>\n<p style=\"text-align: center; font-size: 18px;\">\u017cebym mog\u0142\u0105 zajrze\u0107 do Ciebie i osobi\u015bcie pogratulowa\u0107 efektu<\/p>\n<p>[\/et_pb_text][\/et_pb_column][\/et_pb_row][et_pb_row column_structure=&#8221;1_2,1_2&#8243; _builder_version=&#8221;4.9.7&#8243; _module_preset=&#8221;default&#8221;][et_pb_column type=&#8221;1_2&#8243; _builder_version=&#8221;4.9.7&#8243; _module_preset=&#8221;default&#8221;][et_pb_image src=&#8221;https:\/\/wikilistka.pl\/sklep\/wp-content\/uploads\/2021\/08\/min-min-5.jpg&#8221; alt=&#8221;WHITE UP &#8211; presety do Adobe Lightroom&#8221; title_text=&#8221;min-min&#8221; _builder_version=&#8221;4.9.7&#8243; _module_preset=&#8221;default&#8221;][\/et_pb_image][\/et_pb_column][et_pb_column type=&#8221;1_2&#8243; _builder_version=&#8221;4.9.7&#8243; _module_preset=&#8221;default&#8221;][dsm_before_after_image before_src=&#8221;https:\/\/wikilistka.pl\/sklep\/wp-content\/uploads\/2021\/08\/b-WHITE-up1-min.jpg&#8221; after_src=&#8221;https:\/\/wikilistka.pl\/sklep\/wp-content\/uploads\/2021\/08\/WHITE-UP-basic-presety-do-Adobe-Lightroom-by-wikilistka.jpg&#8221; show_label_hover=&#8221;off&#8221; no_overlay=&#8221;on&#8221; _builder_version=&#8221;4.9.7&#8243; _module_preset=&#8221;default&#8221;][\/dsm_before_after_image][\/et_pb_column][\/et_pb_row][et_pb_row _builder_version=&#8221;3.25&#8243; background_size=&#8221;initial&#8221; background_position=&#8221;top_left&#8221; background_repeat=&#8221;repeat&#8221; width=&#8221;100%&#8221;][et_pb_column type=&#8221;4_4&#8243; _builder_version=&#8221;3.25&#8243; custom_padding=&#8221;|||&#8221; custom_padding__hover=&#8221;|||&#8221;][et_pb_wc_upsells columns_number=&#8221;3&#8243; _builder_version=&#8221;3.0.47&#8243;][\/et_pb_wc_upsells][et_pb_wc_related_products columns_number=&#8221;3&#8243; _builder_version=&#8221;3.0.47&#8243;][\/et_pb_wc_related_products][\/et_pb_column][\/et_pb_row][\/et_pb_section]<\/p>\n","protected":false},"excerpt":{"rendered":"<p><span style=\"font-weight: 400;\">Paczka <strong>WHITE UP <\/strong>to zestaw 5 preset\u00f3w dedykowanych zdj\u0119ciom, na kt\u00f3rych przewa\u017ca kolor bia\u0142y. Idealnie sprawdzi si\u0119, je\u015bli np. masz w domu bia\u0142e meble czy st\u00f3\u0142, a tak\u017ce je\u015bli robisz zdj\u0119cia na tle bia\u0142ej \u015bciany itp. (koniecznie zobacz zdj\u0119cia w galerii i na ok\u0142adce paczki)<\/span><\/p>\n<h3><strong>Paczka WHITE UP to 5 preset\u00f3w:<\/strong><\/h3>\n<ol>\n<li style=\"font-weight: 400;\" aria-level=\"1\"><span style=\"font-weight: 400;\"><strong>WHITE UP basic<\/strong> &#8211; podbija biel, delikatnie rozja\u015bnia zdj\u0119cie<\/span><\/li>\n<li style=\"font-weight: 400;\" aria-level=\"1\"><span style=\"font-weight: 400;\"><strong>WHITE UP color<\/strong> &#8211; dzia\u0142a jak white basic + podbija delikatnie kolory<\/span><\/li>\n<li style=\"font-weight: 400;\" aria-level=\"1\"><span style=\"font-weight: 400;\"><strong>WHITE UP color pop<\/strong> &#8211; podbija kolory i kontrast<\/span><\/li>\n<li style=\"font-weight: 400;\" aria-level=\"1\"><span style=\"font-weight: 400;\"><strong>WHITE UP light selfie<\/strong> &#8211; rozja\u015bnia zdj\u0119cie, podbija biele i \u0142adnie wzmacnia kolor sk\u00f3ry<\/span><\/li>\n<li style=\"font-weight: 400;\" aria-level=\"1\"><span style=\"font-weight: 400;\"><strong>WHITE UP soft<\/strong> &#8211; opr\u00f3cz podbicia bieli i delikatnego rozja\u015bnienia zdj\u0119cia, nadaje mu klimatyczny, lekko zamglony efekt. <\/span><\/li>\n<\/ol>\n<p><strong>Presety s\u0105 dedykowane darmowej aplikacji mobilnej Adobe Lightroom Photo Editor.<\/strong><\/p>\n<p><strong>Dzia\u0142aj\u0105 na telefonach z Androidem i iOS oraz ze wszystkimi wersjami Lightroom.<\/strong><\/p>\n<p><span style=\"font-weight: 400;\">Po zakupie, opr\u00f3cz preset\u00f3w, otrzymasz instrukcj\u0119 w formacie PDF, kt\u00f3ra krok po kroku poka\u017ce Ci: jak zainstalowa\u0107 aplikacj\u0119, jak wypakowa\u0107 presety, jak zainstalowa\u0107 je w swojej aplikacji oraz jak na\u0142o\u017cy\u0107 je na zdj\u0119cie.<\/span><\/p>\n<p><span style=\"font-weight: 400;\">Dla Twojej wygody i u\u0142atwienia Ci procesu importu preset\u00f3w, wszystkie zdj\u0119cia s\u0105 opisane, a instrukcja zawiera TIP-y, kt\u00f3re u\u0142atwi\u0105 Ci p\u00f3\u017aniejsze korzystanie z preset\u00f3w.\u00a0<\/span><\/p>\n","protected":false},"featured_media":222234,"template":"","meta":{"_et_pb_use_builder":"on","_et_pb_old_content":"","_et_gb_content_width":""},"product_cat":[83],"product_tag":[],"yoast_head":"<!-- This site is optimized with the Yoast SEO plugin v21.0 - https:\/\/yoast.com\/wordpress\/plugins\/seo\/ -->\n<title>WHITE UP- 5 preset\u00f3w mobilnych do Adobe Lightroom<\/title>\n<meta name=\"description\" content=\"Paczka SUNSET to 6 wyj\u0105tkowych preset\u00f3w, kt\u00f3re nadadz\u0105 klimat Twoim zdj\u0119ciom z zachodami s\u0142o\u0144ca!\" \/>\n<meta name=\"robots\" content=\"index, follow, max-snippet:-1, max-image-preview:large, max-video-preview:-1\" \/>\n<link rel=\"canonical\" href=\"https:\/\/wikilistka.pl\/sklep\/produkt\/white-up-5-presetow-mobilnych-do-adobe-lightroom\/\" \/>\n<meta property=\"og:locale\" content=\"pl_PL\" \/>\n<meta property=\"og:type\" content=\"article\" \/>\n<meta property=\"og:title\" content=\"WHITE UP- 5 preset\u00f3w mobilnych do Adobe Lightroom\" \/>\n<meta property=\"og:description\" content=\"Paczka SUNSET to 6 wyj\u0105tkowych preset\u00f3w, kt\u00f3re nadadz\u0105 klimat Twoim zdj\u0119ciom z zachodami s\u0142o\u0144ca!\" \/>\n<meta property=\"og:url\" content=\"https:\/\/wikilistka.pl\/sklep\/produkt\/white-up-5-presetow-mobilnych-do-adobe-lightroom\/\" \/>\n<meta property=\"og:site_name\" content=\"SmartLifeBook&#039;i\" \/>\n<meta property=\"article:modified_time\" content=\"2023-11-03T00:08:21+00:00\" \/>\n<meta property=\"og:image\" content=\"https:\/\/wikilistka.pl\/sklep\/wp-content\/uploads\/2021\/08\/min-min-5.jpg\" \/>\n\t<meta property=\"og:image:width\" content=\"1080\" \/>\n\t<meta property=\"og:image:height\" content=\"1080\" \/>\n\t<meta property=\"og:image:type\" content=\"image\/jpeg\" \/>\n<meta name=\"twitter:card\" content=\"summary_large_image\" \/>\n<meta name=\"twitter:label1\" content=\"Szacowany czas czytania\" \/>\n\t<meta name=\"twitter:data1\" content=\"2 minuty\" \/>\n<script type=\"application\/ld+json\" class=\"yoast-schema-graph\">{\"@context\":\"https:\/\/schema.org\",\"@graph\":[{\"@type\":\"WebPage\",\"@id\":\"https:\/\/wikilistka.pl\/sklep\/produkt\/white-up-5-presetow-mobilnych-do-adobe-lightroom\/\",\"url\":\"https:\/\/wikilistka.pl\/sklep\/produkt\/white-up-5-presetow-mobilnych-do-adobe-lightroom\/\",\"name\":\"WHITE UP- 5 preset\u00f3w mobilnych do Adobe Lightroom\",\"isPartOf\":{\"@id\":\"https:\/\/wikilistka.pl\/sklep\/#website\"},\"datePublished\":\"2021-08-09T04:00:50+00:00\",\"dateModified\":\"2023-11-03T00:08:21+00:00\",\"description\":\"Paczka SUNSET to 6 wyj\u0105tkowych preset\u00f3w, kt\u00f3re nadadz\u0105 klimat Twoim zdj\u0119ciom z zachodami s\u0142o\u0144ca!\",\"breadcrumb\":{\"@id\":\"https:\/\/wikilistka.pl\/sklep\/produkt\/white-up-5-presetow-mobilnych-do-adobe-lightroom\/#breadcrumb\"},\"inLanguage\":\"pl-PL\",\"potentialAction\":[{\"@type\":\"ReadAction\",\"target\":[\"https:\/\/wikilistka.pl\/sklep\/produkt\/white-up-5-presetow-mobilnych-do-adobe-lightroom\/\"]}]},{\"@type\":\"BreadcrumbList\",\"@id\":\"https:\/\/wikilistka.pl\/sklep\/produkt\/white-up-5-presetow-mobilnych-do-adobe-lightroom\/#breadcrumb\",\"itemListElement\":[{\"@type\":\"ListItem\",\"position\":1,\"name\":\"Strona g\u0142\u00f3wna\",\"item\":\"https:\/\/wikilistka.pl\/sklep\/\"},{\"@type\":\"ListItem\",\"position\":2,\"name\":\"E-book&#8217;i\",\"item\":\"https:\/\/wikilistka.pl\/sklep\/e-booki\/\"},{\"@type\":\"ListItem\",\"position\":3,\"name\":\"WHITE UP- 5 preset\u00f3w mobilnych do Adobe Lightroom\"}]},{\"@type\":\"WebSite\",\"@id\":\"https:\/\/wikilistka.pl\/sklep\/#website\",\"url\":\"https:\/\/wikilistka.pl\/sklep\/\",\"name\":\"SmartEDU plakaty edukacyjne dla dzieci | alfabet\",\"description\":\"System efektywnego odgracania \u017cycia\",\"publisher\":{\"@id\":\"https:\/\/wikilistka.pl\/sklep\/#organization\"},\"potentialAction\":[{\"@type\":\"SearchAction\",\"target\":{\"@type\":\"EntryPoint\",\"urlTemplate\":\"https:\/\/wikilistka.pl\/sklep\/?s={search_term_string}\"},\"query-input\":\"required name=search_term_string\"}],\"inLanguage\":\"pl-PL\"},{\"@type\":\"Organization\",\"@id\":\"https:\/\/wikilistka.pl\/sklep\/#organization\",\"name\":\"Plakaty edukacyjne dla dzieci SmartEDU - alfabet, tabliczka mno\u017cenia, cyferki, literki\",\"url\":\"https:\/\/wikilistka.pl\/sklep\/\",\"logo\":{\"@type\":\"ImageObject\",\"inLanguage\":\"pl-PL\",\"@id\":\"https:\/\/wikilistka.pl\/sklep\/#\/schema\/logo\/image\/\",\"url\":\"https:\/\/wikilistka.pl\/sklep\/wp-content\/uploads\/2019\/11\/smartedu-logo-plakaty.png\",\"contentUrl\":\"https:\/\/wikilistka.pl\/sklep\/wp-content\/uploads\/2019\/11\/smartedu-logo-plakaty.png\",\"width\":500,\"height\":500,\"caption\":\"Plakaty edukacyjne dla dzieci SmartEDU - alfabet, tabliczka mno\u017cenia, cyferki, literki\"},\"image\":{\"@id\":\"https:\/\/wikilistka.pl\/sklep\/#\/schema\/logo\/image\/\"}}]}<\/script>\n<!-- \/ Yoast SEO plugin. -->","yoast_head_json":{"title":"WHITE UP- 5 preset\u00f3w mobilnych do Adobe Lightroom","description":"Paczka SUNSET to 6 wyj\u0105tkowych preset\u00f3w, kt\u00f3re nadadz\u0105 klimat Twoim zdj\u0119ciom z zachodami s\u0142o\u0144ca!","robots":{"index":"index","follow":"follow","max-snippet":"max-snippet:-1","max-image-preview":"max-image-preview:large","max-video-preview":"max-video-preview:-1"},"canonical":"https:\/\/wikilistka.pl\/sklep\/produkt\/white-up-5-presetow-mobilnych-do-adobe-lightroom\/","og_locale":"pl_PL","og_type":"article","og_title":"WHITE UP- 5 preset\u00f3w mobilnych do Adobe Lightroom","og_description":"Paczka SUNSET to 6 wyj\u0105tkowych preset\u00f3w, kt\u00f3re nadadz\u0105 klimat Twoim zdj\u0119ciom z zachodami s\u0142o\u0144ca!","og_url":"https:\/\/wikilistka.pl\/sklep\/produkt\/white-up-5-presetow-mobilnych-do-adobe-lightroom\/","og_site_name":"SmartLifeBook&#039;i","article_modified_time":"2023-11-03T00:08:21+00:00","og_image":[{"width":1080,"height":1080,"url":"https:\/\/wikilistka.pl\/sklep\/wp-content\/uploads\/2021\/08\/min-min-5.jpg","type":"image\/jpeg"}],"twitter_card":"summary_large_image","twitter_misc":{"Szacowany czas czytania":"2 minuty"},"schema":{"@context":"https:\/\/schema.org","@graph":[{"@type":"WebPage","@id":"https:\/\/wikilistka.pl\/sklep\/produkt\/white-up-5-presetow-mobilnych-do-adobe-lightroom\/","url":"https:\/\/wikilistka.pl\/sklep\/produkt\/white-up-5-presetow-mobilnych-do-adobe-lightroom\/","name":"WHITE UP- 5 preset\u00f3w mobilnych do Adobe Lightroom","isPartOf":{"@id":"https:\/\/wikilistka.pl\/sklep\/#website"},"datePublished":"2021-08-09T04:00:50+00:00","dateModified":"2023-11-03T00:08:21+00:00","description":"Paczka SUNSET to 6 wyj\u0105tkowych preset\u00f3w, kt\u00f3re nadadz\u0105 klimat Twoim zdj\u0119ciom z zachodami s\u0142o\u0144ca!","breadcrumb":{"@id":"https:\/\/wikilistka.pl\/sklep\/produkt\/white-up-5-presetow-mobilnych-do-adobe-lightroom\/#breadcrumb"},"inLanguage":"pl-PL","potentialAction":[{"@type":"ReadAction","target":["https:\/\/wikilistka.pl\/sklep\/produkt\/white-up-5-presetow-mobilnych-do-adobe-lightroom\/"]}]},{"@type":"BreadcrumbList","@id":"https:\/\/wikilistka.pl\/sklep\/produkt\/white-up-5-presetow-mobilnych-do-adobe-lightroom\/#breadcrumb","itemListElement":[{"@type":"ListItem","position":1,"name":"Strona g\u0142\u00f3wna","item":"https:\/\/wikilistka.pl\/sklep\/"},{"@type":"ListItem","position":2,"name":"E-book&#8217;i","item":"https:\/\/wikilistka.pl\/sklep\/e-booki\/"},{"@type":"ListItem","position":3,"name":"WHITE UP- 5 preset\u00f3w mobilnych do Adobe Lightroom"}]},{"@type":"WebSite","@id":"https:\/\/wikilistka.pl\/sklep\/#website","url":"https:\/\/wikilistka.pl\/sklep\/","name":"SmartEDU plakaty edukacyjne dla dzieci | alfabet","description":"System efektywnego odgracania \u017cycia","publisher":{"@id":"https:\/\/wikilistka.pl\/sklep\/#organization"},"potentialAction":[{"@type":"SearchAction","target":{"@type":"EntryPoint","urlTemplate":"https:\/\/wikilistka.pl\/sklep\/?s={search_term_string}"},"query-input":"required name=search_term_string"}],"inLanguage":"pl-PL"},{"@type":"Organization","@id":"https:\/\/wikilistka.pl\/sklep\/#organization","name":"Plakaty edukacyjne dla dzieci SmartEDU - alfabet, tabliczka mno\u017cenia, cyferki, literki","url":"https:\/\/wikilistka.pl\/sklep\/","logo":{"@type":"ImageObject","inLanguage":"pl-PL","@id":"https:\/\/wikilistka.pl\/sklep\/#\/schema\/logo\/image\/","url":"https:\/\/wikilistka.pl\/sklep\/wp-content\/uploads\/2019\/11\/smartedu-logo-plakaty.png","contentUrl":"https:\/\/wikilistka.pl\/sklep\/wp-content\/uploads\/2019\/11\/smartedu-logo-plakaty.png","width":500,"height":500,"caption":"Plakaty edukacyjne dla dzieci SmartEDU - alfabet, tabliczka mno\u017cenia, cyferki, literki"},"image":{"@id":"https:\/\/wikilistka.pl\/sklep\/#\/schema\/logo\/image\/"}}]}},"_links":{"self":[{"href":"https:\/\/wikilistka.pl\/sklep\/wp-json\/wp\/v2\/product\/222231"}],"collection":[{"href":"https:\/\/wikilistka.pl\/sklep\/wp-json\/wp\/v2\/product"}],"about":[{"href":"https:\/\/wikilistka.pl\/sklep\/wp-json\/wp\/v2\/types\/product"}],"wp:featuredmedia":[{"embeddable":true,"href":"https:\/\/wikilistka.pl\/sklep\/wp-json\/wp\/v2\/media\/222234"}],"wp:attachment":[{"href":"https:\/\/wikilistka.pl\/sklep\/wp-json\/wp\/v2\/media?parent=222231"}],"wp:term":[{"taxonomy":"product_cat","embeddable":true,"href":"https:\/\/wikilistka.pl\/sklep\/wp-json\/wp\/v2\/product_cat?post=222231"},{"taxonomy":"product_tag","embeddable":true,"href":"https:\/\/wikilistka.pl\/sklep\/wp-json\/wp\/v2\/product_tag?post=222231"}],"curies":[{"name":"wp","href":"https:\/\/api.w.org\/{rel}","templated":true}]}}