{"id":222198,"date":"2021-08-09T06:00:51","date_gmt":"2021-08-09T04:00:51","guid":{"rendered":"https:\/\/wikilistka.pl\/sklep\/?post_type=product&#038;p=222198"},"modified":"2023-11-03T01:08:21","modified_gmt":"2023-11-03T00:08:21","slug":"summer-10-presetow-mobilnych-do-adobe-lightroom","status":"publish","type":"product","link":"https:\/\/wikilistka.pl\/sklep\/produkt\/summer-10-presetow-mobilnych-do-adobe-lightroom\/","title":{"rendered":"SUMMER- 10 preset\u00f3w mobilnych do Adobe Lightroom"},"content":{"rendered":"","protected":false},"excerpt":{"rendered":"<p><span style=\"font-weight: 400;\">Paczka <strong>SUMMER<\/strong> to zestaw 10 preset\u00f3w, kt\u00f3re idealnie podkr\u0119c\u0105 ka\u017cde letnie zdj\u0119cie. Znajdziesz w niej presety stworzone do takich kadr\u00f3w jak:<\/span><\/p>\n<ul>\n<li aria-level=\"1\"><span style=\"font-weight: 400;\">zdj\u0119cia na basenie<\/span><\/li>\n<li style=\"font-weight: 400;\" aria-level=\"1\"><span style=\"font-weight: 400;\">zdj\u0119cia nad morzem<\/span><\/li>\n<li style=\"font-weight: 400;\" aria-level=\"1\"><span style=\"font-weight: 400;\">zdj\u0119cia w ostrym \u015bwietle s\u0142o\u0144ca (np.w\u00a0 po\u0142udnie)<\/span><\/li>\n<li style=\"font-weight: 400;\" aria-level=\"1\"><span style=\"font-weight: 400;\">zdj\u0119cia w pochmurny letni dzie\u0144<\/span><\/li>\n<li style=\"font-weight: 400;\" aria-level=\"1\"><span style=\"font-weight: 400;\">zachody s\u0142o\u0144ca<\/span><\/li>\n<li style=\"font-weight: 400;\" aria-level=\"1\"><span style=\"font-weight: 400;\">ognisko wieczorem<\/span><\/li>\n<li style=\"font-weight: 400;\" aria-level=\"1\"><span style=\"font-weight: 400;\">ognisko noc\u0105<\/span><\/li>\n<li style=\"font-weight: 400;\" aria-level=\"1\"><span style=\"font-weight: 400;\">zdj\u0119cia z b\u0142\u0119kitnym niebem i soczyst\u0105, letni\u0105 zieleni\u0105<\/span><\/li>\n<li style=\"font-weight: 400;\" aria-level=\"1\"><span style=\"font-weight: 400;\">i takie z soczystymi owocami\u00a0<\/span><\/li>\n<\/ul>\n<p><span style=\"font-weight: 400;\">Paczka <strong>Presety do Adobe Lightroom SUMMER<\/strong> zawiera zar\u00f3wno presety, kt\u00f3re mocno podkr\u0119caj\u0105 konkretny typ zdj\u0119cia, jak i takie, kt\u00f3re zadzia\u0142aj\u0105 uniwersalnie &#8211; zar\u00f3wno na zdj\u0119ciach z letniego spaceru jak i na tych znad basenu.<\/span><\/p>\n<h3><strong>Paczka SUMMER to 10 preset\u00f3w:<\/strong><\/h3>\n<ol>\n<li style=\"font-weight: 400;\" aria-level=\"1\"><span style=\"font-weight: 400;\"><strong>SUMMER pool cozy<\/strong> &#8211; wydobywa turkus basenowej wody, delikatnie ociepla kolor sk\u00f3ry i rozja\u015bnia zdjecie.<\/span><\/li>\n<li style=\"font-weight: 400;\" aria-level=\"1\"><span style=\"font-weight: 400;\"><strong>SUMMER hot day<\/strong> &#8211; sprawdzi si\u0119 \u015bwietnie do zdj\u0119\u0107 robionych nad morzem czy nad jeziorem. Delikatnie rozja\u015bnia, nadaje glow i poprawia kolor nieba i wody<\/span><\/li>\n<li style=\"font-weight: 400;\" aria-level=\"1\"><span style=\"font-weight: 400;\"><strong>SUMMER breeze<\/strong> &#8211; delikatnie zmniejsza nasycenie zieleni, podbija niebieski i nadaje mu lekko turkusow\u0105 barw\u0119<\/span><\/li>\n<li style=\"font-weight: 400;\" aria-level=\"1\"><span style=\"font-weight: 400;\"><strong>SUMMER fireplace night<\/strong> &#8211; wydobywa szczeg\u00f3\u0142y ze zdj\u0119\u0107 robionych noc\u0105 przy ognisku<\/span><\/li>\n<li style=\"font-weight: 400;\" aria-level=\"1\"><span style=\"font-weight: 400;\"><strong>SUMMER fireplace sunset<\/strong> &#8211; pi\u0119knie wydobywa to, co najlepsze ze zdj\u0119\u0107 przy ognisku robionych przy zachodzie s\u0142o\u0144ca<\/span><\/li>\n<li style=\"font-weight: 400;\" aria-level=\"1\"><span style=\"font-weight: 400;\"><strong>SUMMER sunny day<\/strong> &#8211; dzi\u0119ki rozja\u015bnieniu cieni po\u0142\u0105czonych z reszt\u0105 ustawie\u0144, roz\u015bwietla zaciemnione obszary, jakie powstaj\u0105 podczas robienia zdje\u0107 w ostrym s\u0142o\u0144cu w \u015brodku letniego dnia<\/span><\/li>\n<li style=\"font-weight: 400;\" aria-level=\"1\"><span style=\"font-weight: 400;\"><strong>SUMMER basic <\/strong>&#8211; lekko podbija opalenizn\u0119, nadaje turkusowy odcie\u0144 niebiesko\u015bciom, zmniejsza nasycenie zieleni i \u201crobi\u201d pi\u0119kny, bia\u0142y piasek nad morzem<\/span><\/li>\n<li style=\"font-weight: 400;\" aria-level=\"1\"><span style=\"font-weight: 400;\"><strong>SUMMER cloudy sunset<\/strong> &#8211; nadaje letniego ciep\u0142a zdj\u0119ciom robionym w pochmurne dni<\/span><\/li>\n<li style=\"font-weight: 400;\" aria-level=\"1\"><span style=\"font-weight: 400;\"><strong>SUMMER gold<\/strong> &#8211; nadaje delikatnie \u201cretro\u201d efekt, daje zdj\u0119ciom z\u0142oty efekt<\/span><\/li>\n<li style=\"font-weight: 400;\" aria-level=\"1\"><span style=\"font-weight: 400;\"><strong>SUMMER sunset<\/strong> &#8211; pi\u0119knie podbija kolory letnich zachod\u00f3w s\u0142o\u0144ca<\/span><\/li>\n<\/ol>\n<p><strong>Presety s\u0105 dedykowane darmowej aplikacji mobilnej Adobe Lightroom Photo Editor.<\/strong><\/p>\n<p><strong>Dzia\u0142aj\u0105 na telefonach z Androidem i iOS oraz ze wszystkimi wersjami Lightroom.<\/strong><\/p>\n<p><span style=\"font-weight: 400;\">Po zakupie, opr\u00f3cz preset\u00f3w, otrzymasz instrukcj\u0119 w formacie PDF, kt\u00f3ra krok po kroku poka\u017ce Ci: jak zainstalowa\u0107 aplikacj\u0119, jak wypakowa\u0107 presety, jak zainstalowa\u0107 je w swojej aplikacji oraz jak na\u0142o\u017cy\u0107 je na zdj\u0119cie.<\/span><\/p>\n<p><span style=\"font-weight: 400;\">Dla Twojej wygody i u\u0142atwienia Ci procesu importu preset\u00f3w, wszystkie zdj\u0119cia s\u0105 opisane, a instrukcja zawiera TIP-y, kt\u00f3re u\u0142atwi\u0105 Ci p\u00f3\u017aniejsze korzystanie z preset\u00f3w.\u00a0<\/span><\/p>\n","protected":false},"featured_media":222206,"template":"","meta":{"_et_pb_use_builder":"off","_et_pb_old_content":"","_et_gb_content_width":""},"product_cat":[83],"product_tag":[],"yoast_head":"<!-- This site is optimized with the Yoast SEO plugin v21.0 - https:\/\/yoast.com\/wordpress\/plugins\/seo\/ -->\n<title>SUMMER- 10 preset\u00f3w mobilnych do Adobe Lightroom<\/title>\n<meta name=\"description\" content=\"Paczka SUMMER to zestaw 10 preset\u00f3w, kt\u00f3re idealnie podkr\u0119c\u0105 ka\u017cde letnie zdj\u0119cie.\" \/>\n<meta name=\"robots\" content=\"index, follow, max-snippet:-1, max-image-preview:large, max-video-preview:-1\" \/>\n<link rel=\"canonical\" href=\"https:\/\/wikilistka.pl\/sklep\/produkt\/summer-10-presetow-mobilnych-do-adobe-lightroom\/\" \/>\n<meta property=\"og:locale\" content=\"pl_PL\" \/>\n<meta property=\"og:type\" content=\"article\" \/>\n<meta property=\"og:title\" content=\"SUMMER- 10 preset\u00f3w mobilnych do Adobe Lightroom\" \/>\n<meta property=\"og:description\" content=\"Paczka SUMMER to zestaw 10 preset\u00f3w, kt\u00f3re idealnie podkr\u0119c\u0105 ka\u017cde letnie zdj\u0119cie.\" \/>\n<meta property=\"og:url\" content=\"https:\/\/wikilistka.pl\/sklep\/produkt\/summer-10-presetow-mobilnych-do-adobe-lightroom\/\" \/>\n<meta property=\"og:site_name\" content=\"SmartLifeBook&#039;i\" \/>\n<meta property=\"article:modified_time\" content=\"2023-11-03T00:08:21+00:00\" \/>\n<meta property=\"og:image\" content=\"https:\/\/wikilistka.pl\/sklep\/wp-content\/uploads\/2021\/08\/min-min-3.jpg\" \/>\n\t<meta property=\"og:image:width\" content=\"1080\" \/>\n\t<meta property=\"og:image:height\" content=\"1080\" \/>\n\t<meta property=\"og:image:type\" content=\"image\/jpeg\" \/>\n<meta name=\"twitter:card\" content=\"summary_large_image\" \/>\n<script type=\"application\/ld+json\" class=\"yoast-schema-graph\">{\"@context\":\"https:\/\/schema.org\",\"@graph\":[{\"@type\":\"WebPage\",\"@id\":\"https:\/\/wikilistka.pl\/sklep\/produkt\/summer-10-presetow-mobilnych-do-adobe-lightroom\/\",\"url\":\"https:\/\/wikilistka.pl\/sklep\/produkt\/summer-10-presetow-mobilnych-do-adobe-lightroom\/\",\"name\":\"SUMMER- 10 preset\u00f3w mobilnych do Adobe Lightroom\",\"isPartOf\":{\"@id\":\"https:\/\/wikilistka.pl\/sklep\/#website\"},\"datePublished\":\"2021-08-09T04:00:51+00:00\",\"dateModified\":\"2023-11-03T00:08:21+00:00\",\"description\":\"Paczka SUMMER to zestaw 10 preset\u00f3w, kt\u00f3re idealnie podkr\u0119c\u0105 ka\u017cde letnie zdj\u0119cie.\",\"breadcrumb\":{\"@id\":\"https:\/\/wikilistka.pl\/sklep\/produkt\/summer-10-presetow-mobilnych-do-adobe-lightroom\/#breadcrumb\"},\"inLanguage\":\"pl-PL\",\"potentialAction\":[{\"@type\":\"ReadAction\",\"target\":[\"https:\/\/wikilistka.pl\/sklep\/produkt\/summer-10-presetow-mobilnych-do-adobe-lightroom\/\"]}]},{\"@type\":\"BreadcrumbList\",\"@id\":\"https:\/\/wikilistka.pl\/sklep\/produkt\/summer-10-presetow-mobilnych-do-adobe-lightroom\/#breadcrumb\",\"itemListElement\":[{\"@type\":\"ListItem\",\"position\":1,\"name\":\"Strona g\u0142\u00f3wna\",\"item\":\"https:\/\/wikilistka.pl\/sklep\/\"},{\"@type\":\"ListItem\",\"position\":2,\"name\":\"E-book&#8217;i\",\"item\":\"https:\/\/wikilistka.pl\/sklep\/e-booki\/\"},{\"@type\":\"ListItem\",\"position\":3,\"name\":\"SUMMER- 10 preset\u00f3w mobilnych do Adobe Lightroom\"}]},{\"@type\":\"WebSite\",\"@id\":\"https:\/\/wikilistka.pl\/sklep\/#website\",\"url\":\"https:\/\/wikilistka.pl\/sklep\/\",\"name\":\"SmartEDU plakaty edukacyjne dla dzieci | alfabet\",\"description\":\"System efektywnego odgracania \u017cycia\",\"publisher\":{\"@id\":\"https:\/\/wikilistka.pl\/sklep\/#organization\"},\"potentialAction\":[{\"@type\":\"SearchAction\",\"target\":{\"@type\":\"EntryPoint\",\"urlTemplate\":\"https:\/\/wikilistka.pl\/sklep\/?s={search_term_string}\"},\"query-input\":\"required name=search_term_string\"}],\"inLanguage\":\"pl-PL\"},{\"@type\":\"Organization\",\"@id\":\"https:\/\/wikilistka.pl\/sklep\/#organization\",\"name\":\"Plakaty edukacyjne dla dzieci SmartEDU - alfabet, tabliczka mno\u017cenia, cyferki, literki\",\"url\":\"https:\/\/wikilistka.pl\/sklep\/\",\"logo\":{\"@type\":\"ImageObject\",\"inLanguage\":\"pl-PL\",\"@id\":\"https:\/\/wikilistka.pl\/sklep\/#\/schema\/logo\/image\/\",\"url\":\"https:\/\/wikilistka.pl\/sklep\/wp-content\/uploads\/2019\/11\/smartedu-logo-plakaty.png\",\"contentUrl\":\"https:\/\/wikilistka.pl\/sklep\/wp-content\/uploads\/2019\/11\/smartedu-logo-plakaty.png\",\"width\":500,\"height\":500,\"caption\":\"Plakaty edukacyjne dla dzieci SmartEDU - alfabet, tabliczka mno\u017cenia, cyferki, literki\"},\"image\":{\"@id\":\"https:\/\/wikilistka.pl\/sklep\/#\/schema\/logo\/image\/\"}}]}<\/script>\n<!-- \/ Yoast SEO plugin. -->","yoast_head_json":{"title":"SUMMER- 10 preset\u00f3w mobilnych do Adobe Lightroom","description":"Paczka SUMMER to zestaw 10 preset\u00f3w, kt\u00f3re idealnie podkr\u0119c\u0105 ka\u017cde letnie zdj\u0119cie.","robots":{"index":"index","follow":"follow","max-snippet":"max-snippet:-1","max-image-preview":"max-image-preview:large","max-video-preview":"max-video-preview:-1"},"canonical":"https:\/\/wikilistka.pl\/sklep\/produkt\/summer-10-presetow-mobilnych-do-adobe-lightroom\/","og_locale":"pl_PL","og_type":"article","og_title":"SUMMER- 10 preset\u00f3w mobilnych do Adobe Lightroom","og_description":"Paczka SUMMER to zestaw 10 preset\u00f3w, kt\u00f3re idealnie podkr\u0119c\u0105 ka\u017cde letnie zdj\u0119cie.","og_url":"https:\/\/wikilistka.pl\/sklep\/produkt\/summer-10-presetow-mobilnych-do-adobe-lightroom\/","og_site_name":"SmartLifeBook&#039;i","article_modified_time":"2023-11-03T00:08:21+00:00","og_image":[{"width":1080,"height":1080,"url":"https:\/\/wikilistka.pl\/sklep\/wp-content\/uploads\/2021\/08\/min-min-3.jpg","type":"image\/jpeg"}],"twitter_card":"summary_large_image","schema":{"@context":"https:\/\/schema.org","@graph":[{"@type":"WebPage","@id":"https:\/\/wikilistka.pl\/sklep\/produkt\/summer-10-presetow-mobilnych-do-adobe-lightroom\/","url":"https:\/\/wikilistka.pl\/sklep\/produkt\/summer-10-presetow-mobilnych-do-adobe-lightroom\/","name":"SUMMER- 10 preset\u00f3w mobilnych do Adobe Lightroom","isPartOf":{"@id":"https:\/\/wikilistka.pl\/sklep\/#website"},"datePublished":"2021-08-09T04:00:51+00:00","dateModified":"2023-11-03T00:08:21+00:00","description":"Paczka SUMMER to zestaw 10 preset\u00f3w, kt\u00f3re idealnie podkr\u0119c\u0105 ka\u017cde letnie zdj\u0119cie.","breadcrumb":{"@id":"https:\/\/wikilistka.pl\/sklep\/produkt\/summer-10-presetow-mobilnych-do-adobe-lightroom\/#breadcrumb"},"inLanguage":"pl-PL","potentialAction":[{"@type":"ReadAction","target":["https:\/\/wikilistka.pl\/sklep\/produkt\/summer-10-presetow-mobilnych-do-adobe-lightroom\/"]}]},{"@type":"BreadcrumbList","@id":"https:\/\/wikilistka.pl\/sklep\/produkt\/summer-10-presetow-mobilnych-do-adobe-lightroom\/#breadcrumb","itemListElement":[{"@type":"ListItem","position":1,"name":"Strona g\u0142\u00f3wna","item":"https:\/\/wikilistka.pl\/sklep\/"},{"@type":"ListItem","position":2,"name":"E-book&#8217;i","item":"https:\/\/wikilistka.pl\/sklep\/e-booki\/"},{"@type":"ListItem","position":3,"name":"SUMMER- 10 preset\u00f3w mobilnych do Adobe Lightroom"}]},{"@type":"WebSite","@id":"https:\/\/wikilistka.pl\/sklep\/#website","url":"https:\/\/wikilistka.pl\/sklep\/","name":"SmartEDU plakaty edukacyjne dla dzieci | alfabet","description":"System efektywnego odgracania \u017cycia","publisher":{"@id":"https:\/\/wikilistka.pl\/sklep\/#organization"},"potentialAction":[{"@type":"SearchAction","target":{"@type":"EntryPoint","urlTemplate":"https:\/\/wikilistka.pl\/sklep\/?s={search_term_string}"},"query-input":"required name=search_term_string"}],"inLanguage":"pl-PL"},{"@type":"Organization","@id":"https:\/\/wikilistka.pl\/sklep\/#organization","name":"Plakaty edukacyjne dla dzieci SmartEDU - alfabet, tabliczka mno\u017cenia, cyferki, literki","url":"https:\/\/wikilistka.pl\/sklep\/","logo":{"@type":"ImageObject","inLanguage":"pl-PL","@id":"https:\/\/wikilistka.pl\/sklep\/#\/schema\/logo\/image\/","url":"https:\/\/wikilistka.pl\/sklep\/wp-content\/uploads\/2019\/11\/smartedu-logo-plakaty.png","contentUrl":"https:\/\/wikilistka.pl\/sklep\/wp-content\/uploads\/2019\/11\/smartedu-logo-plakaty.png","width":500,"height":500,"caption":"Plakaty edukacyjne dla dzieci SmartEDU - alfabet, tabliczka mno\u017cenia, cyferki, literki"},"image":{"@id":"https:\/\/wikilistka.pl\/sklep\/#\/schema\/logo\/image\/"}}]}},"_links":{"self":[{"href":"https:\/\/wikilistka.pl\/sklep\/wp-json\/wp\/v2\/product\/222198"}],"collection":[{"href":"https:\/\/wikilistka.pl\/sklep\/wp-json\/wp\/v2\/product"}],"about":[{"href":"https:\/\/wikilistka.pl\/sklep\/wp-json\/wp\/v2\/types\/product"}],"wp:featuredmedia":[{"embeddable":true,"href":"https:\/\/wikilistka.pl\/sklep\/wp-json\/wp\/v2\/media\/222206"}],"wp:attachment":[{"href":"https:\/\/wikilistka.pl\/sklep\/wp-json\/wp\/v2\/media?parent=222198"}],"wp:term":[{"taxonomy":"product_cat","embeddable":true,"href":"https:\/\/wikilistka.pl\/sklep\/wp-json\/wp\/v2\/product_cat?post=222198"},{"taxonomy":"product_tag","embeddable":true,"href":"https:\/\/wikilistka.pl\/sklep\/wp-json\/wp\/v2\/product_tag?post=222198"}],"curies":[{"name":"wp","href":"https:\/\/api.w.org\/{rel}","templated":true}]}}