{"id":222113,"date":"2021-08-09T06:00:31","date_gmt":"2021-08-09T04:00:31","guid":{"rendered":"https:\/\/wikilistka.pl\/sklep\/?post_type=product&#038;p=222113"},"modified":"2023-11-03T01:08:21","modified_gmt":"2023-11-03T00:08:21","slug":"help-me-9-presetow-mobilnych-do-adobe-lightroom","status":"publish","type":"product","link":"https:\/\/wikilistka.pl\/sklep\/produkt\/help-me-9-presetow-mobilnych-do-adobe-lightroom\/","title":{"rendered":"HELP ME &#8211; 9 preset\u00f3w mobilnych do Adobe Lightroom"},"content":{"rendered":"<p><span style=\"font-weight: 400;\">Paczka preset\u00f3w HELP ME jest jak plasterek ratuj\u0105cy nieudane zdj\u0119cia! Dedykowana jest do ratowania wszystkich zdj\u0119\u0107, kt\u00f3re s\u0105 : za ciemne, za jasne, zrobione w ostrym s\u0142o\u0144cu czy zbyt \u017c\u00f3\u0142te (klasyk zdj\u0119\u0107 robionych w domu przy \u017car\u00f3wkach). Stworzy\u0142am j\u0105 z my\u015bl\u0105 o ka\u017cdym zdj\u0119ciu, na kt\u00f3rym z\u0142apa\u0142y\u015bmy pi\u0119kny moment, ale nie by\u0142o czasu pomy\u015ble\u0107 o poprawnych ustawieniach, wi\u0119c zdj\u0119cie jest&#8230;kiepskie technicznie.<\/span><\/p>\n<h3><strong>Paczka HELP ME zawiera 9 preset\u00f3w:<\/strong><\/h3>\n<ol>\n<li><span style=\"font-weight: 400;\"><strong>HELP ME black sun<\/strong> &#8211; idealnie ratuje zdj\u0119cia zrobione w ostrym s\u0142o\u0144cu i pod s\u0142o\u0144ce, na kt\u00f3rych g\u0142\u00f3wny obiekt jest totalnie zaciemniony (zobacz w galerii przyk\u0142ady)<\/span><\/li>\n<li><span style=\"font-weight: 400;\"><strong>HELP ME dark<\/strong> &#8211; ratuje zbyt jasne zdj\u0119cia<\/span><\/li>\n<li><span style=\"font-weight: 400;\"><strong>HELP ME dark up color<\/strong> &#8211; dzia\u0142a jak \u201cdark\u201d, ale dodatkowo podbija kolory<\/span><\/li>\n<li><span style=\"font-weight: 400;\"><strong>HELP ME dark up soft<\/strong> &#8211; dzia\u0142a podobnie do \u201cdark up color\u201d, ale daje efekt zmi\u0119kczonego, delikatniejszego zdj\u0119cia\u00a0<\/span><\/li>\n<li><span style=\"font-weight: 400;\"><strong>HELP ME home<\/strong> &#8211; \u015bwietnie sprawdzi si\u0119 do zdj\u0119\u0107 robionych w domu przy sztucznym \u015bwietle, poniewa\u017c w sprytny spos\u00f3b och\u0142adza tonacj\u0119 zdj\u0119cia<\/span><\/li>\n<li><span style=\"font-weight: 400;\"><strong>HELP ME home light<\/strong> &#8211; hit! ten preset uratuje zdj\u0119cia robione w domu, kt\u00f3re s\u0105 jednocze\u015bnie za ciemne i zbyt \u017c\u00f3\u0142te. Koniecznie sprawd\u017a w galerii produktu, jak dzia\u0142a ten preset!<\/span><\/li>\n<li><span style=\"font-weight: 400;\"><strong>HELP ME light<\/strong> &#8211; rozja\u015bnia zbyt ciemne zdj\u0119cia<\/span><\/li>\n<li><span style=\"font-weight: 400;\"><strong>HELP ME light color<\/strong> &#8211; rozja\u015bnia zbyt ciemne zdj\u0119cia, uwydatniaj\u0105c kolory<\/span><\/li>\n<li><span style=\"font-weight: 400;\"><strong>HELP ME light soft<\/strong> &#8211; rozja\u015bnia i nadaje efekt delikatnej po\u015bwiaty, kt\u00f3ra sprawia, \u017ce zdj\u0119cie wydaje si\u0119 delikatniejsze w odbiorze\u00a0<\/span><\/li>\n<\/ol>\n<p><span style=\"font-weight: 400;\">Presety, kt\u00f3re znajduj\u0105 si\u0119 w paczce HELP ME s\u0105 idealne do tego, \u017ceby uratowa\u0107 i wywo\u0142a\u0107 zdj\u0119cia, nawet te sprzed lat, kt\u00f3re ju\u017c kiedy\u015b spisa\u0142a\u015b na straty \ud83d\ude42\u00a0<\/span><\/p>\n<p><strong>Presety s\u0105 dedykowane darmowej aplikacji mobilnej Adobe Lightroom Photo Editor.<\/strong><\/p>\n<p><strong>Dzia\u0142aj\u0105 na telefonach z Androidem i iOS oraz ze wszystkimi wersjami Lightroom.<\/strong><\/p>\n<p><span style=\"font-weight: 400;\">Po zakupie, opr\u00f3cz preset\u00f3w, otrzymasz instrukcj\u0119 w formacie PDF, kt\u00f3ra krok po kroku poka\u017ce Ci: jak zainstalowa\u0107 aplikacj\u0119, jak wypakowa\u0107 presety, jak zainstalowa\u0107 je w swojej aplikacji oraz jak na\u0142o\u017cy\u0107 je na zdj\u0119cie.<\/span><\/p>\n<p><span style=\"font-weight: 400;\">Dla Twojej wygody i u\u0142atwienia Ci procesu importu preset\u00f3w, wszystkie zdj\u0119cia s\u0105 opisane, a instrukcja zawiera TIP-y, kt\u00f3re u\u0142atwi\u0105 Ci p\u00f3\u017aniejsze korzystanie z preset\u00f3w.\u00a0<\/span><\/p>\n","protected":false},"excerpt":{"rendered":"<p>Paczka preset\u00f3w HELP ME jest jak plasterek ratuj\u0105cy nieudane zdj\u0119cia! Dedykowana jest do ratowania wszystkich zdj\u0119\u0107, kt\u00f3re s\u0105 : za ciemne, za jasne, zrobione w ostrym s\u0142o\u0144cu czy zbyt \u017c\u00f3\u0142te (klasyk zdj\u0119\u0107 robionych w domu przy \u017car\u00f3wkach). Stworzy\u0142am j\u0105 z my\u015bl\u0105 o ka\u017cdym zdj\u0119ciu, na kt\u00f3rym z\u0142apa\u0142y\u015bmy pi\u0119kny moment, ale nie by\u0142o czasu pomy\u015ble\u0107 o [&hellip;]<\/p>\n","protected":false},"featured_media":222132,"template":"","meta":{"_et_pb_use_builder":"off","_et_pb_old_content":"","_et_gb_content_width":""},"product_cat":[83],"product_tag":[],"yoast_head":"<!-- This site is optimized with the Yoast SEO plugin v21.0 - https:\/\/yoast.com\/wordpress\/plugins\/seo\/ -->\n<title>HELP ME - 9 preset\u00f3w mobilnych do Adobe Lightroom<\/title>\n<meta name=\"description\" content=\"Paczka preset\u00f3w HELP ME jest jak plasterek ratuj\u0105cy nieudane zdj\u0119cia! Dedykowana jest do ratowania wszystkich zdj\u0119\u0107.\" \/>\n<meta name=\"robots\" content=\"index, follow, max-snippet:-1, max-image-preview:large, max-video-preview:-1\" \/>\n<link rel=\"canonical\" href=\"https:\/\/wikilistka.pl\/sklep\/produkt\/help-me-9-presetow-mobilnych-do-adobe-lightroom\/\" \/>\n<meta property=\"og:locale\" content=\"pl_PL\" \/>\n<meta property=\"og:type\" content=\"article\" \/>\n<meta property=\"og:title\" content=\"HELP ME - 9 preset\u00f3w mobilnych do Adobe Lightroom\" \/>\n<meta property=\"og:description\" content=\"Paczka preset\u00f3w HELP ME jest jak plasterek ratuj\u0105cy nieudane zdj\u0119cia! Dedykowana jest do ratowania wszystkich zdj\u0119\u0107.\" \/>\n<meta property=\"og:url\" content=\"https:\/\/wikilistka.pl\/sklep\/produkt\/help-me-9-presetow-mobilnych-do-adobe-lightroom\/\" \/>\n<meta property=\"og:site_name\" content=\"SmartLifeBook&#039;i\" \/>\n<meta property=\"article:modified_time\" content=\"2023-11-03T00:08:21+00:00\" \/>\n<meta property=\"og:image\" content=\"https:\/\/wikilistka.pl\/sklep\/wp-content\/uploads\/2021\/08\/min-min.jpg\" \/>\n\t<meta property=\"og:image:width\" content=\"1080\" \/>\n\t<meta property=\"og:image:height\" content=\"1080\" \/>\n\t<meta property=\"og:image:type\" content=\"image\/jpeg\" \/>\n<meta name=\"twitter:card\" content=\"summary_large_image\" \/>\n<meta name=\"twitter:label1\" content=\"Szacowany czas czytania\" \/>\n\t<meta name=\"twitter:data1\" content=\"2 minuty\" \/>\n<script type=\"application\/ld+json\" class=\"yoast-schema-graph\">{\"@context\":\"https:\/\/schema.org\",\"@graph\":[{\"@type\":\"WebPage\",\"@id\":\"https:\/\/wikilistka.pl\/sklep\/produkt\/help-me-9-presetow-mobilnych-do-adobe-lightroom\/\",\"url\":\"https:\/\/wikilistka.pl\/sklep\/produkt\/help-me-9-presetow-mobilnych-do-adobe-lightroom\/\",\"name\":\"HELP ME - 9 preset\u00f3w mobilnych do Adobe Lightroom\",\"isPartOf\":{\"@id\":\"https:\/\/wikilistka.pl\/sklep\/#website\"},\"datePublished\":\"2021-08-09T04:00:31+00:00\",\"dateModified\":\"2023-11-03T00:08:21+00:00\",\"description\":\"Paczka preset\u00f3w HELP ME jest jak plasterek ratuj\u0105cy nieudane zdj\u0119cia! Dedykowana jest do ratowania wszystkich zdj\u0119\u0107.\",\"breadcrumb\":{\"@id\":\"https:\/\/wikilistka.pl\/sklep\/produkt\/help-me-9-presetow-mobilnych-do-adobe-lightroom\/#breadcrumb\"},\"inLanguage\":\"pl-PL\",\"potentialAction\":[{\"@type\":\"ReadAction\",\"target\":[\"https:\/\/wikilistka.pl\/sklep\/produkt\/help-me-9-presetow-mobilnych-do-adobe-lightroom\/\"]}]},{\"@type\":\"BreadcrumbList\",\"@id\":\"https:\/\/wikilistka.pl\/sklep\/produkt\/help-me-9-presetow-mobilnych-do-adobe-lightroom\/#breadcrumb\",\"itemListElement\":[{\"@type\":\"ListItem\",\"position\":1,\"name\":\"Strona g\u0142\u00f3wna\",\"item\":\"https:\/\/wikilistka.pl\/sklep\/\"},{\"@type\":\"ListItem\",\"position\":2,\"name\":\"E-book&#8217;i\",\"item\":\"https:\/\/wikilistka.pl\/sklep\/e-booki\/\"},{\"@type\":\"ListItem\",\"position\":3,\"name\":\"HELP ME &#8211; 9 preset\u00f3w mobilnych do Adobe Lightroom\"}]},{\"@type\":\"WebSite\",\"@id\":\"https:\/\/wikilistka.pl\/sklep\/#website\",\"url\":\"https:\/\/wikilistka.pl\/sklep\/\",\"name\":\"SmartEDU plakaty edukacyjne dla dzieci | alfabet\",\"description\":\"System efektywnego odgracania \u017cycia\",\"publisher\":{\"@id\":\"https:\/\/wikilistka.pl\/sklep\/#organization\"},\"potentialAction\":[{\"@type\":\"SearchAction\",\"target\":{\"@type\":\"EntryPoint\",\"urlTemplate\":\"https:\/\/wikilistka.pl\/sklep\/?s={search_term_string}\"},\"query-input\":\"required name=search_term_string\"}],\"inLanguage\":\"pl-PL\"},{\"@type\":\"Organization\",\"@id\":\"https:\/\/wikilistka.pl\/sklep\/#organization\",\"name\":\"Plakaty edukacyjne dla dzieci SmartEDU - alfabet, tabliczka mno\u017cenia, cyferki, literki\",\"url\":\"https:\/\/wikilistka.pl\/sklep\/\",\"logo\":{\"@type\":\"ImageObject\",\"inLanguage\":\"pl-PL\",\"@id\":\"https:\/\/wikilistka.pl\/sklep\/#\/schema\/logo\/image\/\",\"url\":\"https:\/\/wikilistka.pl\/sklep\/wp-content\/uploads\/2019\/11\/smartedu-logo-plakaty.png\",\"contentUrl\":\"https:\/\/wikilistka.pl\/sklep\/wp-content\/uploads\/2019\/11\/smartedu-logo-plakaty.png\",\"width\":500,\"height\":500,\"caption\":\"Plakaty edukacyjne dla dzieci SmartEDU - alfabet, tabliczka mno\u017cenia, cyferki, literki\"},\"image\":{\"@id\":\"https:\/\/wikilistka.pl\/sklep\/#\/schema\/logo\/image\/\"}}]}<\/script>\n<!-- \/ Yoast SEO plugin. -->","yoast_head_json":{"title":"HELP ME - 9 preset\u00f3w mobilnych do Adobe Lightroom","description":"Paczka preset\u00f3w HELP ME jest jak plasterek ratuj\u0105cy nieudane zdj\u0119cia! Dedykowana jest do ratowania wszystkich zdj\u0119\u0107.","robots":{"index":"index","follow":"follow","max-snippet":"max-snippet:-1","max-image-preview":"max-image-preview:large","max-video-preview":"max-video-preview:-1"},"canonical":"https:\/\/wikilistka.pl\/sklep\/produkt\/help-me-9-presetow-mobilnych-do-adobe-lightroom\/","og_locale":"pl_PL","og_type":"article","og_title":"HELP ME - 9 preset\u00f3w mobilnych do Adobe Lightroom","og_description":"Paczka preset\u00f3w HELP ME jest jak plasterek ratuj\u0105cy nieudane zdj\u0119cia! Dedykowana jest do ratowania wszystkich zdj\u0119\u0107.","og_url":"https:\/\/wikilistka.pl\/sklep\/produkt\/help-me-9-presetow-mobilnych-do-adobe-lightroom\/","og_site_name":"SmartLifeBook&#039;i","article_modified_time":"2023-11-03T00:08:21+00:00","og_image":[{"width":1080,"height":1080,"url":"https:\/\/wikilistka.pl\/sklep\/wp-content\/uploads\/2021\/08\/min-min.jpg","type":"image\/jpeg"}],"twitter_card":"summary_large_image","twitter_misc":{"Szacowany czas czytania":"2 minuty"},"schema":{"@context":"https:\/\/schema.org","@graph":[{"@type":"WebPage","@id":"https:\/\/wikilistka.pl\/sklep\/produkt\/help-me-9-presetow-mobilnych-do-adobe-lightroom\/","url":"https:\/\/wikilistka.pl\/sklep\/produkt\/help-me-9-presetow-mobilnych-do-adobe-lightroom\/","name":"HELP ME - 9 preset\u00f3w mobilnych do Adobe Lightroom","isPartOf":{"@id":"https:\/\/wikilistka.pl\/sklep\/#website"},"datePublished":"2021-08-09T04:00:31+00:00","dateModified":"2023-11-03T00:08:21+00:00","description":"Paczka preset\u00f3w HELP ME jest jak plasterek ratuj\u0105cy nieudane zdj\u0119cia! Dedykowana jest do ratowania wszystkich zdj\u0119\u0107.","breadcrumb":{"@id":"https:\/\/wikilistka.pl\/sklep\/produkt\/help-me-9-presetow-mobilnych-do-adobe-lightroom\/#breadcrumb"},"inLanguage":"pl-PL","potentialAction":[{"@type":"ReadAction","target":["https:\/\/wikilistka.pl\/sklep\/produkt\/help-me-9-presetow-mobilnych-do-adobe-lightroom\/"]}]},{"@type":"BreadcrumbList","@id":"https:\/\/wikilistka.pl\/sklep\/produkt\/help-me-9-presetow-mobilnych-do-adobe-lightroom\/#breadcrumb","itemListElement":[{"@type":"ListItem","position":1,"name":"Strona g\u0142\u00f3wna","item":"https:\/\/wikilistka.pl\/sklep\/"},{"@type":"ListItem","position":2,"name":"E-book&#8217;i","item":"https:\/\/wikilistka.pl\/sklep\/e-booki\/"},{"@type":"ListItem","position":3,"name":"HELP ME &#8211; 9 preset\u00f3w mobilnych do Adobe Lightroom"}]},{"@type":"WebSite","@id":"https:\/\/wikilistka.pl\/sklep\/#website","url":"https:\/\/wikilistka.pl\/sklep\/","name":"SmartEDU plakaty edukacyjne dla dzieci | alfabet","description":"System efektywnego odgracania \u017cycia","publisher":{"@id":"https:\/\/wikilistka.pl\/sklep\/#organization"},"potentialAction":[{"@type":"SearchAction","target":{"@type":"EntryPoint","urlTemplate":"https:\/\/wikilistka.pl\/sklep\/?s={search_term_string}"},"query-input":"required name=search_term_string"}],"inLanguage":"pl-PL"},{"@type":"Organization","@id":"https:\/\/wikilistka.pl\/sklep\/#organization","name":"Plakaty edukacyjne dla dzieci SmartEDU - alfabet, tabliczka mno\u017cenia, cyferki, literki","url":"https:\/\/wikilistka.pl\/sklep\/","logo":{"@type":"ImageObject","inLanguage":"pl-PL","@id":"https:\/\/wikilistka.pl\/sklep\/#\/schema\/logo\/image\/","url":"https:\/\/wikilistka.pl\/sklep\/wp-content\/uploads\/2019\/11\/smartedu-logo-plakaty.png","contentUrl":"https:\/\/wikilistka.pl\/sklep\/wp-content\/uploads\/2019\/11\/smartedu-logo-plakaty.png","width":500,"height":500,"caption":"Plakaty edukacyjne dla dzieci SmartEDU - alfabet, tabliczka mno\u017cenia, cyferki, literki"},"image":{"@id":"https:\/\/wikilistka.pl\/sklep\/#\/schema\/logo\/image\/"}}]}},"_links":{"self":[{"href":"https:\/\/wikilistka.pl\/sklep\/wp-json\/wp\/v2\/product\/222113"}],"collection":[{"href":"https:\/\/wikilistka.pl\/sklep\/wp-json\/wp\/v2\/product"}],"about":[{"href":"https:\/\/wikilistka.pl\/sklep\/wp-json\/wp\/v2\/types\/product"}],"wp:featuredmedia":[{"embeddable":true,"href":"https:\/\/wikilistka.pl\/sklep\/wp-json\/wp\/v2\/media\/222132"}],"wp:attachment":[{"href":"https:\/\/wikilistka.pl\/sklep\/wp-json\/wp\/v2\/media?parent=222113"}],"wp:term":[{"taxonomy":"product_cat","embeddable":true,"href":"https:\/\/wikilistka.pl\/sklep\/wp-json\/wp\/v2\/product_cat?post=222113"},{"taxonomy":"product_tag","embeddable":true,"href":"https:\/\/wikilistka.pl\/sklep\/wp-json\/wp\/v2\/product_tag?post=222113"}],"curies":[{"name":"wp","href":"https:\/\/api.w.org\/{rel}","templated":true}]}}