{"id":221426,"date":"2020-06-06T13:11:15","date_gmt":"2020-06-06T11:11:15","guid":{"rendered":"https:\/\/wikilistka.pl\/sklep\/?post_type=product&#038;p=221426"},"modified":"2024-09-28T17:16:49","modified_gmt":"2024-09-28T15:16:49","slug":"workbook-skuteczne-odgracanie","status":"publish","type":"product","link":"https:\/\/wikilistka.pl\/sklep\/produkt\/workbook-skuteczne-odgracanie\/","title":{"rendered":"WorkBook #SKUTECZNE ODGRACANIE. Jak skutecznie pozby\u0107 si\u0119 nadmiaru?"},"content":{"rendered":"<p><strong>W WorkBooku SKUTECZNE ODGRACANIE prowadz\u0119 Ci\u0119 krok po kroku przez odgracanie &#8211; od przepracowywania przekona\u0144, po odgracanie domu krok po kroku <\/strong><\/p>\n<p>Chcia\u0142aby\u015b odgraci\u0107 przestrze\u0144, a p\u00f3\u017aniej nauczy\u0107 si\u0119 jak na bie\u017c\u0105co oczyszcza\u0107 j\u0105 ze zb\u0119dnych rzeczy?<br \/>\nChcesz w ko\u0144cu uporz\u0105dkowa\u0107 dokumenty i mie\u0107 to z g\u0142owy?<br \/>\nDenerwuj\u0105 Ci\u0119 porozrzucane rzeczy, kt\u00f3re nie maj\u0105 swojego miejsca?<\/p>\n<p><strong>Z workbookiem \u201cSkuteczne ODGRACANIE\u201d :<\/strong><\/p>\n<ul>\n<li>Przepracujesz przekonania, kt\u00f3re blokuj\u0105 Ci\u0119 przed pozbywaniem si\u0119 rzeczy<\/li>\n<li>Unikniesz podstawowych b\u0142\u0119d\u00f3w podczas odgracania<\/li>\n<li>Zaplanujesz proces odgracania strategicznie<\/li>\n<li>Odgracisz dom krok po kroku bez uczucia przyt\u0142oczenia<\/li>\n<li>Przejrzysz ka\u017cd\u0105 kategori\u0119 przedmiot\u00f3w<\/li>\n<li>Nauczysz si\u0119, co wyrzuci\u0107, co odda\u0107, a co sprzeda\u0107<\/li>\n<li>Dowiesz si\u0119, gdzie mo\u017cesz odda\u0107 lub wyrzuci\u0107 niepotrzebne rzeczy<\/li>\n<li>Poznasz moje sprawdzone tipy dotycz\u0105ce odgracania<\/li>\n<li>Dowiesz si\u0119, jak nie zaprzepa\u015bci\u0107 efekt\u00f3w odgracania<\/li>\n<\/ul>\n<p>Workbook to taki &#8222;mniej interaktywny kurs online&#8221;.\u00a0 To elektroniczna ksi\u0105\u017cka, z kt\u00f3r\u0105 &#8222;pracujesz&#8221;.<br \/>\nNie po\u0142ykasz jej jednego wieczoru, tylko dajesz sobie czas, by przej\u015b\u0107 z listami przez wszystkie etapy, krok po kroku.<br \/>\nRozdzia\u0142y s\u0105 przejrzy\u015bcie podzielone, \u017ceby \u0142atwo by\u0142o Ci wr\u00f3ci\u0107 do miejsca, kt\u00f3rego aktualnie potrzebujesz.<\/p>\n<ul>\n<li><b>153 strony<\/b><\/li>\n<li>wygodny format PDF, zoptymalizowany do czytania na telefonie \ud83d\ude42<\/li>\n<\/ul>\n","protected":false},"excerpt":{"rendered":"<p>W WorkBooku SKUTECZNE ODGRACANIE prowadz\u0119 Ci\u0119 krok po kroku przez odgracanie &#8211; od przepracowywania przekona\u0144, po odgracanie domu krok po kroku Chcia\u0142aby\u015b odgraci\u0107 przestrze\u0144, a p\u00f3\u017aniej nauczy\u0107 si\u0119 jak na bie\u017c\u0105co oczyszcza\u0107 j\u0105 ze zb\u0119dnych rzeczy? Chcesz w ko\u0144cu uporz\u0105dkowa\u0107 dokumenty i mie\u0107 to z g\u0142owy? Denerwuj\u0105 Ci\u0119 porozrzucane rzeczy, kt\u00f3re nie maj\u0105 swojego miejsca? [&hellip;]<\/p>\n","protected":false},"featured_media":221430,"template":"","meta":{"_et_pb_use_builder":"off","_et_pb_old_content":"","_et_gb_content_width":""},"product_cat":[82],"product_tag":[],"yoast_head":"<!-- This site is optimized with the Yoast SEO plugin v21.0 - https:\/\/yoast.com\/wordpress\/plugins\/seo\/ -->\n<title>WorkBook #SKUTECZNE ODGRACANIE. Jak skutecznie pozby\u0107 si\u0119 nadmiaru? &bull; SmartLifeBook&#039;i<\/title>\n<meta name=\"robots\" content=\"index, follow, max-snippet:-1, max-image-preview:large, max-video-preview:-1\" \/>\n<link rel=\"canonical\" href=\"https:\/\/wikilistka.pl\/sklep\/produkt\/workbook-skuteczne-odgracanie\/\" \/>\n<meta property=\"og:locale\" content=\"pl_PL\" \/>\n<meta property=\"og:type\" content=\"article\" \/>\n<meta property=\"og:title\" content=\"WorkBook #SKUTECZNE ODGRACANIE. Jak skutecznie pozby\u0107 si\u0119 nadmiaru? &bull; SmartLifeBook&#039;i\" \/>\n<meta property=\"og:description\" content=\"W WorkBooku SKUTECZNE ODGRACANIE prowadz\u0119 Ci\u0119 krok po kroku przez odgracanie &#8211; od przepracowywania przekona\u0144, po odgracanie domu krok po kroku Chcia\u0142aby\u015b odgraci\u0107 przestrze\u0144, a p\u00f3\u017aniej nauczy\u0107 si\u0119 jak na bie\u017c\u0105co oczyszcza\u0107 j\u0105 ze zb\u0119dnych rzeczy? Chcesz w ko\u0144cu uporz\u0105dkowa\u0107 dokumenty i mie\u0107 to z g\u0142owy? Denerwuj\u0105 Ci\u0119 porozrzucane rzeczy, kt\u00f3re nie maj\u0105 swojego miejsca? [&hellip;]\" \/>\n<meta property=\"og:url\" content=\"https:\/\/wikilistka.pl\/sklep\/produkt\/workbook-skuteczne-odgracanie\/\" \/>\n<meta property=\"og:site_name\" content=\"SmartLifeBook&#039;i\" \/>\n<meta property=\"article:modified_time\" content=\"2024-09-28T15:16:49+00:00\" \/>\n<meta property=\"og:image\" content=\"https:\/\/wikilistka.pl\/sklep\/wp-content\/uploads\/2020\/06\/space-gray-ipad-mockup-on-a-gray-set-up-with-pink-flowers-22547-768x1024.png\" \/>\n\t<meta property=\"og:image:width\" content=\"768\" \/>\n\t<meta property=\"og:image:height\" content=\"1024\" \/>\n\t<meta property=\"og:image:type\" content=\"image\/png\" \/>\n<meta name=\"twitter:card\" content=\"summary_large_image\" \/>\n<meta name=\"twitter:label1\" content=\"Szacowany czas czytania\" \/>\n\t<meta name=\"twitter:data1\" content=\"2 minuty\" \/>\n<script type=\"application\/ld+json\" class=\"yoast-schema-graph\">{\"@context\":\"https:\/\/schema.org\",\"@graph\":[{\"@type\":\"WebPage\",\"@id\":\"https:\/\/wikilistka.pl\/sklep\/produkt\/workbook-skuteczne-odgracanie\/\",\"url\":\"https:\/\/wikilistka.pl\/sklep\/produkt\/workbook-skuteczne-odgracanie\/\",\"name\":\"WorkBook #SKUTECZNE ODGRACANIE. Jak skutecznie pozby\u0107 si\u0119 nadmiaru? &bull; SmartLifeBook&#039;i\",\"isPartOf\":{\"@id\":\"https:\/\/wikilistka.pl\/sklep\/#website\"},\"datePublished\":\"2020-06-06T11:11:15+00:00\",\"dateModified\":\"2024-09-28T15:16:49+00:00\",\"breadcrumb\":{\"@id\":\"https:\/\/wikilistka.pl\/sklep\/produkt\/workbook-skuteczne-odgracanie\/#breadcrumb\"},\"inLanguage\":\"pl-PL\",\"potentialAction\":[{\"@type\":\"ReadAction\",\"target\":[\"https:\/\/wikilistka.pl\/sklep\/produkt\/workbook-skuteczne-odgracanie\/\"]}]},{\"@type\":\"BreadcrumbList\",\"@id\":\"https:\/\/wikilistka.pl\/sklep\/produkt\/workbook-skuteczne-odgracanie\/#breadcrumb\",\"itemListElement\":[{\"@type\":\"ListItem\",\"position\":1,\"name\":\"Strona g\u0142\u00f3wna\",\"item\":\"https:\/\/wikilistka.pl\/sklep\/\"},{\"@type\":\"ListItem\",\"position\":2,\"name\":\"E-book&#8217;i\",\"item\":\"https:\/\/wikilistka.pl\/sklep\/e-booki\/\"},{\"@type\":\"ListItem\",\"position\":3,\"name\":\"WorkBook #SKUTECZNE ODGRACANIE. Jak skutecznie pozby\u0107 si\u0119 nadmiaru?\"}]},{\"@type\":\"WebSite\",\"@id\":\"https:\/\/wikilistka.pl\/sklep\/#website\",\"url\":\"https:\/\/wikilistka.pl\/sklep\/\",\"name\":\"SmartEDU plakaty edukacyjne dla dzieci | alfabet\",\"description\":\"System efektywnego odgracania \u017cycia\",\"publisher\":{\"@id\":\"https:\/\/wikilistka.pl\/sklep\/#organization\"},\"potentialAction\":[{\"@type\":\"SearchAction\",\"target\":{\"@type\":\"EntryPoint\",\"urlTemplate\":\"https:\/\/wikilistka.pl\/sklep\/?s={search_term_string}\"},\"query-input\":\"required name=search_term_string\"}],\"inLanguage\":\"pl-PL\"},{\"@type\":\"Organization\",\"@id\":\"https:\/\/wikilistka.pl\/sklep\/#organization\",\"name\":\"Plakaty edukacyjne dla dzieci SmartEDU - alfabet, tabliczka mno\u017cenia, cyferki, literki\",\"url\":\"https:\/\/wikilistka.pl\/sklep\/\",\"logo\":{\"@type\":\"ImageObject\",\"inLanguage\":\"pl-PL\",\"@id\":\"https:\/\/wikilistka.pl\/sklep\/#\/schema\/logo\/image\/\",\"url\":\"https:\/\/wikilistka.pl\/sklep\/wp-content\/uploads\/2019\/11\/smartedu-logo-plakaty.png\",\"contentUrl\":\"https:\/\/wikilistka.pl\/sklep\/wp-content\/uploads\/2019\/11\/smartedu-logo-plakaty.png\",\"width\":500,\"height\":500,\"caption\":\"Plakaty edukacyjne dla dzieci SmartEDU - alfabet, tabliczka mno\u017cenia, cyferki, literki\"},\"image\":{\"@id\":\"https:\/\/wikilistka.pl\/sklep\/#\/schema\/logo\/image\/\"}}]}<\/script>\n<!-- \/ Yoast SEO plugin. -->","yoast_head_json":{"title":"WorkBook #SKUTECZNE ODGRACANIE. Jak skutecznie pozby\u0107 si\u0119 nadmiaru? &bull; SmartLifeBook&#039;i","robots":{"index":"index","follow":"follow","max-snippet":"max-snippet:-1","max-image-preview":"max-image-preview:large","max-video-preview":"max-video-preview:-1"},"canonical":"https:\/\/wikilistka.pl\/sklep\/produkt\/workbook-skuteczne-odgracanie\/","og_locale":"pl_PL","og_type":"article","og_title":"WorkBook #SKUTECZNE ODGRACANIE. Jak skutecznie pozby\u0107 si\u0119 nadmiaru? &bull; SmartLifeBook&#039;i","og_description":"W WorkBooku SKUTECZNE ODGRACANIE prowadz\u0119 Ci\u0119 krok po kroku przez odgracanie &#8211; od przepracowywania przekona\u0144, po odgracanie domu krok po kroku Chcia\u0142aby\u015b odgraci\u0107 przestrze\u0144, a p\u00f3\u017aniej nauczy\u0107 si\u0119 jak na bie\u017c\u0105co oczyszcza\u0107 j\u0105 ze zb\u0119dnych rzeczy? Chcesz w ko\u0144cu uporz\u0105dkowa\u0107 dokumenty i mie\u0107 to z g\u0142owy? Denerwuj\u0105 Ci\u0119 porozrzucane rzeczy, kt\u00f3re nie maj\u0105 swojego miejsca? [&hellip;]","og_url":"https:\/\/wikilistka.pl\/sklep\/produkt\/workbook-skuteczne-odgracanie\/","og_site_name":"SmartLifeBook&#039;i","article_modified_time":"2024-09-28T15:16:49+00:00","og_image":[{"width":768,"height":1024,"url":"https:\/\/wikilistka.pl\/sklep\/wp-content\/uploads\/2020\/06\/space-gray-ipad-mockup-on-a-gray-set-up-with-pink-flowers-22547-768x1024.png","type":"image\/png"}],"twitter_card":"summary_large_image","twitter_misc":{"Szacowany czas czytania":"2 minuty"},"schema":{"@context":"https:\/\/schema.org","@graph":[{"@type":"WebPage","@id":"https:\/\/wikilistka.pl\/sklep\/produkt\/workbook-skuteczne-odgracanie\/","url":"https:\/\/wikilistka.pl\/sklep\/produkt\/workbook-skuteczne-odgracanie\/","name":"WorkBook #SKUTECZNE ODGRACANIE. Jak skutecznie pozby\u0107 si\u0119 nadmiaru? &bull; SmartLifeBook&#039;i","isPartOf":{"@id":"https:\/\/wikilistka.pl\/sklep\/#website"},"datePublished":"2020-06-06T11:11:15+00:00","dateModified":"2024-09-28T15:16:49+00:00","breadcrumb":{"@id":"https:\/\/wikilistka.pl\/sklep\/produkt\/workbook-skuteczne-odgracanie\/#breadcrumb"},"inLanguage":"pl-PL","potentialAction":[{"@type":"ReadAction","target":["https:\/\/wikilistka.pl\/sklep\/produkt\/workbook-skuteczne-odgracanie\/"]}]},{"@type":"BreadcrumbList","@id":"https:\/\/wikilistka.pl\/sklep\/produkt\/workbook-skuteczne-odgracanie\/#breadcrumb","itemListElement":[{"@type":"ListItem","position":1,"name":"Strona g\u0142\u00f3wna","item":"https:\/\/wikilistka.pl\/sklep\/"},{"@type":"ListItem","position":2,"name":"E-book&#8217;i","item":"https:\/\/wikilistka.pl\/sklep\/e-booki\/"},{"@type":"ListItem","position":3,"name":"WorkBook #SKUTECZNE ODGRACANIE. Jak skutecznie pozby\u0107 si\u0119 nadmiaru?"}]},{"@type":"WebSite","@id":"https:\/\/wikilistka.pl\/sklep\/#website","url":"https:\/\/wikilistka.pl\/sklep\/","name":"SmartEDU plakaty edukacyjne dla dzieci | alfabet","description":"System efektywnego odgracania \u017cycia","publisher":{"@id":"https:\/\/wikilistka.pl\/sklep\/#organization"},"potentialAction":[{"@type":"SearchAction","target":{"@type":"EntryPoint","urlTemplate":"https:\/\/wikilistka.pl\/sklep\/?s={search_term_string}"},"query-input":"required name=search_term_string"}],"inLanguage":"pl-PL"},{"@type":"Organization","@id":"https:\/\/wikilistka.pl\/sklep\/#organization","name":"Plakaty edukacyjne dla dzieci SmartEDU - alfabet, tabliczka mno\u017cenia, cyferki, literki","url":"https:\/\/wikilistka.pl\/sklep\/","logo":{"@type":"ImageObject","inLanguage":"pl-PL","@id":"https:\/\/wikilistka.pl\/sklep\/#\/schema\/logo\/image\/","url":"https:\/\/wikilistka.pl\/sklep\/wp-content\/uploads\/2019\/11\/smartedu-logo-plakaty.png","contentUrl":"https:\/\/wikilistka.pl\/sklep\/wp-content\/uploads\/2019\/11\/smartedu-logo-plakaty.png","width":500,"height":500,"caption":"Plakaty edukacyjne dla dzieci SmartEDU - alfabet, tabliczka mno\u017cenia, cyferki, literki"},"image":{"@id":"https:\/\/wikilistka.pl\/sklep\/#\/schema\/logo\/image\/"}}]}},"_links":{"self":[{"href":"https:\/\/wikilistka.pl\/sklep\/wp-json\/wp\/v2\/product\/221426"}],"collection":[{"href":"https:\/\/wikilistka.pl\/sklep\/wp-json\/wp\/v2\/product"}],"about":[{"href":"https:\/\/wikilistka.pl\/sklep\/wp-json\/wp\/v2\/types\/product"}],"wp:featuredmedia":[{"embeddable":true,"href":"https:\/\/wikilistka.pl\/sklep\/wp-json\/wp\/v2\/media\/221430"}],"wp:attachment":[{"href":"https:\/\/wikilistka.pl\/sklep\/wp-json\/wp\/v2\/media?parent=221426"}],"wp:term":[{"taxonomy":"product_cat","embeddable":true,"href":"https:\/\/wikilistka.pl\/sklep\/wp-json\/wp\/v2\/product_cat?post=221426"},{"taxonomy":"product_tag","embeddable":true,"href":"https:\/\/wikilistka.pl\/sklep\/wp-json\/wp\/v2\/product_tag?post=221426"}],"curies":[{"name":"wp","href":"https:\/\/api.w.org\/{rel}","templated":true}]}}