{"id":1090,"date":"2019-06-14T19:22:33","date_gmt":"2019-06-14T17:22:33","guid":{"rendered":"https:\/\/wikilistka.pl\/sklep\/?post_type=product&#038;p=1090"},"modified":"2023-11-23T19:55:31","modified_gmt":"2023-11-23T18:55:31","slug":"ebook-smartshopping","status":"publish","type":"product","link":"https:\/\/wikilistka.pl\/sklep\/produkt\/ebook-smartshopping\/","title":{"rendered":"E-Book #Praktyczny SmartShopping"},"content":{"rendered":"<p>&nbsp;<\/p>\n<h2><b>E-Book #Praktyczny SmartShopping | SmartLifeBOOKs<\/b><\/h2>\n<h4>Jak kupowa\u0107 sprytniej i z g\u0142ow\u0105?<\/h4>\n<p>Elektroniczny poradnik w formacie PDF .<\/p>\n<p><strong>Jakie tematy poruszam w e-book&#8217;u Praktyczny SMARTSHOPPING ?<\/strong><\/p>\n<ul>\n<li>Jak mo\u017cna kupowa\u0107 \u015bwietn\u0105 jako\u015b\u0107 w lepszej cenie?<\/li>\n<li>Jak polowa\u0107 na okazje?<\/li>\n<li>Co warto kupi\u0107 dro\u017cej, a czego nie?<\/li>\n<li>Jakimi zasadami kieruj\u0119 si\u0119 podczas zakup\u00f3w i co to ma wsp\u00f3lnego z zarz\u0105dzaniem rzeczami?<\/li>\n<li>Jak sprytnie kupowa\u0107 na wyprzeda\u017cach?<\/li>\n<li>Jak \u015bledzi\u0107 promocje i planowa\u0107 zakupy?<\/li>\n<li>Przydatne listy i checklisty zakupowe do wydrukowania<\/li>\n<\/ul>\n","protected":false},"excerpt":{"rendered":"<p>&nbsp;<\/p>\n<h2><b>E-Book #Praktyczny SmartShopping | SmartLifeBOOKs<\/b><\/h2>\n<h4>Jak kupowa\u0107 sprytniej i z g\u0142ow\u0105?<\/h4>\n<p>Elektroniczny poradnik w formacie PDF .<\/p>\n<p><strong>Jakie tematy poruszam w e-book&#8217;u Praktyczny SMARTSHOPPING ?<\/strong><\/p>\n<ul>\n<li>Jak mo\u017cna kupowa\u0107 \u015bwietn\u0105 jako\u015b\u0107 w lepszej cenie?<\/li>\n<li>Jak polowa\u0107 na okazje?<\/li>\n<li>Co warto kupi\u0107 dro\u017cej, a czego nie?<\/li>\n<li>Jakimi zasadami kieruj\u0119 si\u0119 podczas zakup\u00f3w i co to ma wsp\u00f3lnego z zarz\u0105dzaniem rzeczami?<\/li>\n<li>Jak sprytnie kupowa\u0107 na wyprzeda\u017cach?<\/li>\n<li>Jak \u015bledzi\u0107 promocje i planowa\u0107 zakupy?<\/li>\n<li>Przydatne listy i checklisty zakupowe do wydrukowania<\/li>\n<\/ul>\n","protected":false},"featured_media":221424,"template":"","meta":{"_et_pb_use_builder":"","_et_pb_old_content":"","_et_gb_content_width":""},"product_cat":[82],"product_tag":[],"yoast_head":"<!-- This site is optimized with the Yoast SEO plugin v21.0 - https:\/\/yoast.com\/wordpress\/plugins\/seo\/ -->\n<title>E-Book #Praktyczny SmartShopping &bull; SmartLifeBook&#039;i<\/title>\n<meta name=\"robots\" content=\"index, follow, max-snippet:-1, max-image-preview:large, max-video-preview:-1\" \/>\n<link rel=\"canonical\" href=\"https:\/\/wikilistka.pl\/sklep\/produkt\/ebook-smartshopping\/\" \/>\n<meta property=\"og:locale\" content=\"pl_PL\" \/>\n<meta property=\"og:type\" content=\"article\" \/>\n<meta property=\"og:title\" content=\"E-Book #Praktyczny SmartShopping &bull; SmartLifeBook&#039;i\" \/>\n<meta property=\"og:description\" content=\"&nbsp; E-Book #Praktyczny SmartShopping | SmartLifeBOOKs Jak kupowa\u0107 sprytniej i z g\u0142ow\u0105? Elektroniczny poradnik w formacie PDF .  Jakie tematy poruszam w e-book&#039;u Praktyczny SMARTSHOPPING ?   Jak mo\u017cna kupowa\u0107 \u015bwietn\u0105 jako\u015b\u0107 w lepszej cenie?  Jak polowa\u0107 na okazje?  Co warto kupi\u0107 dro\u017cej, a czego nie?  Jakimi zasadami kieruj\u0119 si\u0119 podczas zakup\u00f3w i co to ma wsp\u00f3lnego z zarz\u0105dzaniem rzeczami?  Jak sprytnie kupowa\u0107 na wyprzeda\u017cach?  Jak \u015bledzi\u0107 promocje i planowa\u0107 zakupy?  Przydatne listy i checklisty zakupowe do wydrukowania\" \/>\n<meta property=\"og:url\" content=\"https:\/\/wikilistka.pl\/sklep\/produkt\/ebook-smartshopping\/\" \/>\n<meta property=\"og:site_name\" content=\"SmartLifeBook&#039;i\" \/>\n<meta property=\"article:modified_time\" content=\"2023-11-23T18:55:31+00:00\" \/>\n<meta property=\"og:image\" content=\"https:\/\/wikilistka.pl\/sklep\/wp-content\/uploads\/2019\/06\/mockup-SMARTSHOPPING-do-sklepu-675x1024.png\" \/>\n\t<meta property=\"og:image:width\" content=\"675\" \/>\n\t<meta property=\"og:image:height\" content=\"1024\" \/>\n\t<meta property=\"og:image:type\" content=\"image\/png\" \/>\n<meta name=\"twitter:card\" content=\"summary_large_image\" \/>\n<meta name=\"twitter:label1\" content=\"Szacowany czas czytania\" \/>\n\t<meta name=\"twitter:data1\" content=\"1 minuta\" \/>\n<script type=\"application\/ld+json\" class=\"yoast-schema-graph\">{\"@context\":\"https:\/\/schema.org\",\"@graph\":[{\"@type\":\"WebPage\",\"@id\":\"https:\/\/wikilistka.pl\/sklep\/produkt\/ebook-smartshopping\/\",\"url\":\"https:\/\/wikilistka.pl\/sklep\/produkt\/ebook-smartshopping\/\",\"name\":\"E-Book #Praktyczny SmartShopping &bull; SmartLifeBook&#039;i\",\"isPartOf\":{\"@id\":\"https:\/\/wikilistka.pl\/sklep\/#website\"},\"datePublished\":\"2019-06-14T17:22:33+00:00\",\"dateModified\":\"2023-11-23T18:55:31+00:00\",\"breadcrumb\":{\"@id\":\"https:\/\/wikilistka.pl\/sklep\/produkt\/ebook-smartshopping\/#breadcrumb\"},\"inLanguage\":\"pl-PL\",\"potentialAction\":[{\"@type\":\"ReadAction\",\"target\":[\"https:\/\/wikilistka.pl\/sklep\/produkt\/ebook-smartshopping\/\"]}]},{\"@type\":\"BreadcrumbList\",\"@id\":\"https:\/\/wikilistka.pl\/sklep\/produkt\/ebook-smartshopping\/#breadcrumb\",\"itemListElement\":[{\"@type\":\"ListItem\",\"position\":1,\"name\":\"Strona g\u0142\u00f3wna\",\"item\":\"https:\/\/wikilistka.pl\/sklep\/\"},{\"@type\":\"ListItem\",\"position\":2,\"name\":\"E-book&#8217;i\",\"item\":\"https:\/\/wikilistka.pl\/sklep\/e-booki\/\"},{\"@type\":\"ListItem\",\"position\":3,\"name\":\"E-Book #Praktyczny SmartShopping\"}]},{\"@type\":\"WebSite\",\"@id\":\"https:\/\/wikilistka.pl\/sklep\/#website\",\"url\":\"https:\/\/wikilistka.pl\/sklep\/\",\"name\":\"SmartEDU plakaty edukacyjne dla dzieci | alfabet\",\"description\":\"System efektywnego odgracania \u017cycia\",\"publisher\":{\"@id\":\"https:\/\/wikilistka.pl\/sklep\/#organization\"},\"potentialAction\":[{\"@type\":\"SearchAction\",\"target\":{\"@type\":\"EntryPoint\",\"urlTemplate\":\"https:\/\/wikilistka.pl\/sklep\/?s={search_term_string}\"},\"query-input\":\"required name=search_term_string\"}],\"inLanguage\":\"pl-PL\"},{\"@type\":\"Organization\",\"@id\":\"https:\/\/wikilistka.pl\/sklep\/#organization\",\"name\":\"Plakaty edukacyjne dla dzieci SmartEDU - alfabet, tabliczka mno\u017cenia, cyferki, literki\",\"url\":\"https:\/\/wikilistka.pl\/sklep\/\",\"logo\":{\"@type\":\"ImageObject\",\"inLanguage\":\"pl-PL\",\"@id\":\"https:\/\/wikilistka.pl\/sklep\/#\/schema\/logo\/image\/\",\"url\":\"https:\/\/wikilistka.pl\/sklep\/wp-content\/uploads\/2019\/11\/smartedu-logo-plakaty.png\",\"contentUrl\":\"https:\/\/wikilistka.pl\/sklep\/wp-content\/uploads\/2019\/11\/smartedu-logo-plakaty.png\",\"width\":500,\"height\":500,\"caption\":\"Plakaty edukacyjne dla dzieci SmartEDU - alfabet, tabliczka mno\u017cenia, cyferki, literki\"},\"image\":{\"@id\":\"https:\/\/wikilistka.pl\/sklep\/#\/schema\/logo\/image\/\"}}]}<\/script>\n<!-- \/ Yoast SEO plugin. -->","yoast_head_json":{"title":"E-Book #Praktyczny SmartShopping &bull; SmartLifeBook&#039;i","robots":{"index":"index","follow":"follow","max-snippet":"max-snippet:-1","max-image-preview":"max-image-preview:large","max-video-preview":"max-video-preview:-1"},"canonical":"https:\/\/wikilistka.pl\/sklep\/produkt\/ebook-smartshopping\/","og_locale":"pl_PL","og_type":"article","og_title":"E-Book #Praktyczny SmartShopping &bull; SmartLifeBook&#039;i","og_description":"&nbsp; E-Book #Praktyczny SmartShopping | SmartLifeBOOKs Jak kupowa\u0107 sprytniej i z g\u0142ow\u0105? Elektroniczny poradnik w formacie PDF .  Jakie tematy poruszam w e-book'u Praktyczny SMARTSHOPPING ?   Jak mo\u017cna kupowa\u0107 \u015bwietn\u0105 jako\u015b\u0107 w lepszej cenie?  Jak polowa\u0107 na okazje?  Co warto kupi\u0107 dro\u017cej, a czego nie?  Jakimi zasadami kieruj\u0119 si\u0119 podczas zakup\u00f3w i co to ma wsp\u00f3lnego z zarz\u0105dzaniem rzeczami?  Jak sprytnie kupowa\u0107 na wyprzeda\u017cach?  Jak \u015bledzi\u0107 promocje i planowa\u0107 zakupy?  Przydatne listy i checklisty zakupowe do wydrukowania","og_url":"https:\/\/wikilistka.pl\/sklep\/produkt\/ebook-smartshopping\/","og_site_name":"SmartLifeBook&#039;i","article_modified_time":"2023-11-23T18:55:31+00:00","og_image":[{"width":675,"height":1024,"url":"https:\/\/wikilistka.pl\/sklep\/wp-content\/uploads\/2019\/06\/mockup-SMARTSHOPPING-do-sklepu-675x1024.png","type":"image\/png"}],"twitter_card":"summary_large_image","twitter_misc":{"Szacowany czas czytania":"1 minuta"},"schema":{"@context":"https:\/\/schema.org","@graph":[{"@type":"WebPage","@id":"https:\/\/wikilistka.pl\/sklep\/produkt\/ebook-smartshopping\/","url":"https:\/\/wikilistka.pl\/sklep\/produkt\/ebook-smartshopping\/","name":"E-Book #Praktyczny SmartShopping &bull; SmartLifeBook&#039;i","isPartOf":{"@id":"https:\/\/wikilistka.pl\/sklep\/#website"},"datePublished":"2019-06-14T17:22:33+00:00","dateModified":"2023-11-23T18:55:31+00:00","breadcrumb":{"@id":"https:\/\/wikilistka.pl\/sklep\/produkt\/ebook-smartshopping\/#breadcrumb"},"inLanguage":"pl-PL","potentialAction":[{"@type":"ReadAction","target":["https:\/\/wikilistka.pl\/sklep\/produkt\/ebook-smartshopping\/"]}]},{"@type":"BreadcrumbList","@id":"https:\/\/wikilistka.pl\/sklep\/produkt\/ebook-smartshopping\/#breadcrumb","itemListElement":[{"@type":"ListItem","position":1,"name":"Strona g\u0142\u00f3wna","item":"https:\/\/wikilistka.pl\/sklep\/"},{"@type":"ListItem","position":2,"name":"E-book&#8217;i","item":"https:\/\/wikilistka.pl\/sklep\/e-booki\/"},{"@type":"ListItem","position":3,"name":"E-Book #Praktyczny SmartShopping"}]},{"@type":"WebSite","@id":"https:\/\/wikilistka.pl\/sklep\/#website","url":"https:\/\/wikilistka.pl\/sklep\/","name":"SmartEDU plakaty edukacyjne dla dzieci | alfabet","description":"System efektywnego odgracania \u017cycia","publisher":{"@id":"https:\/\/wikilistka.pl\/sklep\/#organization"},"potentialAction":[{"@type":"SearchAction","target":{"@type":"EntryPoint","urlTemplate":"https:\/\/wikilistka.pl\/sklep\/?s={search_term_string}"},"query-input":"required name=search_term_string"}],"inLanguage":"pl-PL"},{"@type":"Organization","@id":"https:\/\/wikilistka.pl\/sklep\/#organization","name":"Plakaty edukacyjne dla dzieci SmartEDU - alfabet, tabliczka mno\u017cenia, cyferki, literki","url":"https:\/\/wikilistka.pl\/sklep\/","logo":{"@type":"ImageObject","inLanguage":"pl-PL","@id":"https:\/\/wikilistka.pl\/sklep\/#\/schema\/logo\/image\/","url":"https:\/\/wikilistka.pl\/sklep\/wp-content\/uploads\/2019\/11\/smartedu-logo-plakaty.png","contentUrl":"https:\/\/wikilistka.pl\/sklep\/wp-content\/uploads\/2019\/11\/smartedu-logo-plakaty.png","width":500,"height":500,"caption":"Plakaty edukacyjne dla dzieci SmartEDU - alfabet, tabliczka mno\u017cenia, cyferki, literki"},"image":{"@id":"https:\/\/wikilistka.pl\/sklep\/#\/schema\/logo\/image\/"}}]}},"_links":{"self":[{"href":"https:\/\/wikilistka.pl\/sklep\/wp-json\/wp\/v2\/product\/1090"}],"collection":[{"href":"https:\/\/wikilistka.pl\/sklep\/wp-json\/wp\/v2\/product"}],"about":[{"href":"https:\/\/wikilistka.pl\/sklep\/wp-json\/wp\/v2\/types\/product"}],"wp:featuredmedia":[{"embeddable":true,"href":"https:\/\/wikilistka.pl\/sklep\/wp-json\/wp\/v2\/media\/221424"}],"wp:attachment":[{"href":"https:\/\/wikilistka.pl\/sklep\/wp-json\/wp\/v2\/media?parent=1090"}],"wp:term":[{"taxonomy":"product_cat","embeddable":true,"href":"https:\/\/wikilistka.pl\/sklep\/wp-json\/wp\/v2\/product_cat?post=1090"},{"taxonomy":"product_tag","embeddable":true,"href":"https:\/\/wikilistka.pl\/sklep\/wp-json\/wp\/v2\/product_tag?post=1090"}],"curies":[{"name":"wp","href":"https:\/\/api.w.org\/{rel}","templated":true}]}}