{"id":1089,"date":"2019-06-14T19:22:33","date_gmt":"2019-06-14T17:22:33","guid":{"rendered":"https:\/\/wikilistka.pl\/sklep\/?post_type=product&#038;p=1089"},"modified":"2023-11-23T19:56:28","modified_gmt":"2023-11-23T18:56:28","slug":"workbook-domowa-wyprzedaz","status":"publish","type":"product","link":"https:\/\/wikilistka.pl\/sklep\/produkt\/workbook-domowa-wyprzedaz\/","title":{"rendered":"WorkBook &#8222;UDANA DOMOWA WYPRZEDA\u017b. Jak skutecznie i wygodnie sprzedawa\u0107 u\u017cywane rzeczy?"},"content":{"rendered":"<h2><strong>WorkBook UDANA #DOMOWA WYPRZEDA\u017b 2.0<\/strong><\/h2>\n<p><em><b>Jak skutecznie i wygodnie\u00a0 sprzedawa\u0107 u\u017cywane rzeczy?<\/b><\/em><\/p>\n<p><b>Elektroniczna interaktywna ksi\u0105\u017cka &#8211; REWOLUCJA.<br \/>\nNowa, zaktualizowana w 2022 wersja 2.0!\u00a0<\/b><\/p>\n<div class=\"et_pb_module et_pb_text et_pb_text_0 et_pb_text_align_left et_pb_bg_layout_light\">\n<div class=\"et_pb_text_inner\">\n<p>Chcesz zamieni\u0107 zb\u0119dne rzeczy na\u00a0dodatkowe pieni\u0105dze\u00a0?<\/p>\n<p>Nauczy\u0107 si\u0119, jak skutecznie sprzedawa\u0107 u\u017cywane rzeczy w sieci!<\/p>\n<\/div>\n<\/div>\n<div class=\"et_pb_module et_pb_text et_pb_text_1 et_pb_text_align_left et_pb_text_align_center-tablet et_pb_bg_layout_light\">\n<div class=\"et_pb_text_inner\">\n<p>E-book\u00a0<strong>\u201eUdana Domowa Wyprzeda\u017c\u201d poka\u017ce Ci jak to zrobi\u0107 z sukcesem krok po kroku.<\/strong><\/p>\n<p><em>To kompleksowy poradnik, kt\u00f3ry\u00a0<\/em>przeprowadzi\u0107 Ci\u0119 przez proces organizowania domowej wyprzeda\u017cy krok po kroku: nauczysz si\u0119 jak robi\u0107 zdj\u0119cia, jak napisa\u0107 dobry tytu\u0142 i tre\u015b\u0107 og\u0142oszenia, jak zorganizowa\u0107 wysy\u0142ki, a tak\u017ce o wiele wi\u0119cej. Zobacz sama!<\/p>\n<\/div>\n<\/div>\n<p><strong>W WorkBooku DOMOWA WYPRZEDA\u017b dziel\u0119 si\u0119 z Tob\u0105 moim autorskim systemem, kt\u00f3ry sprawdza si\u0119 od lat oraz <\/strong><\/p>\n<p><strong>Z workbooka dowiesz si\u0119 m.in. :<\/strong><\/p>\n<ul>\n<li><em><strong>jak z powodzeniem wykorzysta\u0107 sprawdzone w biznesie sposoby na skuteczn\u0105 sprzeda\u017c i wygodne, optymalne wysy\u0142ki w warunkach domowego odgracania<\/strong><\/em><\/li>\n<li><em> Jak posegregowa\u0107 rzeczy do sprzedania<\/em><\/li>\n<li><em> co gdzie sprzeda\u0107<\/em><\/li>\n<li><em>jak pisa\u0107 skuteczne tytu\u0142y i opisy<\/em><\/li>\n<li><em>jakie doda\u0107 zdj\u0119cia<\/em><\/li>\n<li><em>jak robi\u0107 lepsze zdj\u0119cia do og\u0142osze\u0144<\/em><\/li>\n<li><em>jak wyceni\u0107 rzeczy na sprzeda\u017c<\/em><\/li>\n<li><em>jak przechowywa\u0107 rzeczy wystawione na sprzeda\u017c<\/em><\/li>\n<li><em>na jak d\u0142ugo zaplanowa\u0107 proces wyprzeda\u017cy<\/em><\/li>\n<li><em>co op\u0142aca si\u0119 sprzedawa\u0107, a czego nie<\/em><\/li>\n<li><em>jak wysy\u0142a\u0107 wygodnie z domu<\/em><\/li>\n<li><em><em><em>I w ko\u0144cu jak to konkretnie rozegra\u0107, \u017ceby przeprowadzi\u0107 proces od A do Z i sko\u0144czy\u0107 z widocznym efektem zar\u00f3wno w przestrzeni, jak i na koncie .<\/em><\/em><\/em><strong>Ta cz\u0119\u015b\u0107 z serii #SmartLifeBook zaoszcz\u0119dzi Ci naprawd\u0119 kilku miesi\u0119cy poszukiwa\u0144 i optymalizacji, a przede wszystkim, dzi\u0119ki niej wyjmiesz pieni\u0105dze, kt\u00f3re masz poupychane w szafach i zrobisz z nich jaki\u015b lepszy u\u017cytek \ud83d\ude42<br \/>\n<\/strong><br \/>\n<strong>Zebra\u0142am w niej dla Ciebie nasze 10-letnie do\u015bwiadczenie ze sprzeda\u017c\u0105 przez internet i prezentacj\u0105 wizualn\u0105,\u00a0 doda\u0142am sposoby wielokrotnie sprawdzone w domowych warunkach.<br \/>\n<\/strong><strong>Skupi\u0142am si\u0119 na polskich realiach.<\/strong><\/li>\n<\/ul>\n<p><strong>W \u015brodku znajdziesz m.in.:<\/strong><\/p>\n<ul>\n<li style=\"list-style-type: none;\">\n<ul>\n<li>checklisty przydatne przy segregowaniu rzeczy<\/li>\n<li>checklisty przydatne przy wycenianiu przedmiot\u00f3w<\/li>\n<li>wskaz\u00f3wki m.in. gdzie mo\u017cna sprzeda\u0107 ksi\u0105\u017cki i ubrania &#8222;hurtowo&#8221; w bardzo wygodny spos\u00f3b,<\/li>\n<li>lifehacki i smarttriki, kt\u00f3re u\u0142atwi\u0105 Ci przej\u015bcie przez domow\u0105 wyprzeda\u017c z efektami<\/li>\n<li>instrukcje, jak napisa\u0107 dobry opis i tytu\u0142 og\u0142oszenia<\/li>\n<li>instrukcje jak robi\u0107 lepsze zdj\u0119cia do og\u0142osze\u0144<\/li>\n<li>wskaz\u00f3wki nt. najpopularniejszych portali sprzeda\u017cowych, ich plusy i minusy<\/li>\n<li>instrukcje krok po kroku jak przeprowadzi\u0107 domow\u0105 wyprzeda\u017c<\/li>\n<\/ul>\n<\/li>\n<\/ul>\n","protected":false},"excerpt":{"rendered":"<p><strong>Z workbooka dowiesz si\u0119 m.in. :<\/strong><\/p>\n<ul>\n<li><em><strong>jak z powodzeniem wykorzysta\u0107 sprawdzone w biznesie sposoby na skuteczn\u0105 sprzeda\u017c i wygodne, optymalne wysy\u0142ki w warunkach domowego odgracania<\/strong><\/em><\/li>\n<li><em> Jak posegregowa\u0107 rzeczy do sprzedania<\/em><\/li>\n<li><em> co gdzie sprzeda\u0107<\/em><\/li>\n<li><em>jak pisa\u0107 skuteczne tytu\u0142y i opisy<\/em><\/li>\n<li><em>jakie doda\u0107 zdj\u0119cia<\/em><\/li>\n<li><em>jak robi\u0107 lepsze zdj\u0119cia do og\u0142osze\u0144<\/em><\/li>\n<li><em>jak wyceni\u0107 rzeczy na sprzeda\u017c<\/em><\/li>\n<li><em>jak przechowywa\u0107 rzeczy wystawione na sprzeda\u017c<\/em><\/li>\n<li><em>na jak d\u0142ugo zaplanowa\u0107 proces wyprzeda\u017cy<\/em><\/li>\n<li><em>co op\u0142aca si\u0119 sprzedawa\u0107, a czego nie<\/em><\/li>\n<li><em>jak wysy\u0142a\u0107 wygodnie z domu<\/em><\/li>\n<li><em><em>I w ko\u0144cu jak to konkretnie rozegra\u0107, \u017ceby przeprowadzi\u0107 proces od A do Z i sko\u0144czy\u0107 z widocznym efektem zar\u00f3wno w przestrzeni, jak i na koncie .<\/em><\/em>Sprawd\u017a dok\u0142adnie\u00a0 : <a href=\"https:\/\/wikilistka.pl\/sklep\/workbook-domowa-wyprzedaz\/\">https:\/\/wikilistka.pl\/sklep\/workbook-domowa-wyprzedaz\/ <\/a>\u00a0, co zyskujesz i jaki ogrom wiedzy kupujesz, wybieraj\u0105c workbook &#8222;Domowa Wyprzeda\u017c&#8221;<\/li>\n<\/ul>\n","protected":false},"featured_media":222572,"template":"","meta":{"_et_pb_use_builder":"","_et_pb_old_content":"","_et_gb_content_width":""},"product_cat":[82],"product_tag":[],"yoast_head":"<!-- This site is optimized with the Yoast SEO plugin v21.0 - https:\/\/yoast.com\/wordpress\/plugins\/seo\/ -->\n<title>WorkBook &quot;UDANA DOMOWA WYPRZEDA\u017b. Jak skutecznie i wygodnie sprzedawa\u0107 u\u017cywane rzeczy? &bull; SmartLifeBook&#039;i<\/title>\n<meta name=\"robots\" content=\"index, follow, max-snippet:-1, max-image-preview:large, max-video-preview:-1\" \/>\n<link rel=\"canonical\" href=\"https:\/\/wikilistka.pl\/sklep\/produkt\/workbook-domowa-wyprzedaz\/\" \/>\n<meta property=\"og:locale\" content=\"pl_PL\" \/>\n<meta property=\"og:type\" content=\"article\" \/>\n<meta property=\"og:title\" content=\"WorkBook &quot;UDANA DOMOWA WYPRZEDA\u017b. Jak skutecznie i wygodnie sprzedawa\u0107 u\u017cywane rzeczy? &bull; SmartLifeBook&#039;i\" \/>\n<meta property=\"og:description\" content=\"Z workbooka dowiesz si\u0119 m.in. :   jak z powodzeniem wykorzysta\u0107 sprawdzone w biznesie sposoby na skuteczn\u0105 sprzeda\u017c i wygodne, optymalne wysy\u0142ki w warunkach domowego odgracania   Jak posegregowa\u0107 rzeczy do sprzedania   co gdzie sprzeda\u0107  jak pisa\u0107 skuteczne tytu\u0142y i opisy  jakie doda\u0107 zdj\u0119cia  jak robi\u0107 lepsze zdj\u0119cia do og\u0142osze\u0144  jak wyceni\u0107 rzeczy na sprzeda\u017c  jak przechowywa\u0107 rzeczy wystawione na sprzeda\u017c  na jak d\u0142ugo zaplanowa\u0107 proces wyprzeda\u017cy  co op\u0142aca si\u0119 sprzedawa\u0107, a czego nie  jak wysy\u0142a\u0107 wygodnie z domu  I w ko\u0144cu jak to konkretnie rozegra\u0107, \u017ceby przeprowadzi\u0107 proces od A do Z i sko\u0144czy\u0107 z widocznym efektem zar\u00f3wno w przestrzeni, jak i na koncie .Sprawd\u017a dok\u0142adnie\u00a0 : https:\/\/wikilistka.pl\/sklep\/workbook-domowa-wyprzedaz\/ \u00a0, co zyskujesz i jaki ogrom wiedzy kupujesz, wybieraj\u0105c workbook &quot;Domowa Wyprzeda\u017c&quot;\" \/>\n<meta property=\"og:url\" content=\"https:\/\/wikilistka.pl\/sklep\/produkt\/workbook-domowa-wyprzedaz\/\" \/>\n<meta property=\"og:site_name\" content=\"SmartLifeBook&#039;i\" \/>\n<meta property=\"article:modified_time\" content=\"2023-11-23T18:56:28+00:00\" \/>\n<meta property=\"og:image\" content=\"https:\/\/wikilistka.pl\/sklep\/wp-content\/uploads\/2019\/06\/domowa-wyprzedaz1.jpg\" \/>\n\t<meta property=\"og:image:width\" content=\"1080\" \/>\n\t<meta property=\"og:image:height\" content=\"1080\" \/>\n\t<meta property=\"og:image:type\" content=\"image\/jpeg\" \/>\n<meta name=\"twitter:card\" content=\"summary_large_image\" \/>\n<meta name=\"twitter:label1\" content=\"Szacowany czas czytania\" \/>\n\t<meta name=\"twitter:data1\" content=\"3 minuty\" \/>\n<script type=\"application\/ld+json\" class=\"yoast-schema-graph\">{\"@context\":\"https:\/\/schema.org\",\"@graph\":[{\"@type\":\"WebPage\",\"@id\":\"https:\/\/wikilistka.pl\/sklep\/produkt\/workbook-domowa-wyprzedaz\/\",\"url\":\"https:\/\/wikilistka.pl\/sklep\/produkt\/workbook-domowa-wyprzedaz\/\",\"name\":\"WorkBook \\\"UDANA DOMOWA WYPRZEDA\u017b. Jak skutecznie i wygodnie sprzedawa\u0107 u\u017cywane rzeczy? &bull; SmartLifeBook&#039;i\",\"isPartOf\":{\"@id\":\"https:\/\/wikilistka.pl\/sklep\/#website\"},\"datePublished\":\"2019-06-14T17:22:33+00:00\",\"dateModified\":\"2023-11-23T18:56:28+00:00\",\"breadcrumb\":{\"@id\":\"https:\/\/wikilistka.pl\/sklep\/produkt\/workbook-domowa-wyprzedaz\/#breadcrumb\"},\"inLanguage\":\"pl-PL\",\"potentialAction\":[{\"@type\":\"ReadAction\",\"target\":[\"https:\/\/wikilistka.pl\/sklep\/produkt\/workbook-domowa-wyprzedaz\/\"]}]},{\"@type\":\"BreadcrumbList\",\"@id\":\"https:\/\/wikilistka.pl\/sklep\/produkt\/workbook-domowa-wyprzedaz\/#breadcrumb\",\"itemListElement\":[{\"@type\":\"ListItem\",\"position\":1,\"name\":\"Strona g\u0142\u00f3wna\",\"item\":\"https:\/\/wikilistka.pl\/sklep\/\"},{\"@type\":\"ListItem\",\"position\":2,\"name\":\"E-book&#8217;i\",\"item\":\"https:\/\/wikilistka.pl\/sklep\/e-booki\/\"},{\"@type\":\"ListItem\",\"position\":3,\"name\":\"WorkBook &#8222;UDANA DOMOWA WYPRZEDA\u017b. Jak skutecznie i wygodnie sprzedawa\u0107 u\u017cywane rzeczy?\"}]},{\"@type\":\"WebSite\",\"@id\":\"https:\/\/wikilistka.pl\/sklep\/#website\",\"url\":\"https:\/\/wikilistka.pl\/sklep\/\",\"name\":\"SmartEDU plakaty edukacyjne dla dzieci | alfabet\",\"description\":\"System efektywnego odgracania \u017cycia\",\"publisher\":{\"@id\":\"https:\/\/wikilistka.pl\/sklep\/#organization\"},\"potentialAction\":[{\"@type\":\"SearchAction\",\"target\":{\"@type\":\"EntryPoint\",\"urlTemplate\":\"https:\/\/wikilistka.pl\/sklep\/?s={search_term_string}\"},\"query-input\":\"required name=search_term_string\"}],\"inLanguage\":\"pl-PL\"},{\"@type\":\"Organization\",\"@id\":\"https:\/\/wikilistka.pl\/sklep\/#organization\",\"name\":\"Plakaty edukacyjne dla dzieci SmartEDU - alfabet, tabliczka mno\u017cenia, cyferki, literki\",\"url\":\"https:\/\/wikilistka.pl\/sklep\/\",\"logo\":{\"@type\":\"ImageObject\",\"inLanguage\":\"pl-PL\",\"@id\":\"https:\/\/wikilistka.pl\/sklep\/#\/schema\/logo\/image\/\",\"url\":\"https:\/\/wikilistka.pl\/sklep\/wp-content\/uploads\/2019\/11\/smartedu-logo-plakaty.png\",\"contentUrl\":\"https:\/\/wikilistka.pl\/sklep\/wp-content\/uploads\/2019\/11\/smartedu-logo-plakaty.png\",\"width\":500,\"height\":500,\"caption\":\"Plakaty edukacyjne dla dzieci SmartEDU - alfabet, tabliczka mno\u017cenia, cyferki, literki\"},\"image\":{\"@id\":\"https:\/\/wikilistka.pl\/sklep\/#\/schema\/logo\/image\/\"}}]}<\/script>\n<!-- \/ Yoast SEO plugin. -->","yoast_head_json":{"title":"WorkBook \"UDANA DOMOWA WYPRZEDA\u017b. Jak skutecznie i wygodnie sprzedawa\u0107 u\u017cywane rzeczy? &bull; SmartLifeBook&#039;i","robots":{"index":"index","follow":"follow","max-snippet":"max-snippet:-1","max-image-preview":"max-image-preview:large","max-video-preview":"max-video-preview:-1"},"canonical":"https:\/\/wikilistka.pl\/sklep\/produkt\/workbook-domowa-wyprzedaz\/","og_locale":"pl_PL","og_type":"article","og_title":"WorkBook \"UDANA DOMOWA WYPRZEDA\u017b. Jak skutecznie i wygodnie sprzedawa\u0107 u\u017cywane rzeczy? &bull; SmartLifeBook&#039;i","og_description":"Z workbooka dowiesz si\u0119 m.in. :   jak z powodzeniem wykorzysta\u0107 sprawdzone w biznesie sposoby na skuteczn\u0105 sprzeda\u017c i wygodne, optymalne wysy\u0142ki w warunkach domowego odgracania   Jak posegregowa\u0107 rzeczy do sprzedania   co gdzie sprzeda\u0107  jak pisa\u0107 skuteczne tytu\u0142y i opisy  jakie doda\u0107 zdj\u0119cia  jak robi\u0107 lepsze zdj\u0119cia do og\u0142osze\u0144  jak wyceni\u0107 rzeczy na sprzeda\u017c  jak przechowywa\u0107 rzeczy wystawione na sprzeda\u017c  na jak d\u0142ugo zaplanowa\u0107 proces wyprzeda\u017cy  co op\u0142aca si\u0119 sprzedawa\u0107, a czego nie  jak wysy\u0142a\u0107 wygodnie z domu  I w ko\u0144cu jak to konkretnie rozegra\u0107, \u017ceby przeprowadzi\u0107 proces od A do Z i sko\u0144czy\u0107 z widocznym efektem zar\u00f3wno w przestrzeni, jak i na koncie .Sprawd\u017a dok\u0142adnie\u00a0 : https:\/\/wikilistka.pl\/sklep\/workbook-domowa-wyprzedaz\/ \u00a0, co zyskujesz i jaki ogrom wiedzy kupujesz, wybieraj\u0105c workbook \"Domowa Wyprzeda\u017c\"","og_url":"https:\/\/wikilistka.pl\/sklep\/produkt\/workbook-domowa-wyprzedaz\/","og_site_name":"SmartLifeBook&#039;i","article_modified_time":"2023-11-23T18:56:28+00:00","og_image":[{"width":1080,"height":1080,"url":"https:\/\/wikilistka.pl\/sklep\/wp-content\/uploads\/2019\/06\/domowa-wyprzedaz1.jpg","type":"image\/jpeg"}],"twitter_card":"summary_large_image","twitter_misc":{"Szacowany czas czytania":"3 minuty"},"schema":{"@context":"https:\/\/schema.org","@graph":[{"@type":"WebPage","@id":"https:\/\/wikilistka.pl\/sklep\/produkt\/workbook-domowa-wyprzedaz\/","url":"https:\/\/wikilistka.pl\/sklep\/produkt\/workbook-domowa-wyprzedaz\/","name":"WorkBook \"UDANA DOMOWA WYPRZEDA\u017b. Jak skutecznie i wygodnie sprzedawa\u0107 u\u017cywane rzeczy? &bull; SmartLifeBook&#039;i","isPartOf":{"@id":"https:\/\/wikilistka.pl\/sklep\/#website"},"datePublished":"2019-06-14T17:22:33+00:00","dateModified":"2023-11-23T18:56:28+00:00","breadcrumb":{"@id":"https:\/\/wikilistka.pl\/sklep\/produkt\/workbook-domowa-wyprzedaz\/#breadcrumb"},"inLanguage":"pl-PL","potentialAction":[{"@type":"ReadAction","target":["https:\/\/wikilistka.pl\/sklep\/produkt\/workbook-domowa-wyprzedaz\/"]}]},{"@type":"BreadcrumbList","@id":"https:\/\/wikilistka.pl\/sklep\/produkt\/workbook-domowa-wyprzedaz\/#breadcrumb","itemListElement":[{"@type":"ListItem","position":1,"name":"Strona g\u0142\u00f3wna","item":"https:\/\/wikilistka.pl\/sklep\/"},{"@type":"ListItem","position":2,"name":"E-book&#8217;i","item":"https:\/\/wikilistka.pl\/sklep\/e-booki\/"},{"@type":"ListItem","position":3,"name":"WorkBook &#8222;UDANA DOMOWA WYPRZEDA\u017b. Jak skutecznie i wygodnie sprzedawa\u0107 u\u017cywane rzeczy?"}]},{"@type":"WebSite","@id":"https:\/\/wikilistka.pl\/sklep\/#website","url":"https:\/\/wikilistka.pl\/sklep\/","name":"SmartEDU plakaty edukacyjne dla dzieci | alfabet","description":"System efektywnego odgracania \u017cycia","publisher":{"@id":"https:\/\/wikilistka.pl\/sklep\/#organization"},"potentialAction":[{"@type":"SearchAction","target":{"@type":"EntryPoint","urlTemplate":"https:\/\/wikilistka.pl\/sklep\/?s={search_term_string}"},"query-input":"required name=search_term_string"}],"inLanguage":"pl-PL"},{"@type":"Organization","@id":"https:\/\/wikilistka.pl\/sklep\/#organization","name":"Plakaty edukacyjne dla dzieci SmartEDU - alfabet, tabliczka mno\u017cenia, cyferki, literki","url":"https:\/\/wikilistka.pl\/sklep\/","logo":{"@type":"ImageObject","inLanguage":"pl-PL","@id":"https:\/\/wikilistka.pl\/sklep\/#\/schema\/logo\/image\/","url":"https:\/\/wikilistka.pl\/sklep\/wp-content\/uploads\/2019\/11\/smartedu-logo-plakaty.png","contentUrl":"https:\/\/wikilistka.pl\/sklep\/wp-content\/uploads\/2019\/11\/smartedu-logo-plakaty.png","width":500,"height":500,"caption":"Plakaty edukacyjne dla dzieci SmartEDU - alfabet, tabliczka mno\u017cenia, cyferki, literki"},"image":{"@id":"https:\/\/wikilistka.pl\/sklep\/#\/schema\/logo\/image\/"}}]}},"_links":{"self":[{"href":"https:\/\/wikilistka.pl\/sklep\/wp-json\/wp\/v2\/product\/1089"}],"collection":[{"href":"https:\/\/wikilistka.pl\/sklep\/wp-json\/wp\/v2\/product"}],"about":[{"href":"https:\/\/wikilistka.pl\/sklep\/wp-json\/wp\/v2\/types\/product"}],"wp:featuredmedia":[{"embeddable":true,"href":"https:\/\/wikilistka.pl\/sklep\/wp-json\/wp\/v2\/media\/222572"}],"wp:attachment":[{"href":"https:\/\/wikilistka.pl\/sklep\/wp-json\/wp\/v2\/media?parent=1089"}],"wp:term":[{"taxonomy":"product_cat","embeddable":true,"href":"https:\/\/wikilistka.pl\/sklep\/wp-json\/wp\/v2\/product_cat?post=1089"},{"taxonomy":"product_tag","embeddable":true,"href":"https:\/\/wikilistka.pl\/sklep\/wp-json\/wp\/v2\/product_tag?post=1089"}],"curies":[{"name":"wp","href":"https:\/\/api.w.org\/{rel}","templated":true}]}}