{"id":649,"date":"2018-05-15T21:38:14","date_gmt":"2018-05-15T19:38:14","guid":{"rendered":"http:\/\/wikilistka.pl\/sklep\/?page_id=649"},"modified":"2023-11-23T20:37:49","modified_gmt":"2023-11-23T19:37:49","slug":"glowna","status":"publish","type":"page","link":"https:\/\/wikilistka.pl\/sklep\/","title":{"rendered":"G\u0142\u00f3wna"},"content":{"rendered":"<p>[et_pb_section fb_built=&#8221;1&#8243; _builder_version=&#8221;4.9.7&#8243; _module_preset=&#8221;default&#8221;][et_pb_row _builder_version=&#8221;4.9.7&#8243;][et_pb_column type=&#8221;4_4&#8243; _builder_version=&#8221;3.25&#8243; custom_padding=&#8221;|||&#8221; custom_padding__hover=&#8221;|||&#8221;][et_pb_text _builder_version=&#8221;4.9.7&#8243; header_font=&#8221;||||||||&#8221; header_2_font=&#8221;Playfair Display|700|||||||&#8221; header_2_text_color=&#8221;#000000&#8243; header_2_font_size=&#8221;50px&#8221; header_2_line_height=&#8221;1.2em&#8221; module_alignment=&#8221;right&#8221; header_2_font_size_tablet=&#8221;40px&#8221; header_2_font_size_phone=&#8221;25px&#8221; header_2_font_size_last_edited=&#8221;on|desktop&#8221; locked=&#8221;off&#8221;]<\/p>\n<h2 style=\"text-align: center;\">E-book&#8217;i<\/h2>\n<p>[\/et_pb_text][dsm_icon_divider use_icon=&#8221;on&#8221; font_icon=&#8221;%%127%%&#8221; use_icon_font_size=&#8221;on&#8221; icon_font_size=&#8221;50px&#8221; _builder_version=&#8221;4.9.7&#8243; _module_preset=&#8221;default&#8221;][\/dsm_icon_divider][et_pb_shop type=&#8221;product_category&#8221; posts_number=&#8221;8&#8243; include_categories=&#8221;82&#8243; columns_number=&#8221;4&#8243; orderby=&#8221;popularity&#8221; _builder_version=&#8221;4.9.7&#8243; title_font=&#8221;Playfair Display|700|||||||&#8221; title_font_size=&#8221;16px&#8221; title_line_height=&#8221;1.6em&#8221; price_font=&#8221;Nunito Sans|700|||||||&#8221; price_text_color=&#8221;#ddb868&#8243; price_font_size=&#8221;18px&#8221; price_letter_spacing=&#8221;1px&#8221; price_line_height=&#8221;36px&#8221; text_orientation=&#8221;center&#8221; background_last_edited=&#8221;off|tablet&#8221;][\/et_pb_shop][\/et_pb_column][\/et_pb_row][et_pb_row _builder_version=&#8221;4.9.7&#8243; _module_preset=&#8221;default&#8221;][et_pb_column type=&#8221;4_4&#8243; _builder_version=&#8221;4.9.7&#8243; _module_preset=&#8221;default&#8221;][et_pb_text _builder_version=&#8221;4.9.7&#8243; header_font=&#8221;||||||||&#8221; header_2_font=&#8221;Playfair Display|700|||||||&#8221; header_2_text_color=&#8221;#000000&#8243; header_2_font_size=&#8221;50px&#8221; header_2_line_height=&#8221;1.2em&#8221; module_alignment=&#8221;right&#8221; header_2_font_size_tablet=&#8221;40px&#8221; header_2_font_size_phone=&#8221;25px&#8221; header_2_font_size_last_edited=&#8221;on|desktop&#8221; locked=&#8221;off&#8221;]<\/p>\n<h2 style=\"text-align: center;\">Pakiety<\/h2>\n<div id=\"gtx-trans\" style=\"position: absolute; left: 296px; top: 51.9062px;\">\n<div class=\"gtx-trans-icon\"><\/div>\n<\/div>\n<p>[\/et_pb_text][dsm_icon_divider use_icon=&#8221;on&#8221; font_icon=&#8221;%%100%%&#8221; use_icon_font_size=&#8221;on&#8221; icon_font_size=&#8221;50px&#8221; _builder_version=&#8221;4.9.7&#8243; _module_preset=&#8221;default&#8221;][\/dsm_icon_divider][et_pb_shop type=&#8221;product_category&#8221; posts_number=&#8221;8&#8243; include_categories=&#8221;91&#8243; columns_number=&#8221;3&#8243; orderby=&#8221;popularity&#8221; _builder_version=&#8221;4.9.7&#8243; title_font=&#8221;Playfair Display|700|||||||&#8221; title_font_size=&#8221;16px&#8221; title_line_height=&#8221;1.6em&#8221; price_font=&#8221;Nunito Sans|700|||||||&#8221; price_text_color=&#8221;#ddb868&#8243; price_font_size=&#8221;18px&#8221; price_letter_spacing=&#8221;1px&#8221; price_line_height=&#8221;36px&#8221; text_orientation=&#8221;center&#8221; background_last_edited=&#8221;off|tablet&#8221;][\/et_pb_shop][et_pb_text _builder_version=&#8221;4.9.7&#8243; header_font=&#8221;||||||||&#8221; header_2_font=&#8221;Playfair Display|700|||||||&#8221; header_2_text_color=&#8221;#000000&#8243; header_2_font_size=&#8221;50px&#8221; header_2_line_height=&#8221;1.2em&#8221; module_alignment=&#8221;right&#8221; header_2_font_size_tablet=&#8221;40px&#8221; header_2_font_size_phone=&#8221;25px&#8221; header_2_font_size_last_edited=&#8221;on|desktop&#8221; locked=&#8221;off&#8221;]<\/p>\n<h2 style=\"text-align: center;\">Presety<\/h2>\n<p>[\/et_pb_text][dsm_icon_divider use_icon=&#8221;on&#8221; font_icon=&#8221;%%100%%&#8221; use_icon_font_size=&#8221;on&#8221; icon_font_size=&#8221;50px&#8221; _builder_version=&#8221;4.9.7&#8243; _module_preset=&#8221;default&#8221;][\/dsm_icon_divider][\/et_pb_column][\/et_pb_row][et_pb_row _builder_version=&#8221;4.9.7&#8243; _module_preset=&#8221;default&#8221;][et_pb_column type=&#8221;4_4&#8243; _builder_version=&#8221;4.9.7&#8243; _module_preset=&#8221;default&#8221;][et_pb_shop type=&#8221;product_category&#8221; posts_number=&#8221;15&#8243; include_categories=&#8221;83&#8243; columns_number=&#8221;4&#8243; orderby=&#8221;date-desc&#8221; _builder_version=&#8221;4.9.7&#8243; _module_preset=&#8221;default&#8221;][\/et_pb_shop][et_pb_button button_url=&#8221;https:\/\/wikilistka.pl\/sklep\/kategoria-produktu\/presety-lightroom\/&#8221; button_text=&#8221;Zobacz wszystkie&#8221; button_alignment=&#8221;center&#8221; _builder_version=&#8221;4.9.7&#8243; _module_preset=&#8221;default&#8221; custom_button=&#8221;on&#8221; button_text_color=&#8221;#ddb868&#8243; button_border_color=&#8221;#ddb868&#8243; button_text_color__hover_enabled=&#8221;on|hover&#8221; button_bg_color__hover_enabled=&#8221;on|desktop&#8221;][\/et_pb_button][\/et_pb_column][\/et_pb_row][et_pb_row column_structure=&#8221;1_3,2_3&#8243; _builder_version=&#8221;4.9.7&#8243; _module_preset=&#8221;default&#8221; background_color=&#8221;#eeeeee&#8221; vertical_offset=&#8221;0px&#8221; custom_padding=&#8221;35px|35px|35px|35px|true|true&#8221;][et_pb_column type=&#8221;1_3&#8243; _builder_version=&#8221;4.9.7&#8243; _module_preset=&#8221;default&#8221;][et_pb_image src=&#8221;https:\/\/wikilistka.pl\/sklep\/wp-content\/uploads\/2021\/09\/wikilistka-autor.jpg&#8221; title_text=&#8221;wikilistka-autor&#8221; _builder_version=&#8221;4.9.7&#8243; _module_preset=&#8221;default&#8221;][\/et_pb_image][\/et_pb_column][et_pb_column type=&#8221;2_3&#8243; _builder_version=&#8221;4.9.7&#8243; _module_preset=&#8221;default&#8221;][et_pb_text _builder_version=&#8221;4.9.7&#8243; _module_preset=&#8221;default&#8221; positioning=&#8221;relative&#8221; vertical_offset=&#8221;83px&#8221; position_origin_a_tablet=&#8221;&#8221; position_origin_a_phone=&#8221;&#8221; position_origin_a_last_edited=&#8221;on|desktop&#8221; position_origin_f_tablet=&#8221;&#8221; position_origin_f_phone=&#8221;&#8221; position_origin_f_last_edited=&#8221;on|desktop&#8221; position_origin_r_tablet=&#8221;&#8221; position_origin_r_phone=&#8221;&#8221; position_origin_r_last_edited=&#8221;on|tablet&#8221; positioning_tablet=&#8221;none&#8221; positioning_phone=&#8221;&#8221; positioning_last_edited=&#8221;on|desktop&#8221;]<\/p>\n<h2><strong>DWA S\u0141OWA O MNIE<\/strong><\/h2>\n<p>Fajnie, \u017ce jeste\u015b! \ud83d\ude42 Jestem Monika i pisz\u0119 bloga <a href=\"http:\/\/wikilistka.pl\" target=\"_blank\" rel=\"noopener\"><strong>Wikilistka.pl<\/strong> <\/a>o \u015bwiadomym \u017cyciu, o wdzi\u0119czno\u015bci i filozofii zdrowego rozs\u0105dku. Sprytnie \u017congluj\u0119 czasem pomi\u0119dzy byciem mam\u0105 dw\u00f3jki, \u017con\u0105, pani\u0105 domu, kobiet\u0105 buduj\u0105c\u0105 biznes i znajduj\u0105c\u0105 czas na w\u0142asne pasje. Pokazuj\u0119 innym kobietom jak #dzia\u0142a\u0107Smart i u\u0142atwia\u0107 codzienno\u015b\u0107. Podobno \u015bwietnie motywuj\u0119 i inspiruj\u0119 do lepszego prze\u017cywania ka\u017cdego dnia \ud83d\ude42\u00a0<\/p>\n<p>Jestem autorka e-book&#8217;\u00f3w w temacie zarz\u0105dzania rzeczami, a tak\u017ce obr\u00f3bki zdj\u0119\u0107 dla pocz\u0105tkuj\u0105cych. Stworzy\u0142am tak\u017ce presety, dzi\u0119ki kt\u00f3rym\u00a0 jednym\u00a0 klikni\u0119ciem obrobisz wizualnie swoje zdj\u0119cia. S\u0142owem &#8211; w swoim sklepie udost\u0119pniam Ci produkty, kt\u00f3re u\u0142atwiaj\u0105 \u017cycie i pomagaj\u0105 przej\u015b\u0107 na drog\u0119 bardziej \u015bwiadomego \u017cycia \ud83d\ude42<\/p>\n<p>[\/et_pb_text][\/et_pb_column][\/et_pb_row][\/et_pb_section][et_pb_section fb_built=&#8221;1&#8243; _builder_version=&#8221;4.9.7&#8243; _module_preset=&#8221;default&#8221; custom_margin=&#8221;-166px||-19px|||&#8221;][et_pb_row _builder_version=&#8221;4.9.7&#8243; _module_preset=&#8221;default&#8221;][et_pb_column type=&#8221;4_4&#8243; _builder_version=&#8221;4.9.7&#8243; _module_preset=&#8221;default&#8221;][et_pb_text _builder_version=&#8221;4.9.7&#8243; header_font=&#8221;||||||||&#8221; header_2_font=&#8221;Playfair Display|700|||||||&#8221; header_2_text_color=&#8221;#000000&#8243; header_2_font_size=&#8221;50px&#8221; header_2_line_height=&#8221;1.2em&#8221; module_alignment=&#8221;right&#8221; header_2_font_size_tablet=&#8221;40px&#8221; header_2_font_size_phone=&#8221;25px&#8221; header_2_font_size_last_edited=&#8221;on|desktop&#8221; locked=&#8221;off&#8221;]<\/p>\n<h2 style=\"text-align: center;\">MojePlakaty.com &#8211; odwied\u017a te\u017c m\u00f3j sklep z plakatami\u00a0<\/h2>\n<p>[\/et_pb_text][et_pb_image src=&#8221;https:\/\/wikilistka.pl\/sklep\/wp-content\/uploads\/2021\/10\/baner-blog-do-posta.jpg&#8221; title_text=&#8221;baner blog do posta&#8221; url=&#8221;http:\/\/mojeplakaty.com&#8221; url_new_window=&#8221;on&#8221; align=&#8221;center&#8221; _builder_version=&#8221;4.9.7&#8243; _module_preset=&#8221;default&#8221;][\/et_pb_image][\/et_pb_column][\/et_pb_row][\/et_pb_section][et_pb_section fb_built=&#8221;1&#8243; fullwidth=&#8221;on&#8221; _builder_version=&#8221;4.4.7&#8243; custom_margin=&#8221;9px|||||&#8221;][et_pb_fullwidth_slider _builder_version=&#8221;4.9.7&#8243; body_font=&#8221;Nunito Sans||||||||&#8221; body_text_color=&#8221;#000000&#8243; body_font_size=&#8221;18px&#8221; custom_button=&#8221;on&#8221; button_text_size=&#8221;21px&#8221; button_text_color=&#8221;#ffffff&#8221; button_bg_color=&#8221;#ddb868&#8243; button_border_width=&#8221;0px&#8221; button_font=&#8221;Montserrat|||on|||||&#8221; button_use_icon=&#8221;off&#8221; button_alignment=&#8221;left&#8221; button_custom_padding=&#8221;10px|35px|10px|35px|true|true&#8221; button_alignment_tablet=&#8221;&#8221; button_alignment_phone=&#8221;center&#8221; button_alignment_last_edited=&#8221;on|phone&#8221;][et_pb_slide heading=&#8221;Workbook %22Skuteczne Odgracanie%22&#8243; button_text=&#8221;ZOBACZ SPIS TRE\u015aCI I WI\u0118CEJ&#8221; button_link=&#8221;https:\/\/wikilistka.pl\/sklep\/workbook-odgracanie\/&#8221; url_new_window=&#8221;on&#8221; image=&#8221;https:\/\/wikilistka.pl\/sklep\/wp-content\/uploads\/2020\/06\/mockup-odgracanie-ze-stronami-1.png&#8221; arrows_custom_color=&#8221;#000000&#8243; _builder_version=&#8221;4.9.7&#8243; header_font=&#8221;Playfair Display||||||||&#8221; header_text_color=&#8221;#000000&#8243; header_font_size=&#8221;50px&#8221; header_line_height=&#8221;1.5em&#8221; background_enable_color=&#8221;off&#8221; background_image=&#8221;https:\/\/wikilistka.pl\/sklep\/wp-content\/uploads\/2020\/06\/zdj.-w-tle-do-strony-odgracanie.jpg&#8221; background_enable_image=&#8221;on&#8221; background_layout=&#8221;light&#8221; link_option_url_new_window=&#8221;on&#8221; sticky_transition=&#8221;on&#8221;]<\/p>\n<p><span>Odkryj workbook <em><strong>&#8222;Skuteczne ODGRACANIE&#8221;,<\/strong><\/em> kt\u00f3ry przeprowadzi\u0107 Ci\u0119 przez skuteczne odgracanie krok po kroku!\u00a0<\/span><\/p>\n<p>[\/et_pb_slide][\/et_pb_fullwidth_slider][\/et_pb_section][et_pb_section fb_built=&#8221;1&#8243; _builder_version=&#8221;4.9.7&#8243; _module_preset=&#8221;default&#8221;][\/et_pb_section][et_pb_section fb_built=&#8221;1&#8243; admin_label=&#8221;Shop&#8221; _builder_version=&#8221;3.23&#8243; custom_margin=&#8221;-74px|||||&#8221; locked=&#8221;off&#8221;][\/et_pb_section]<\/p>\n","protected":false},"excerpt":{"rendered":"<p>[et_pb_section fb_built=&#8221;1&#8243; _builder_version=&#8221;4.9.7&#8243; _module_preset=&#8221;default&#8221;][et_pb_row _builder_version=&#8221;4.9.7&#8243;][et_pb_column type=&#8221;4_4&#8243; _builder_version=&#8221;3.25&#8243; custom_padding=&#8221;|||&#8221; custom_padding__hover=&#8221;|||&#8221;][et_pb_text _builder_version=&#8221;4.9.7&#8243; header_font=&#8221;||||||||&#8221; header_2_font=&#8221;Playfair Display|700|||||||&#8221; header_2_text_color=&#8221;#000000&#8243; header_2_font_size=&#8221;50px&#8221; header_2_line_height=&#8221;1.2em&#8221; module_alignment=&#8221;right&#8221; header_2_font_size_tablet=&#8221;40px&#8221; header_2_font_size_phone=&#8221;25px&#8221; header_2_font_size_last_edited=&#8221;on|desktop&#8221; locked=&#8221;off&#8221;] E-book&#8217;i [\/et_pb_text][dsm_icon_divider use_icon=&#8221;on&#8221; font_icon=&#8221;%%127%%&#8221; use_icon_font_size=&#8221;on&#8221; icon_font_size=&#8221;50px&#8221; _builder_version=&#8221;4.9.7&#8243; _module_preset=&#8221;default&#8221;][\/dsm_icon_divider][et_pb_shop type=&#8221;product_category&#8221; posts_number=&#8221;8&#8243; include_categories=&#8221;82&#8243; columns_number=&#8221;4&#8243; orderby=&#8221;popularity&#8221; _builder_version=&#8221;4.9.7&#8243; title_font=&#8221;Playfair Display|700|||||||&#8221; title_font_size=&#8221;16px&#8221; title_line_height=&#8221;1.6em&#8221; price_font=&#8221;Nunito Sans|700|||||||&#8221; price_text_color=&#8221;#ddb868&#8243; price_font_size=&#8221;18px&#8221; price_letter_spacing=&#8221;1px&#8221; price_line_height=&#8221;36px&#8221; text_orientation=&#8221;center&#8221; background_last_edited=&#8221;off|tablet&#8221;][\/et_pb_shop][\/et_pb_column][\/et_pb_row][et_pb_row _builder_version=&#8221;4.9.7&#8243; _module_preset=&#8221;default&#8221;][et_pb_column type=&#8221;4_4&#8243; _builder_version=&#8221;4.9.7&#8243; _module_preset=&#8221;default&#8221;][et_pb_text _builder_version=&#8221;4.9.7&#8243; header_font=&#8221;||||||||&#8221; header_2_font=&#8221;Playfair [&hellip;]<\/p>\n","protected":false},"author":1,"featured_media":0,"parent":0,"menu_order":0,"comment_status":"closed","ping_status":"closed","template":"","meta":{"_et_pb_use_builder":"on","_et_pb_old_content":"","_et_gb_content_width":"","footnotes":""},"yoast_head":"<!-- This site is optimized with the Yoast SEO plugin v21.0 - https:\/\/yoast.com\/wordpress\/plugins\/seo\/ -->\n<title>G\u0142\u00f3wna &bull; SmartLifeBook&#039;i<\/title>\n<meta name=\"robots\" content=\"index, follow, max-snippet:-1, max-image-preview:large, max-video-preview:-1\" \/>\n<link rel=\"canonical\" href=\"https:\/\/wikilistka.pl\/sklep\/\" \/>\n<meta property=\"og:locale\" content=\"pl_PL\" \/>\n<meta property=\"og:type\" content=\"article\" \/>\n<meta property=\"og:title\" content=\"W SmartEDU pi\u0119knie pomagamy ZROZUMIE\u0106 | Plakaty, wk\u0142adki do zeszyt\u00f3w, podk\u0142adki na biurko z alfabetem i nie tylko\" \/>\n<meta property=\"og:description\" content=\"Mamy idealne rozwi\u0105zanie dla dzieci 3-10 lat, kt\u00f3re wkraczaj\u0105 w \u015bwiat nauki liter, cyferek czy tabliczki mno\u017cenia oraz szerok\u0105 ofert\u0119 innych plakat\u00f3w. Sprawd\u017a sama &gt;&gt;&gt;\" \/>\n<meta property=\"og:url\" content=\"https:\/\/wikilistka.pl\/sklep\/\" \/>\n<meta property=\"og:site_name\" content=\"SmartLifeBook&#039;i\" \/>\n<meta property=\"article:modified_time\" content=\"2023-11-23T19:37:49+00:00\" \/>\n<meta property=\"og:image\" content=\"https:\/\/wikilistka.pl\/sklep\/wp-content\/uploads\/2020\/01\/reklama-FB-smartedu.jpg\" \/>\n\t<meta property=\"og:image:width\" content=\"1200\" \/>\n\t<meta property=\"og:image:height\" content=\"628\" \/>\n\t<meta property=\"og:image:type\" content=\"image\/jpeg\" \/>\n<meta name=\"twitter:card\" content=\"summary_large_image\" \/>\n<meta name=\"twitter:title\" content=\"SmartEDU gra z WO\u015aP! Do jutra 10 z\u0142 z ka\u017cdego zam\u00f3wionego produktu przeka\u017cemy na WO\u015aP!\" \/>\n<meta name=\"twitter:description\" content=\"Plakat z alfabetem, podk\u0142adka na biurko, wk\u0142adka do zeszytu? Z KA\u017bDEGO produktu zam\u00f3wionego do 14.01.2019 do ko\u0144ca dnia przeka\u017cemy 10z\u0142 na WO\u015aP!\" \/>\n<meta name=\"twitter:image\" content=\"https:\/\/wikilistka.pl\/sklep\/wp-content\/uploads\/2019\/01\/wosp-reklama-fb-plakaty-share.jpg\" \/>\n<meta name=\"twitter:label1\" content=\"Szacowany czas czytania\" \/>\n\t<meta name=\"twitter:data1\" content=\"6 minut\" \/>\n<script type=\"application\/ld+json\" class=\"yoast-schema-graph\">{\"@context\":\"https:\/\/schema.org\",\"@graph\":[{\"@type\":\"WebPage\",\"@id\":\"https:\/\/wikilistka.pl\/sklep\/\",\"url\":\"https:\/\/wikilistka.pl\/sklep\/\",\"name\":\"G\u0142\u00f3wna &bull; SmartLifeBook&#039;i\",\"isPartOf\":{\"@id\":\"https:\/\/wikilistka.pl\/sklep\/#website\"},\"datePublished\":\"2018-05-15T19:38:14+00:00\",\"dateModified\":\"2023-11-23T19:37:49+00:00\",\"breadcrumb\":{\"@id\":\"https:\/\/wikilistka.pl\/sklep\/#breadcrumb\"},\"inLanguage\":\"pl-PL\",\"potentialAction\":[{\"@type\":\"ReadAction\",\"target\":[\"https:\/\/wikilistka.pl\/sklep\/\"]}]},{\"@type\":\"BreadcrumbList\",\"@id\":\"https:\/\/wikilistka.pl\/sklep\/#breadcrumb\",\"itemListElement\":[{\"@type\":\"ListItem\",\"position\":1,\"name\":\"Strona g\u0142\u00f3wna\",\"item\":\"https:\/\/wikilistka.pl\/sklep\/\"},{\"@type\":\"ListItem\",\"position\":2,\"name\":\"G\u0142\u00f3wna\"}]},{\"@type\":\"WebSite\",\"@id\":\"https:\/\/wikilistka.pl\/sklep\/#website\",\"url\":\"https:\/\/wikilistka.pl\/sklep\/\",\"name\":\"SmartEDU plakaty edukacyjne dla dzieci | alfabet\",\"description\":\"System efektywnego odgracania \u017cycia\",\"publisher\":{\"@id\":\"https:\/\/wikilistka.pl\/sklep\/#organization\"},\"potentialAction\":[{\"@type\":\"SearchAction\",\"target\":{\"@type\":\"EntryPoint\",\"urlTemplate\":\"https:\/\/wikilistka.pl\/sklep\/?s={search_term_string}\"},\"query-input\":\"required name=search_term_string\"}],\"inLanguage\":\"pl-PL\"},{\"@type\":\"Organization\",\"@id\":\"https:\/\/wikilistka.pl\/sklep\/#organization\",\"name\":\"Plakaty edukacyjne dla dzieci SmartEDU - alfabet, tabliczka mno\u017cenia, cyferki, literki\",\"url\":\"https:\/\/wikilistka.pl\/sklep\/\",\"logo\":{\"@type\":\"ImageObject\",\"inLanguage\":\"pl-PL\",\"@id\":\"https:\/\/wikilistka.pl\/sklep\/#\/schema\/logo\/image\/\",\"url\":\"https:\/\/wikilistka.pl\/sklep\/wp-content\/uploads\/2019\/11\/smartedu-logo-plakaty.png\",\"contentUrl\":\"https:\/\/wikilistka.pl\/sklep\/wp-content\/uploads\/2019\/11\/smartedu-logo-plakaty.png\",\"width\":500,\"height\":500,\"caption\":\"Plakaty edukacyjne dla dzieci SmartEDU - alfabet, tabliczka mno\u017cenia, cyferki, literki\"},\"image\":{\"@id\":\"https:\/\/wikilistka.pl\/sklep\/#\/schema\/logo\/image\/\"}}]}<\/script>\n<!-- \/ Yoast SEO plugin. -->","yoast_head_json":{"title":"G\u0142\u00f3wna &bull; SmartLifeBook&#039;i","robots":{"index":"index","follow":"follow","max-snippet":"max-snippet:-1","max-image-preview":"max-image-preview:large","max-video-preview":"max-video-preview:-1"},"canonical":"https:\/\/wikilistka.pl\/sklep\/","og_locale":"pl_PL","og_type":"article","og_title":"W SmartEDU pi\u0119knie pomagamy ZROZUMIE\u0106 | Plakaty, wk\u0142adki do zeszyt\u00f3w, podk\u0142adki na biurko z alfabetem i nie tylko","og_description":"Mamy idealne rozwi\u0105zanie dla dzieci 3-10 lat, kt\u00f3re wkraczaj\u0105 w \u015bwiat nauki liter, cyferek czy tabliczki mno\u017cenia oraz szerok\u0105 ofert\u0119 innych plakat\u00f3w. Sprawd\u017a sama >>>","og_url":"https:\/\/wikilistka.pl\/sklep\/","og_site_name":"SmartLifeBook&#039;i","article_modified_time":"2023-11-23T19:37:49+00:00","og_image":[{"width":1200,"height":628,"url":"https:\/\/wikilistka.pl\/sklep\/wp-content\/uploads\/2020\/01\/reklama-FB-smartedu.jpg","type":"image\/jpeg"}],"twitter_card":"summary_large_image","twitter_title":"SmartEDU gra z WO\u015aP! Do jutra 10 z\u0142 z ka\u017cdego zam\u00f3wionego produktu przeka\u017cemy na WO\u015aP!","twitter_description":"Plakat z alfabetem, podk\u0142adka na biurko, wk\u0142adka do zeszytu? Z KA\u017bDEGO produktu zam\u00f3wionego do 14.01.2019 do ko\u0144ca dnia przeka\u017cemy 10z\u0142 na WO\u015aP!","twitter_image":"https:\/\/wikilistka.pl\/sklep\/wp-content\/uploads\/2019\/01\/wosp-reklama-fb-plakaty-share.jpg","twitter_misc":{"Szacowany czas czytania":"6 minut"},"schema":{"@context":"https:\/\/schema.org","@graph":[{"@type":"WebPage","@id":"https:\/\/wikilistka.pl\/sklep\/","url":"https:\/\/wikilistka.pl\/sklep\/","name":"G\u0142\u00f3wna &bull; SmartLifeBook&#039;i","isPartOf":{"@id":"https:\/\/wikilistka.pl\/sklep\/#website"},"datePublished":"2018-05-15T19:38:14+00:00","dateModified":"2023-11-23T19:37:49+00:00","breadcrumb":{"@id":"https:\/\/wikilistka.pl\/sklep\/#breadcrumb"},"inLanguage":"pl-PL","potentialAction":[{"@type":"ReadAction","target":["https:\/\/wikilistka.pl\/sklep\/"]}]},{"@type":"BreadcrumbList","@id":"https:\/\/wikilistka.pl\/sklep\/#breadcrumb","itemListElement":[{"@type":"ListItem","position":1,"name":"Strona g\u0142\u00f3wna","item":"https:\/\/wikilistka.pl\/sklep\/"},{"@type":"ListItem","position":2,"name":"G\u0142\u00f3wna"}]},{"@type":"WebSite","@id":"https:\/\/wikilistka.pl\/sklep\/#website","url":"https:\/\/wikilistka.pl\/sklep\/","name":"SmartEDU plakaty edukacyjne dla dzieci | alfabet","description":"System efektywnego odgracania \u017cycia","publisher":{"@id":"https:\/\/wikilistka.pl\/sklep\/#organization"},"potentialAction":[{"@type":"SearchAction","target":{"@type":"EntryPoint","urlTemplate":"https:\/\/wikilistka.pl\/sklep\/?s={search_term_string}"},"query-input":"required name=search_term_string"}],"inLanguage":"pl-PL"},{"@type":"Organization","@id":"https:\/\/wikilistka.pl\/sklep\/#organization","name":"Plakaty edukacyjne dla dzieci SmartEDU - alfabet, tabliczka mno\u017cenia, cyferki, literki","url":"https:\/\/wikilistka.pl\/sklep\/","logo":{"@type":"ImageObject","inLanguage":"pl-PL","@id":"https:\/\/wikilistka.pl\/sklep\/#\/schema\/logo\/image\/","url":"https:\/\/wikilistka.pl\/sklep\/wp-content\/uploads\/2019\/11\/smartedu-logo-plakaty.png","contentUrl":"https:\/\/wikilistka.pl\/sklep\/wp-content\/uploads\/2019\/11\/smartedu-logo-plakaty.png","width":500,"height":500,"caption":"Plakaty edukacyjne dla dzieci SmartEDU - alfabet, tabliczka mno\u017cenia, cyferki, literki"},"image":{"@id":"https:\/\/wikilistka.pl\/sklep\/#\/schema\/logo\/image\/"}}]}},"_links":{"self":[{"href":"https:\/\/wikilistka.pl\/sklep\/wp-json\/wp\/v2\/pages\/649"}],"collection":[{"href":"https:\/\/wikilistka.pl\/sklep\/wp-json\/wp\/v2\/pages"}],"about":[{"href":"https:\/\/wikilistka.pl\/sklep\/wp-json\/wp\/v2\/types\/page"}],"author":[{"embeddable":true,"href":"https:\/\/wikilistka.pl\/sklep\/wp-json\/wp\/v2\/users\/1"}],"replies":[{"embeddable":true,"href":"https:\/\/wikilistka.pl\/sklep\/wp-json\/wp\/v2\/comments?post=649"}],"version-history":[{"count":105,"href":"https:\/\/wikilistka.pl\/sklep\/wp-json\/wp\/v2\/pages\/649\/revisions"}],"predecessor-version":[{"id":222648,"href":"https:\/\/wikilistka.pl\/sklep\/wp-json\/wp\/v2\/pages\/649\/revisions\/222648"}],"wp:attachment":[{"href":"https:\/\/wikilistka.pl\/sklep\/wp-json\/wp\/v2\/media?parent=649"}],"curies":[{"name":"wp","href":"https:\/\/api.w.org\/{rel}","templated":true}]}}