{"id":277,"date":"2017-11-19T15:14:51","date_gmt":"2017-11-19T14:14:51","guid":{"rendered":"http:\/\/wikilistka.pl\/sklep\/?page_id=277"},"modified":"2021-05-02T11:45:51","modified_gmt":"2021-05-02T09:45:51","slug":"polityka-prywatnosci","status":"publish","type":"page","link":"https:\/\/wikilistka.pl\/sklep\/polityka-prywatnosci\/","title":{"rendered":"Polityka prywatno\u015bci i cookies"},"content":{"rendered":"\n[et_pb_section fb_built=&#8221;1&#8243; admin_label=&#8221;section&#8221; _builder_version=&#8221;3.22&#8243;][et_pb_row admin_label=&#8221;row&#8221; _builder_version=&#8221;3.25&#8243; background_size=&#8221;initial&#8221; background_position=&#8221;top_left&#8221; background_repeat=&#8221;repeat&#8221;][et_pb_column type=&#8221;4_4&#8243; _builder_version=&#8221;3.25&#8243; custom_padding=&#8221;|||&#8221; custom_padding__hover=&#8221;|||&#8221;][et_pb_text admin_label=&#8221;Tekst&#8221; _builder_version=&#8221;3.27.4&#8243; background_size=&#8221;initial&#8221; background_position=&#8221;top_left&#8221; background_repeat=&#8221;repeat&#8221; use_border_color=&#8221;off&#8221; border_color=&#8221;#ffffff&#8221; border_style=&#8221;solid&#8221;]<p>Polityka prywatno\u015bci i cookies<\/p>\n<h1><strong>POLITYKA PRYWATNO\u015aCI<\/strong><\/h1>\n<p>Polityka prywatno\u015bci sklepu internetowego www.wikilistka.pl\/sklep<\/p>\n<p>Niniejsza Polityka Prywatno\u015bci okre\u015bla zasady przetwarzania i ochrony danych osobowych przekazanych przez U\u017cytkownik\u00f3w w zwi\u0105zku z korzystaniem przez nich ze sklepu internetowego.<\/p>\n<p>1. Administratorem danych osobowych zbieranych przez Sklep jest Totamto sp. z o.o. z siedzib\u0105 w Warszawie przy ul. Konstantego Ildefonsa Ga\u0142czy\u0144skiego 4\/901 wpisan\u0105 do Krajowego Rejestru S\u0105dowego przez S\u0105d Rejonowy dla st. Warszawy w Warszawie, XII Wydzia\u0142 Gospodarczy KRS pod numerem KRS 0000896538, NIP 5252860354.<\/p>\n<p>2. Sklep zbiera nast\u0119puj\u0105ce dane osobowe:<br \/> a) W celu: dokonywania zakup\u00f3w, rejestracji konta Klienta lub w celu wype\u0142nienia formularza zam\u00f3wienia:<br \/> \u2013 imi\u0119 i nazwisko,<br \/> \u2013 dane adresowe (ulica i numer domu\/mieszkania, miejscowo\u015b\u0107, kraj)<br \/> \u2013 adres e-mail,<br \/> \u2013 dane kontaktowe (telefon lub telefon kom\u00f3rkowy),<br \/> b) W celach marketingowych (zapis do newslettera):<br \/> \u2013 adres e-mail.<\/p>\n<p>3. Podanie danych okre\u015blonych w pkt. 2a jest dobrowolne, aczkolwiek niezb\u0119dne do dokonania odpowiednio: rejestracji konta, zakupu towaru, wype\u0142nienia formularza zam\u00f3wienia.<\/p>\n<p>4. Podanie danych oznaczonych w pkt. 2b oznacza, i\u017c wskazany adres e-mail b\u0119dzie wykorzystywany w celu wysy\u0142ania wiadomo\u015bci (w szczeg\u00f3lno\u015bci informacji handlowych w rozumieniu Ustawy z dnia 18 lipca 2002 r. o \u015bwiadczeniu us\u0142ug drog\u0105 elektroniczn\u0105 (Dz. U. 2002 Nr 144, poz. 1204 z p\u00f3\u017an. zm.). Zgoda mo\u017ce zosta\u0107 cofni\u0119ta w dowolnym momencie.<\/p>\n<p>5. W przypadku zawarcia umowy sprzeda\u017cy i wybraniu przez Klienta odpowiedniego sposobu dostawy Sklep mo\u017ce udost\u0119pnia\u0107 firmom kurierskim dane osobowe niezb\u0119dne do realizacji zam\u00f3wienia.<\/p>\n<p>6. Sklep udost\u0119pnia \u015brodki techniczne i organizacyjne zapobiegaj\u0105ce pozyskiwaniu i modyfikowaniu przez osoby nieuprawnione danych osobowych przysy\u0142anych drog\u0105 elektroniczn\u0105, w szczeg\u00f3lno\u015bci:<br \/> \u2013 umo\u017cliwia dost\u0119p do Konta jedynie po podaniu prawid\u0142owego loginu i has\u0142a.<br \/> \u2013 zabezpiecza dane przed przetwarzaniem przez nieuprawnione osoby.<\/p>\n<p>7. Zobowi\u0105zani s\u0105 Pa\u0144stwo do nieudost\u0119pnienia swojego has\u0142a i loginu osobom trzecim. Nale\u017cy pami\u0119ta\u0107 o ka\u017cdorazowym wylogowaniu si\u0119 z konta Klienta po zako\u0144czeniu korzystania ze strony Sklepu. Ponadto nale\u017cy zachowa\u0107 szczeg\u00f3ln\u0105 ostro\u017cno\u015b\u0107 w przypadku korzystania z komputer\u00f3w znajduj\u0105cych si\u0119 w miejscach publicznych lub dost\u0119pnych dla wielu os\u00f3b.<\/p>\n<p>8. W ka\u017cdym czasie maj\u0105 pa\u0144stwo mo\u017cliwo\u015b\u0107:<br \/> a) podgl\u0105du i edycji danych w ramach Konta Klienta.<br \/> b) dost\u0119pu do tre\u015bci swoich danych, ich poprawienia oraz \u017c\u0105dania usuni\u0119cia.<br \/> c) sprzeciwu wobec przetwarzania danych w celach marketingowych.<\/p>\n<p>9. W przypadku ch\u0119ci skorzystania z powy\u017cszych uprawnie\u0144 wystarczy skontaktowa\u0107 si\u0119 z Sklepem poprzez adres e-mail blog@wikilistka.pl. Na adres ten mog\u0105 pa\u0144stwo wysy\u0142a\u0107 tak\u017ce inne zapytania dotycz\u0105ce danych osobowych.<\/p>\n<h3><strong>POLITYKA COOKIES<\/strong><\/h3>\n<p><strong>Dlaczego i jak u\u017cywamy pliki Cookies?<\/strong><\/p>\n<p>Pliki \u201ecookies\u201d zapewniaj\u0105 naszym Klientom bezpiecze\u0144stwo i efektywno\u015b\u0107 korzystania ze sklepu internetowego. Pliki \u201ecookies\u201d umo\u017cliwiaj\u0105 mi\u0119dzy innymi logowanie do konta U\u017cytkownika sklepu, wyb\u00f3r opcji logowania oraz odpowiedni\u0105 personalizacj\u0119 wy\u015bwietlanych na stronie produkt\u00f3w i informacji. Niniejsza Polityka dotycz\u0105ca plik\u00f3w \u201ecookies\u201d wyja\u015bnia, czym s\u0105 pliki \u201ecookies\u201d, jakie s\u0105 regu\u0142y ich stosowania, oraz jakie p\u0142yn\u0105 korzy\u015bci z ich zastosowania.<\/p>\n<p><strong>Co to jest Cookies?<\/strong><\/p>\n<p>\u201eCookies\u201d s\u0105 to ma\u0142e pliki tekstowe, wysy\u0142ane i przechowywane na Pa\u0144stwa komputerze, smartfonie czy innych urz\u0105dzeniu, z kt\u00f3rego nast\u0119puj\u0119 po\u0142\u0105czenie z Internetem. Pliki te s\u0105 bardzo po\u017cyteczne, gdy\u017c pozwalaj\u0105 \u201estronie\u201d rozpozna\u0107 urz\u0105dzenie i odpowiednio si\u0119 wy\u015bwietli\u0107.<\/p>\n<p>&nbsp;<\/p>\n<p><strong>Jak mo\u017cna zarz\u0105dza\u0107 swoimi plikami Cookies?<\/strong><\/p>\n<p>Wi\u0119kszo\u015b\u0107 u\u017cywanych przegl\u0105darek, zar\u00f3wno na komputerach, jak i smartfonach czy innych urz\u0105dzeniach, domy\u015blnie akceptuje pliki \u201ecookies\u201d. Je\u015bli chc\u0105 Pa\u0144stwo zmieni\u0107 te domy\u015blne ustawienia dla tej czy innych stron internetowych mo\u017cna to zrobi\u0107 za pomoc\u0105 ustawie\u0144 w przegl\u0105darce. Je\u015bli nie s\u0105 Pa\u0144stwo pewni jak zmieni\u0107 te ustawienia, nale\u017cy skorzysta\u0107 z \u201epomocy\u201d w menu u\u017cywanej przegl\u0105darki.<\/p>\n<p>Zanim zdecyduj\u0105 si\u0119 Pa\u0144stwo zmieni\u0107 domy\u015blne ustawienia nale\u017cy pami\u0119ta\u0107 jednak, \u017ce wiele \u201ecookies\u201d pomaga w podniesieniu wygody korzystania ze strony. Wy\u0142\u0105czenie plik\u00f3w \u201ecookies\u201d mo\u017ce mie\u0107 wp\u0142yw na to jak b\u0119dzie si\u0119 wy\u015bwietla\u0107 nasza strona w przegl\u0105darce. Przyk\u0142adowo po wy\u0142\u0105czeniu \u201ecookies\u201d b\u0119d\u0105 mogli Pa\u0144stwo widzie\u0107 prawid\u0142owo wygl\u0105daj\u0105cy nasz sklep, ale nie b\u0119d\u0105 mogli Pa\u0144stwo zalogowa\u0107 si\u0119 na swoje konto lub dokona\u0107 zakup\u00f3w.<\/p>[\/et_pb_text][\/et_pb_column][\/et_pb_row][\/et_pb_section]\n","protected":false},"excerpt":{"rendered":"","protected":false},"author":1,"featured_media":0,"parent":0,"menu_order":0,"comment_status":"closed","ping_status":"closed","template":"","meta":{"_et_pb_use_builder":"on","_et_pb_old_content":"","_et_gb_content_width":"","footnotes":""},"yoast_head":"<!-- This site is optimized with the Yoast SEO plugin v21.0 - https:\/\/yoast.com\/wordpress\/plugins\/seo\/ -->\n<title>Polityka prywatno\u015bci i cookies &bull; SmartLifeBook&#039;i<\/title>\n<meta name=\"robots\" content=\"noindex, nofollow\" \/>\n<meta property=\"og:locale\" content=\"pl_PL\" \/>\n<meta property=\"og:type\" content=\"article\" \/>\n<meta property=\"og:title\" content=\"Polityka prywatno\u015bci i cookies &bull; SmartLifeBook&#039;i\" \/>\n<meta property=\"og:url\" content=\"https:\/\/wikilistka.pl\/sklep\/polityka-prywatnosci\/\" \/>\n<meta property=\"og:site_name\" content=\"SmartLifeBook&#039;i\" \/>\n<meta property=\"article:modified_time\" content=\"2021-05-02T09:45:51+00:00\" \/>\n<meta name=\"twitter:card\" content=\"summary_large_image\" \/>\n<meta name=\"twitter:label1\" content=\"Szacowany czas czytania\" \/>\n\t<meta name=\"twitter:data1\" content=\"3 minuty\" \/>\n<script type=\"application\/ld+json\" class=\"yoast-schema-graph\">{\"@context\":\"https:\/\/schema.org\",\"@graph\":[{\"@type\":\"WebPage\",\"@id\":\"https:\/\/wikilistka.pl\/sklep\/polityka-prywatnosci\/\",\"url\":\"https:\/\/wikilistka.pl\/sklep\/polityka-prywatnosci\/\",\"name\":\"Polityka prywatno\u015bci i cookies &bull; SmartLifeBook&#039;i\",\"isPartOf\":{\"@id\":\"https:\/\/wikilistka.pl\/sklep\/#website\"},\"datePublished\":\"2017-11-19T14:14:51+00:00\",\"dateModified\":\"2021-05-02T09:45:51+00:00\",\"breadcrumb\":{\"@id\":\"https:\/\/wikilistka.pl\/sklep\/polityka-prywatnosci\/#breadcrumb\"},\"inLanguage\":\"pl-PL\",\"potentialAction\":[{\"@type\":\"ReadAction\",\"target\":[\"https:\/\/wikilistka.pl\/sklep\/polityka-prywatnosci\/\"]}]},{\"@type\":\"BreadcrumbList\",\"@id\":\"https:\/\/wikilistka.pl\/sklep\/polityka-prywatnosci\/#breadcrumb\",\"itemListElement\":[{\"@type\":\"ListItem\",\"position\":1,\"name\":\"Strona g\u0142\u00f3wna\",\"item\":\"https:\/\/wikilistka.pl\/sklep\/\"},{\"@type\":\"ListItem\",\"position\":2,\"name\":\"Polityka prywatno\u015bci i cookies\"}]},{\"@type\":\"WebSite\",\"@id\":\"https:\/\/wikilistka.pl\/sklep\/#website\",\"url\":\"https:\/\/wikilistka.pl\/sklep\/\",\"name\":\"SmartEDU plakaty edukacyjne dla dzieci | alfabet\",\"description\":\"System efektywnego odgracania \u017cycia\",\"publisher\":{\"@id\":\"https:\/\/wikilistka.pl\/sklep\/#organization\"},\"potentialAction\":[{\"@type\":\"SearchAction\",\"target\":{\"@type\":\"EntryPoint\",\"urlTemplate\":\"https:\/\/wikilistka.pl\/sklep\/?s={search_term_string}\"},\"query-input\":\"required name=search_term_string\"}],\"inLanguage\":\"pl-PL\"},{\"@type\":\"Organization\",\"@id\":\"https:\/\/wikilistka.pl\/sklep\/#organization\",\"name\":\"Plakaty edukacyjne dla dzieci SmartEDU - alfabet, tabliczka mno\u017cenia, cyferki, literki\",\"url\":\"https:\/\/wikilistka.pl\/sklep\/\",\"logo\":{\"@type\":\"ImageObject\",\"inLanguage\":\"pl-PL\",\"@id\":\"https:\/\/wikilistka.pl\/sklep\/#\/schema\/logo\/image\/\",\"url\":\"https:\/\/wikilistka.pl\/sklep\/wp-content\/uploads\/2019\/11\/smartedu-logo-plakaty.png\",\"contentUrl\":\"https:\/\/wikilistka.pl\/sklep\/wp-content\/uploads\/2019\/11\/smartedu-logo-plakaty.png\",\"width\":500,\"height\":500,\"caption\":\"Plakaty edukacyjne dla dzieci SmartEDU - alfabet, tabliczka mno\u017cenia, cyferki, literki\"},\"image\":{\"@id\":\"https:\/\/wikilistka.pl\/sklep\/#\/schema\/logo\/image\/\"}}]}<\/script>\n<!-- \/ Yoast SEO plugin. -->","yoast_head_json":{"title":"Polityka prywatno\u015bci i cookies &bull; SmartLifeBook&#039;i","robots":{"index":"noindex","follow":"nofollow"},"og_locale":"pl_PL","og_type":"article","og_title":"Polityka prywatno\u015bci i cookies &bull; SmartLifeBook&#039;i","og_url":"https:\/\/wikilistka.pl\/sklep\/polityka-prywatnosci\/","og_site_name":"SmartLifeBook&#039;i","article_modified_time":"2021-05-02T09:45:51+00:00","twitter_card":"summary_large_image","twitter_misc":{"Szacowany czas czytania":"3 minuty"},"schema":{"@context":"https:\/\/schema.org","@graph":[{"@type":"WebPage","@id":"https:\/\/wikilistka.pl\/sklep\/polityka-prywatnosci\/","url":"https:\/\/wikilistka.pl\/sklep\/polityka-prywatnosci\/","name":"Polityka prywatno\u015bci i cookies &bull; SmartLifeBook&#039;i","isPartOf":{"@id":"https:\/\/wikilistka.pl\/sklep\/#website"},"datePublished":"2017-11-19T14:14:51+00:00","dateModified":"2021-05-02T09:45:51+00:00","breadcrumb":{"@id":"https:\/\/wikilistka.pl\/sklep\/polityka-prywatnosci\/#breadcrumb"},"inLanguage":"pl-PL","potentialAction":[{"@type":"ReadAction","target":["https:\/\/wikilistka.pl\/sklep\/polityka-prywatnosci\/"]}]},{"@type":"BreadcrumbList","@id":"https:\/\/wikilistka.pl\/sklep\/polityka-prywatnosci\/#breadcrumb","itemListElement":[{"@type":"ListItem","position":1,"name":"Strona g\u0142\u00f3wna","item":"https:\/\/wikilistka.pl\/sklep\/"},{"@type":"ListItem","position":2,"name":"Polityka prywatno\u015bci i cookies"}]},{"@type":"WebSite","@id":"https:\/\/wikilistka.pl\/sklep\/#website","url":"https:\/\/wikilistka.pl\/sklep\/","name":"SmartEDU plakaty edukacyjne dla dzieci | alfabet","description":"System efektywnego odgracania \u017cycia","publisher":{"@id":"https:\/\/wikilistka.pl\/sklep\/#organization"},"potentialAction":[{"@type":"SearchAction","target":{"@type":"EntryPoint","urlTemplate":"https:\/\/wikilistka.pl\/sklep\/?s={search_term_string}"},"query-input":"required name=search_term_string"}],"inLanguage":"pl-PL"},{"@type":"Organization","@id":"https:\/\/wikilistka.pl\/sklep\/#organization","name":"Plakaty edukacyjne dla dzieci SmartEDU - alfabet, tabliczka mno\u017cenia, cyferki, literki","url":"https:\/\/wikilistka.pl\/sklep\/","logo":{"@type":"ImageObject","inLanguage":"pl-PL","@id":"https:\/\/wikilistka.pl\/sklep\/#\/schema\/logo\/image\/","url":"https:\/\/wikilistka.pl\/sklep\/wp-content\/uploads\/2019\/11\/smartedu-logo-plakaty.png","contentUrl":"https:\/\/wikilistka.pl\/sklep\/wp-content\/uploads\/2019\/11\/smartedu-logo-plakaty.png","width":500,"height":500,"caption":"Plakaty edukacyjne dla dzieci SmartEDU - alfabet, tabliczka mno\u017cenia, cyferki, literki"},"image":{"@id":"https:\/\/wikilistka.pl\/sklep\/#\/schema\/logo\/image\/"}}]}},"_links":{"self":[{"href":"https:\/\/wikilistka.pl\/sklep\/wp-json\/wp\/v2\/pages\/277"}],"collection":[{"href":"https:\/\/wikilistka.pl\/sklep\/wp-json\/wp\/v2\/pages"}],"about":[{"href":"https:\/\/wikilistka.pl\/sklep\/wp-json\/wp\/v2\/types\/page"}],"author":[{"embeddable":true,"href":"https:\/\/wikilistka.pl\/sklep\/wp-json\/wp\/v2\/users\/1"}],"replies":[{"embeddable":true,"href":"https:\/\/wikilistka.pl\/sklep\/wp-json\/wp\/v2\/comments?post=277"}],"version-history":[{"count":4,"href":"https:\/\/wikilistka.pl\/sklep\/wp-json\/wp\/v2\/pages\/277\/revisions"}],"predecessor-version":[{"id":222041,"href":"https:\/\/wikilistka.pl\/sklep\/wp-json\/wp\/v2\/pages\/277\/revisions\/222041"}],"wp:attachment":[{"href":"https:\/\/wikilistka.pl\/sklep\/wp-json\/wp\/v2\/media?parent=277"}],"curies":[{"name":"wp","href":"https:\/\/api.w.org\/{rel}","templated":true}]}}