{"id":18,"date":"2017-07-04T18:44:43","date_gmt":"2017-07-04T16:44:43","guid":{"rendered":"http:\/\/wikilistka.pl\/sklep\/?page_id=18"},"modified":"2020-06-06T11:31:10","modified_gmt":"2020-06-06T09:31:10","slug":"e-booki","status":"publish","type":"page","link":"https:\/\/wikilistka.pl\/sklep\/e-booki\/","title":{"rendered":"E-book&#8217;i"},"content":{"rendered":"","protected":false},"excerpt":{"rendered":"","protected":false},"author":1,"featured_media":0,"parent":0,"menu_order":0,"comment_status":"closed","ping_status":"closed","template":"","meta":{"_et_pb_use_builder":"on","_et_pb_old_content":"","_et_gb_content_width":"","footnotes":""},"yoast_head":"<!-- This site is optimized with the Yoast SEO plugin v21.0 - https:\/\/yoast.com\/wordpress\/plugins\/seo\/ -->\n<title>Sklep Wikilistka.pl - plakaty dla dzieci, edukacyjne, do druku<\/title>\n<meta name=\"description\" content=\"polski alfabet, lirerki cyferki i nie tylko. Edukacyjne plakaty dla dzieci, do druku i nie tylko. SMARTedu. Kliknij i zobacz- jak u\u0142atwiam codzienno\u015b\u0107 mam\" \/>\n<meta name=\"robots\" content=\"index, follow, max-snippet:-1, max-image-preview:large, max-video-preview:-1\" \/>\n<link rel=\"canonical\" href=\"https:\/\/wikilistka.pl\/sklep\/e-booki\/\" \/>\n<meta property=\"og:locale\" content=\"pl_PL\" \/>\n<meta property=\"og:type\" content=\"article\" \/>\n<meta property=\"og:title\" content=\"Twoje dziecko uczy si\u0119 literek i cyferek? Zobacz jedyne takie w Polsce edukacyjne plakaty SmartEDU\" \/>\n<meta property=\"og:description\" content=\"Ostatni moment, \u017ceby otrzymac przesy\u0142k\u0119 przed Wielkanoc\u0105!\" \/>\n<meta property=\"og:url\" content=\"https:\/\/wikilistka.pl\/sklep\/e-booki\/\" \/>\n<meta property=\"og:site_name\" content=\"SmartLifeBook&#039;i\" \/>\n<meta property=\"article:modified_time\" content=\"2020-06-06T09:31:10+00:00\" \/>\n<meta property=\"og:image\" content=\"https:\/\/wikilistka.pl\/sklep\/wp-content\/uploads\/2018\/03\/wiosna-plakaty.jpg\" \/>\n\t<meta property=\"og:image:width\" content=\"1200\" \/>\n\t<meta property=\"og:image:height\" content=\"628\" \/>\n\t<meta property=\"og:image:type\" content=\"image\/jpeg\" \/>\n<meta name=\"twitter:card\" content=\"summary_large_image\" \/>\n<meta name=\"twitter:title\" content=\"PREMIERA! Sklep Wikilistka.pl - zobacz autorskie plakaty edukacyjne dla dzieci!\" \/>\n<meta name=\"twitter:description\" content=\"Twoje dziecko uczy si\u0119 literek i cyferek? Zobacz jedyne w Polsce Plakaty edukacyjne dla dzieci - polski alfabet | cyferki - do druku i nie tylko\" \/>\n<meta name=\"twitter:image\" content=\"http:\/\/wikilistka.pl\/sklep\/wp-content\/uploads\/2017\/11\/reklama-fb-plakaty-share.jpg\" \/>\n<script type=\"application\/ld+json\" class=\"yoast-schema-graph\">{\"@context\":\"https:\/\/schema.org\",\"@graph\":[{\"@type\":\"WebPage\",\"@id\":\"https:\/\/wikilistka.pl\/sklep\/e-booki\/\",\"url\":\"https:\/\/wikilistka.pl\/sklep\/e-booki\/\",\"name\":\"Sklep Wikilistka.pl - plakaty dla dzieci, edukacyjne, do druku\",\"isPartOf\":{\"@id\":\"https:\/\/wikilistka.pl\/sklep\/#website\"},\"datePublished\":\"2017-07-04T16:44:43+00:00\",\"dateModified\":\"2020-06-06T09:31:10+00:00\",\"description\":\"polski alfabet, lirerki cyferki i nie tylko. Edukacyjne plakaty dla dzieci, do druku i nie tylko. SMARTedu. Kliknij i zobacz- jak u\u0142atwiam codzienno\u015b\u0107 mam\",\"breadcrumb\":{\"@id\":\"https:\/\/wikilistka.pl\/sklep\/e-booki\/#breadcrumb\"},\"inLanguage\":\"pl-PL\",\"potentialAction\":[{\"@type\":\"ReadAction\",\"target\":[\"https:\/\/wikilistka.pl\/sklep\/e-booki\/\"]}]},{\"@type\":\"BreadcrumbList\",\"@id\":\"https:\/\/wikilistka.pl\/sklep\/e-booki\/#breadcrumb\",\"itemListElement\":[{\"@type\":\"ListItem\",\"position\":1,\"name\":\"Strona g\u0142\u00f3wna\",\"item\":\"https:\/\/wikilistka.pl\/sklep\/\"},{\"@type\":\"ListItem\",\"position\":2,\"name\":\"E-book&#8217;i\"}]},{\"@type\":\"WebSite\",\"@id\":\"https:\/\/wikilistka.pl\/sklep\/#website\",\"url\":\"https:\/\/wikilistka.pl\/sklep\/\",\"name\":\"SmartEDU plakaty edukacyjne dla dzieci | alfabet\",\"description\":\"System efektywnego odgracania \u017cycia\",\"publisher\":{\"@id\":\"https:\/\/wikilistka.pl\/sklep\/#organization\"},\"potentialAction\":[{\"@type\":\"SearchAction\",\"target\":{\"@type\":\"EntryPoint\",\"urlTemplate\":\"https:\/\/wikilistka.pl\/sklep\/?s={search_term_string}\"},\"query-input\":\"required name=search_term_string\"}],\"inLanguage\":\"pl-PL\"},{\"@type\":\"Organization\",\"@id\":\"https:\/\/wikilistka.pl\/sklep\/#organization\",\"name\":\"Plakaty edukacyjne dla dzieci SmartEDU - alfabet, tabliczka mno\u017cenia, cyferki, literki\",\"url\":\"https:\/\/wikilistka.pl\/sklep\/\",\"logo\":{\"@type\":\"ImageObject\",\"inLanguage\":\"pl-PL\",\"@id\":\"https:\/\/wikilistka.pl\/sklep\/#\/schema\/logo\/image\/\",\"url\":\"https:\/\/wikilistka.pl\/sklep\/wp-content\/uploads\/2019\/11\/smartedu-logo-plakaty.png\",\"contentUrl\":\"https:\/\/wikilistka.pl\/sklep\/wp-content\/uploads\/2019\/11\/smartedu-logo-plakaty.png\",\"width\":500,\"height\":500,\"caption\":\"Plakaty edukacyjne dla dzieci SmartEDU - alfabet, tabliczka mno\u017cenia, cyferki, literki\"},\"image\":{\"@id\":\"https:\/\/wikilistka.pl\/sklep\/#\/schema\/logo\/image\/\"}}]}<\/script>\n<!-- \/ Yoast SEO plugin. -->","yoast_head_json":{"title":"Sklep Wikilistka.pl - plakaty dla dzieci, edukacyjne, do druku","description":"polski alfabet, lirerki cyferki i nie tylko. Edukacyjne plakaty dla dzieci, do druku i nie tylko. SMARTedu. Kliknij i zobacz- jak u\u0142atwiam codzienno\u015b\u0107 mam","robots":{"index":"index","follow":"follow","max-snippet":"max-snippet:-1","max-image-preview":"max-image-preview:large","max-video-preview":"max-video-preview:-1"},"canonical":"https:\/\/wikilistka.pl\/sklep\/e-booki\/","og_locale":"pl_PL","og_type":"article","og_title":"Twoje dziecko uczy si\u0119 literek i cyferek? Zobacz jedyne takie w Polsce edukacyjne plakaty SmartEDU","og_description":"Ostatni moment, \u017ceby otrzymac przesy\u0142k\u0119 przed Wielkanoc\u0105!","og_url":"https:\/\/wikilistka.pl\/sklep\/e-booki\/","og_site_name":"SmartLifeBook&#039;i","article_modified_time":"2020-06-06T09:31:10+00:00","og_image":[{"width":1200,"height":628,"url":"https:\/\/wikilistka.pl\/sklep\/wp-content\/uploads\/2018\/03\/wiosna-plakaty.jpg","type":"image\/jpeg"}],"twitter_card":"summary_large_image","twitter_title":"PREMIERA! Sklep Wikilistka.pl - zobacz autorskie plakaty edukacyjne dla dzieci!","twitter_description":"Twoje dziecko uczy si\u0119 literek i cyferek? Zobacz jedyne w Polsce Plakaty edukacyjne dla dzieci - polski alfabet | cyferki - do druku i nie tylko","twitter_image":"http:\/\/wikilistka.pl\/sklep\/wp-content\/uploads\/2017\/11\/reklama-fb-plakaty-share.jpg","schema":{"@context":"https:\/\/schema.org","@graph":[{"@type":"WebPage","@id":"https:\/\/wikilistka.pl\/sklep\/e-booki\/","url":"https:\/\/wikilistka.pl\/sklep\/e-booki\/","name":"Sklep Wikilistka.pl - plakaty dla dzieci, edukacyjne, do druku","isPartOf":{"@id":"https:\/\/wikilistka.pl\/sklep\/#website"},"datePublished":"2017-07-04T16:44:43+00:00","dateModified":"2020-06-06T09:31:10+00:00","description":"polski alfabet, lirerki cyferki i nie tylko. Edukacyjne plakaty dla dzieci, do druku i nie tylko. SMARTedu. Kliknij i zobacz- jak u\u0142atwiam codzienno\u015b\u0107 mam","breadcrumb":{"@id":"https:\/\/wikilistka.pl\/sklep\/e-booki\/#breadcrumb"},"inLanguage":"pl-PL","potentialAction":[{"@type":"ReadAction","target":["https:\/\/wikilistka.pl\/sklep\/e-booki\/"]}]},{"@type":"BreadcrumbList","@id":"https:\/\/wikilistka.pl\/sklep\/e-booki\/#breadcrumb","itemListElement":[{"@type":"ListItem","position":1,"name":"Strona g\u0142\u00f3wna","item":"https:\/\/wikilistka.pl\/sklep\/"},{"@type":"ListItem","position":2,"name":"E-book&#8217;i"}]},{"@type":"WebSite","@id":"https:\/\/wikilistka.pl\/sklep\/#website","url":"https:\/\/wikilistka.pl\/sklep\/","name":"SmartEDU plakaty edukacyjne dla dzieci | alfabet","description":"System efektywnego odgracania \u017cycia","publisher":{"@id":"https:\/\/wikilistka.pl\/sklep\/#organization"},"potentialAction":[{"@type":"SearchAction","target":{"@type":"EntryPoint","urlTemplate":"https:\/\/wikilistka.pl\/sklep\/?s={search_term_string}"},"query-input":"required name=search_term_string"}],"inLanguage":"pl-PL"},{"@type":"Organization","@id":"https:\/\/wikilistka.pl\/sklep\/#organization","name":"Plakaty edukacyjne dla dzieci SmartEDU - alfabet, tabliczka mno\u017cenia, cyferki, literki","url":"https:\/\/wikilistka.pl\/sklep\/","logo":{"@type":"ImageObject","inLanguage":"pl-PL","@id":"https:\/\/wikilistka.pl\/sklep\/#\/schema\/logo\/image\/","url":"https:\/\/wikilistka.pl\/sklep\/wp-content\/uploads\/2019\/11\/smartedu-logo-plakaty.png","contentUrl":"https:\/\/wikilistka.pl\/sklep\/wp-content\/uploads\/2019\/11\/smartedu-logo-plakaty.png","width":500,"height":500,"caption":"Plakaty edukacyjne dla dzieci SmartEDU - alfabet, tabliczka mno\u017cenia, cyferki, literki"},"image":{"@id":"https:\/\/wikilistka.pl\/sklep\/#\/schema\/logo\/image\/"}}]}},"_links":{"self":[{"href":"https:\/\/wikilistka.pl\/sklep\/wp-json\/wp\/v2\/pages\/18"}],"collection":[{"href":"https:\/\/wikilistka.pl\/sklep\/wp-json\/wp\/v2\/pages"}],"about":[{"href":"https:\/\/wikilistka.pl\/sklep\/wp-json\/wp\/v2\/types\/page"}],"author":[{"embeddable":true,"href":"https:\/\/wikilistka.pl\/sklep\/wp-json\/wp\/v2\/users\/1"}],"replies":[{"embeddable":true,"href":"https:\/\/wikilistka.pl\/sklep\/wp-json\/wp\/v2\/comments?post=18"}],"version-history":[{"count":39,"href":"https:\/\/wikilistka.pl\/sklep\/wp-json\/wp\/v2\/pages\/18\/revisions"}],"predecessor-version":[{"id":221407,"href":"https:\/\/wikilistka.pl\/sklep\/wp-json\/wp\/v2\/pages\/18\/revisions\/221407"}],"wp:attachment":[{"href":"https:\/\/wikilistka.pl\/sklep\/wp-json\/wp\/v2\/media?parent=18"}],"curies":[{"name":"wp","href":"https:\/\/api.w.org\/{rel}","templated":true}]}}